{"id":1396,"date":"2024-10-27T22:31:21","date_gmt":"2024-10-28T02:31:21","guid":{"rendered":"https:\/\/minaccessorie.com\/?post_type=product&#038;p=1396"},"modified":"2026-02-11T02:52:11","modified_gmt":"2026-02-11T07:52:11","slug":"accessoires-etoile","status":"publish","type":"product","link":"https:\/\/minaccessorie.com\/en\/product\/accessoires-etoile\/","title":{"rendered":"Accessoires \u00c9toile"},"content":{"rendered":"<ul>\n<li>Cette \u00e9l\u00e9gante cha\u00eene de t\u00e9l\u00e9phone allie raffinement et praticit\u00e9 avec une touche de style maritime.<\/li>\n<li>Con\u00e7ue avec une cha\u00eene en cuivre plaqu\u00e9 or 18 carats, elle se compose d&rsquo;anneaux entrelac\u00e9s pour un design chic et moderne.<\/li>\n<li>Quelques perles blanches, \u00e9voquant la puret\u00e9 et l\u2019\u00e9l\u00e9gance, sont d\u00e9licatement enfil\u00e9es, tandis qu\u2019un petit pendentif \u00e9toile de mer ajoute une note marine et po\u00e9tique \u00e0 l&rsquo;ensemble.<\/li>\n<li>L\u2019attache en macram\u00e9 blanc permet une fixation s\u00e9curis\u00e9e et ajustable.<\/li>\n<li>Parfaite pour celles et ceux qui recherchent un accessoire pratique sans sacrifier le style.<\/li>\n<li>cette cha\u00eene transforme votre t\u00e9l\u00e9phone en un v\u00e9ritable bijou de main.<\/li>\n<\/ul>","protected":false},"excerpt":{"rendered":"<ul>\n<li>Cette \u00e9l\u00e9gante cha\u00eene de t\u00e9l\u00e9phone allie raffinement et praticit\u00e9 avec une touche de style maritime.<\/li>\n<li>Quelques perles blanches, \u00e9voquant la puret\u00e9 et l\u2019\u00e9l\u00e9gance, sont d\u00e9licatement enfil\u00e9es, tandis qu\u2019un petit pendentif \u00e9toile de mer ajoute une note marine et po\u00e9tique \u00e0 l&rsquo;ensemble.<\/li>\n<\/ul>","protected":false},"featured_media":1351,"comment_status":"open","ping_status":"closed","template":"","meta":[],"product_brand":[],"product_cat":[54],"product_tag":[],"class_list":{"0":"post-1396","1":"product","2":"type-product","3":"status-publish","4":"has-post-thumbnail","6":"product_cat-accessoires-de-telephone","8":"first","9":"instock","10":"taxable","11":"shipping-taxable","12":"purchasable","13":"product-type-simple"},"yoast_head":"<!-- This site is optimized with the Yoast SEO plugin v27.3 - https:\/\/yoast.com\/product\/yoast-seo-wordpress\/ -->\n<title>Accessoires \u00c9toile - minaccessorie<\/title>\n<meta name=\"robots\" content=\"index, follow, max-snippet:-1, max-image-preview:large, max-video-preview:-1\" \/>\n<link rel=\"canonical\" href=\"https:\/\/minaccessorie.com\/en\/product\/accessoires-etoile\/\" \/>\n<meta property=\"og:locale\" content=\"en_US\" \/>\n<meta property=\"og:type\" content=\"article\" \/>\n<meta property=\"og:title\" content=\"Accessoires \u00c9toile - minaccessorie\" \/>\n<meta property=\"og:description\" content=\"Cette \u00e9l\u00e9gante cha\u00eene de t\u00e9l\u00e9phone allie raffinement et praticit\u00e9 avec une touche de style maritime.  Quelques perles blanches, \u00e9voquant la puret\u00e9 et l\u2019\u00e9l\u00e9gance, sont d\u00e9licatement enfil\u00e9es, tandis qu\u2019un petit pendentif \u00e9toile de mer ajoute une note marine et po\u00e9tique \u00e0 l&#039;ensemble.\" \/>\n<meta property=\"og:url\" content=\"https:\/\/minaccessorie.com\/en\/product\/accessoires-etoile\/\" \/>\n<meta property=\"og:site_name\" content=\"minaccessorie\" \/>\n<meta property=\"article:publisher\" content=\"https:\/\/www.facebook.com\/minaaccessories.tn\" \/>\n<meta property=\"article:modified_time\" content=\"2026-02-11T07:52:11+00:00\" \/>\n<meta property=\"og:image\" content=\"https:\/\/minaccessorie.com\/wp-content\/uploads\/2024\/10\/mina-accessories_-59.jpg\" \/>\n\t<meta property=\"og:image:width\" content=\"900\" \/>\n\t<meta property=\"og:image:height\" content=\"1350\" \/>\n\t<meta property=\"og:image:type\" content=\"image\/jpeg\" \/>\n<meta name=\"twitter:card\" content=\"summary_large_image\" \/>\n<meta name=\"twitter:label1\" content=\"Est. reading time\" \/>\n\t<meta name=\"twitter:data1\" content=\"1 minute\" \/>\n<script type=\"application\/ld+json\" class=\"yoast-schema-graph\">{\"@context\":\"https:\\\/\\\/schema.org\",\"@graph\":[{\"@type\":\"WebPage\",\"@id\":\"https:\\\/\\\/minaccessorie.com\\\/produit\\\/accessoires-etoile\\\/\",\"url\":\"https:\\\/\\\/minaccessorie.com\\\/produit\\\/accessoires-etoile\\\/\",\"name\":\"Accessoires \u00c9toile - minaccessorie\",\"isPartOf\":{\"@id\":\"https:\\\/\\\/minaccessorie.com\\\/#website\"},\"primaryImageOfPage\":{\"@id\":\"https:\\\/\\\/minaccessorie.com\\\/produit\\\/accessoires-etoile\\\/#primaryimage\"},\"image\":{\"@id\":\"https:\\\/\\\/minaccessorie.com\\\/produit\\\/accessoires-etoile\\\/#primaryimage\"},\"thumbnailUrl\":\"https:\\\/\\\/minaccessorie.com\\\/wp-content\\\/uploads\\\/2024\\\/10\\\/mina-accessories_-59.jpg\",\"datePublished\":\"2024-10-28T02:31:21+00:00\",\"dateModified\":\"2026-02-11T07:52:11+00:00\",\"breadcrumb\":{\"@id\":\"https:\\\/\\\/minaccessorie.com\\\/produit\\\/accessoires-etoile\\\/#breadcrumb\"},\"inLanguage\":\"en-CA\",\"potentialAction\":[{\"@type\":\"ReadAction\",\"target\":[\"https:\\\/\\\/minaccessorie.com\\\/produit\\\/accessoires-etoile\\\/\"]}]},{\"@type\":\"ImageObject\",\"inLanguage\":\"en-CA\",\"@id\":\"https:\\\/\\\/minaccessorie.com\\\/produit\\\/accessoires-etoile\\\/#primaryimage\",\"url\":\"https:\\\/\\\/minaccessorie.com\\\/wp-content\\\/uploads\\\/2024\\\/10\\\/mina-accessories_-59.jpg\",\"contentUrl\":\"https:\\\/\\\/minaccessorie.com\\\/wp-content\\\/uploads\\\/2024\\\/10\\\/mina-accessories_-59.jpg\",\"width\":900,\"height\":1350},{\"@type\":\"BreadcrumbList\",\"@id\":\"https:\\\/\\\/minaccessorie.com\\\/produit\\\/accessoires-etoile\\\/#breadcrumb\",\"itemListElement\":[{\"@type\":\"ListItem\",\"position\":1,\"name\":\"Accueil\",\"item\":\"https:\\\/\\\/minaccessorie.com\\\/\"},{\"@type\":\"ListItem\",\"position\":2,\"name\":\"Boutique\",\"item\":\"https:\\\/\\\/minaccessorie.com\\\/boutique\\\/\"},{\"@type\":\"ListItem\",\"position\":3,\"name\":\"Accessoires \u00c9toile\"}]},{\"@type\":\"WebSite\",\"@id\":\"https:\\\/\\\/minaccessorie.com\\\/#website\",\"url\":\"https:\\\/\\\/minaccessorie.com\\\/\",\"name\":\"minaccessorie\",\"description\":\"minaccessorie\",\"publisher\":{\"@id\":\"https:\\\/\\\/minaccessorie.com\\\/#organization\"},\"potentialAction\":[{\"@type\":\"SearchAction\",\"target\":{\"@type\":\"EntryPoint\",\"urlTemplate\":\"https:\\\/\\\/minaccessorie.com\\\/?s={search_term_string}\"},\"query-input\":{\"@type\":\"PropertyValueSpecification\",\"valueRequired\":true,\"valueName\":\"search_term_string\"}}],\"inLanguage\":\"en-CA\"},{\"@type\":\"Organization\",\"@id\":\"https:\\\/\\\/minaccessorie.com\\\/#organization\",\"name\":\"minaccessorie\",\"url\":\"https:\\\/\\\/minaccessorie.com\\\/\",\"logo\":{\"@type\":\"ImageObject\",\"inLanguage\":\"en-CA\",\"@id\":\"https:\\\/\\\/minaccessorie.com\\\/#\\\/schema\\\/logo\\\/image\\\/\",\"url\":\"https:\\\/\\\/minaccessorie.com\\\/wp-content\\\/uploads\\\/2021\\\/04\\\/cropped-cropped-Logo-Minaccessorie-1.png\",\"contentUrl\":\"https:\\\/\\\/minaccessorie.com\\\/wp-content\\\/uploads\\\/2021\\\/04\\\/cropped-cropped-Logo-Minaccessorie-1.png\",\"width\":512,\"height\":511,\"caption\":\"minaccessorie\"},\"image\":{\"@id\":\"https:\\\/\\\/minaccessorie.com\\\/#\\\/schema\\\/logo\\\/image\\\/\"},\"sameAs\":[\"https:\\\/\\\/www.facebook.com\\\/minaaccessories.tn\",\"https:\\\/\\\/www.instagram.com\\\/minaccessorie\\\/\",\"https:\\\/\\\/www.pinterest.ca\\\/minaaccessoriesfromtunisia\\\/\",\"https:\\\/\\\/www.youtube.com\\\/channel\\\/UCn-CiGlAI6SmohIimHfDeVg\\\/featured\"]}]}<\/script>\n<!-- \/ Yoast SEO plugin. -->","yoast_head_json":{"title":"Accessoires \u00c9toile - minaccessorie","robots":{"index":"index","follow":"follow","max-snippet":"max-snippet:-1","max-image-preview":"max-image-preview:large","max-video-preview":"max-video-preview:-1"},"canonical":"https:\/\/minaccessorie.com\/en\/product\/accessoires-etoile\/","og_locale":"en_US","og_type":"article","og_title":"Accessoires \u00c9toile - minaccessorie","og_description":"Cette \u00e9l\u00e9gante cha\u00eene de t\u00e9l\u00e9phone allie raffinement et praticit\u00e9 avec une touche de style maritime.  Quelques perles blanches, \u00e9voquant la puret\u00e9 et l\u2019\u00e9l\u00e9gance, sont d\u00e9licatement enfil\u00e9es, tandis qu\u2019un petit pendentif \u00e9toile de mer ajoute une note marine et po\u00e9tique \u00e0 l'ensemble.","og_url":"https:\/\/minaccessorie.com\/en\/product\/accessoires-etoile\/","og_site_name":"minaccessorie","article_publisher":"https:\/\/www.facebook.com\/minaaccessories.tn","article_modified_time":"2026-02-11T07:52:11+00:00","og_image":[{"width":900,"height":1350,"url":"https:\/\/minaccessorie.com\/wp-content\/uploads\/2024\/10\/mina-accessories_-59.jpg","type":"image\/jpeg"}],"twitter_card":"summary_large_image","twitter_misc":{"Est. reading time":"1 minute"},"schema":{"@context":"https:\/\/schema.org","@graph":[{"@type":"WebPage","@id":"https:\/\/minaccessorie.com\/produit\/accessoires-etoile\/","url":"https:\/\/minaccessorie.com\/produit\/accessoires-etoile\/","name":"Accessoires \u00c9toile - minaccessorie","isPartOf":{"@id":"https:\/\/minaccessorie.com\/#website"},"primaryImageOfPage":{"@id":"https:\/\/minaccessorie.com\/produit\/accessoires-etoile\/#primaryimage"},"image":{"@id":"https:\/\/minaccessorie.com\/produit\/accessoires-etoile\/#primaryimage"},"thumbnailUrl":"https:\/\/minaccessorie.com\/wp-content\/uploads\/2024\/10\/mina-accessories_-59.jpg","datePublished":"2024-10-28T02:31:21+00:00","dateModified":"2026-02-11T07:52:11+00:00","breadcrumb":{"@id":"https:\/\/minaccessorie.com\/produit\/accessoires-etoile\/#breadcrumb"},"inLanguage":"en-CA","potentialAction":[{"@type":"ReadAction","target":["https:\/\/minaccessorie.com\/produit\/accessoires-etoile\/"]}]},{"@type":"ImageObject","inLanguage":"en-CA","@id":"https:\/\/minaccessorie.com\/produit\/accessoires-etoile\/#primaryimage","url":"https:\/\/minaccessorie.com\/wp-content\/uploads\/2024\/10\/mina-accessories_-59.jpg","contentUrl":"https:\/\/minaccessorie.com\/wp-content\/uploads\/2024\/10\/mina-accessories_-59.jpg","width":900,"height":1350},{"@type":"BreadcrumbList","@id":"https:\/\/minaccessorie.com\/produit\/accessoires-etoile\/#breadcrumb","itemListElement":[{"@type":"ListItem","position":1,"name":"Accueil","item":"https:\/\/minaccessorie.com\/"},{"@type":"ListItem","position":2,"name":"Boutique","item":"https:\/\/minaccessorie.com\/boutique\/"},{"@type":"ListItem","position":3,"name":"Accessoires \u00c9toile"}]},{"@type":"WebSite","@id":"https:\/\/minaccessorie.com\/#website","url":"https:\/\/minaccessorie.com\/","name":"minaccessorie","description":"minaccessorie","publisher":{"@id":"https:\/\/minaccessorie.com\/#organization"},"potentialAction":[{"@type":"SearchAction","target":{"@type":"EntryPoint","urlTemplate":"https:\/\/minaccessorie.com\/?s={search_term_string}"},"query-input":{"@type":"PropertyValueSpecification","valueRequired":true,"valueName":"search_term_string"}}],"inLanguage":"en-CA"},{"@type":"Organization","@id":"https:\/\/minaccessorie.com\/#organization","name":"minaccessorie","url":"https:\/\/minaccessorie.com\/","logo":{"@type":"ImageObject","inLanguage":"en-CA","@id":"https:\/\/minaccessorie.com\/#\/schema\/logo\/image\/","url":"https:\/\/minaccessorie.com\/wp-content\/uploads\/2021\/04\/cropped-cropped-Logo-Minaccessorie-1.png","contentUrl":"https:\/\/minaccessorie.com\/wp-content\/uploads\/2021\/04\/cropped-cropped-Logo-Minaccessorie-1.png","width":512,"height":511,"caption":"minaccessorie"},"image":{"@id":"https:\/\/minaccessorie.com\/#\/schema\/logo\/image\/"},"sameAs":["https:\/\/www.facebook.com\/minaaccessories.tn","https:\/\/www.instagram.com\/minaccessorie\/","https:\/\/www.pinterest.ca\/minaaccessoriesfromtunisia\/","https:\/\/www.youtube.com\/channel\/UCn-CiGlAI6SmohIimHfDeVg\/featured"]}]}},"_links":{"self":[{"href":"https:\/\/minaccessorie.com\/en\/wp-json\/wp\/v2\/product\/1396","targetHints":{"allow":["GET"]}}],"collection":[{"href":"https:\/\/minaccessorie.com\/en\/wp-json\/wp\/v2\/product"}],"about":[{"href":"https:\/\/minaccessorie.com\/en\/wp-json\/wp\/v2\/types\/product"}],"replies":[{"embeddable":true,"href":"https:\/\/minaccessorie.com\/en\/wp-json\/wp\/v2\/comments?post=1396"}],"wp:featuredmedia":[{"embeddable":true,"href":"https:\/\/minaccessorie.com\/en\/wp-json\/wp\/v2\/media\/1351"}],"wp:attachment":[{"href":"https:\/\/minaccessorie.com\/en\/wp-json\/wp\/v2\/media?parent=1396"}],"wp:term":[{"taxonomy":"product_brand","embeddable":true,"href":"https:\/\/minaccessorie.com\/en\/wp-json\/wp\/v2\/product_brand?post=1396"},{"taxonomy":"product_cat","embeddable":true,"href":"https:\/\/minaccessorie.com\/en\/wp-json\/wp\/v2\/product_cat?post=1396"},{"taxonomy":"product_tag","embeddable":true,"href":"https:\/\/minaccessorie.com\/en\/wp-json\/wp\/v2\/product_tag?post=1396"}],"curies":[{"name":"wp","href":"https:\/\/api.w.org\/{rel}","templated":true}]}}