{"id":1414,"date":"2024-10-28T10:40:22","date_gmt":"2024-10-28T14:40:22","guid":{"rendered":"https:\/\/minaccessorie.com\/?post_type=product&#038;p=1414"},"modified":"2026-04-20T23:01:21","modified_gmt":"2026-04-21T03:01:21","slug":"parure-royale-orange","status":"publish","type":"product","link":"https:\/\/minaccessorie.com\/en\/product\/parure-royale-orange\/","title":{"rendered":"Parure Royale Orange"},"content":{"rendered":"<ul>\n<li>Parure comprend un collier et un bracelet r\u00e9alis\u00e9s en cuivre plaqu\u00e9 or 18K, orn\u00e9s de pierres en agate orange.\u00a0 les pierres de l&rsquo;agate orange \u00e9voque la chaleur et l&rsquo;\u00e9nergie. Le bracelet assorti, \u00e9l\u00e9gant et raffin\u00e9, compl\u00e8te ce look en \u00e9voquant une \u00e9l\u00e9gance royale et intemporelle.<strong>Caract\u00e9ristiques de l&rsquo;Agate Orange :<\/strong>L&rsquo;agate orange est une pierre semi-pr\u00e9cieuse connue pour ses propri\u00e9t\u00e9s apaisantes et \u00e9quilibrantes. Elle est souvent associ\u00e9e \u00e0 l&rsquo;\u00e9nergie, \u00e0 la cr\u00e9ativit\u00e9 et \u00e0 la confiance en soi, favorisant un sentiment de s\u00e9curit\u00e9 et de stabilit\u00e9 int\u00e9rieure. Sur le plan spirituel, l&rsquo;agate orange est cens\u00e9e aider \u00e0 calmer l&rsquo;esprit, \u00e0 r\u00e9duire le stress et \u00e0 inspirer une \u00e9nergie positive.<\/li>\n<\/ul>\n<p>&nbsp;<\/p>","protected":false},"excerpt":{"rendered":"<ul>\n<li>Parure comprend un collier et un bracelet r\u00e9alis\u00e9s en cuivre plaqu\u00e9 or 18K, orn\u00e9s de pierres en agate orange.\u00a0 les pierres de l&rsquo;agate orange \u00e9voque la chaleur et l&rsquo;\u00e9nergie. Le bracelet assorti, \u00e9l\u00e9gant et raffin\u00e9, compl\u00e8te ce look en \u00e9voquant une \u00e9l\u00e9gance royale et intemporelle.<\/li>\n<\/ul>","protected":false},"featured_media":1685,"comment_status":"open","ping_status":"closed","template":"","meta":[],"product_brand":[],"product_cat":[31],"product_tag":[],"class_list":{"0":"post-1414","1":"product","2":"type-product","3":"status-publish","4":"has-post-thumbnail","6":"product_cat-parures","8":"first","9":"instock","10":"taxable","11":"shipping-taxable","12":"purchasable","13":"product-type-simple"},"yoast_head":"<!-- This site is optimized with the Yoast SEO plugin v27.3 - https:\/\/yoast.com\/product\/yoast-seo-wordpress\/ -->\n<title>Parure Royale Orange - minaccessorie<\/title>\n<meta name=\"robots\" content=\"index, follow, max-snippet:-1, max-image-preview:large, max-video-preview:-1\" \/>\n<link rel=\"canonical\" href=\"https:\/\/minaccessorie.com\/en\/product\/parure-royale-orange\/\" \/>\n<meta property=\"og:locale\" content=\"en_US\" \/>\n<meta property=\"og:type\" content=\"article\" \/>\n<meta property=\"og:title\" content=\"Parure Royale Orange - minaccessorie\" \/>\n<meta property=\"og:description\" content=\"Parure comprend un collier et un bracelet r\u00e9alis\u00e9s en cuivre plaqu\u00e9 or 18K, orn\u00e9s de pierres en agate orange.\u00a0 les pierres de l&#039;agate orange \u00e9voque la chaleur et l&#039;\u00e9nergie. Le bracelet assorti, \u00e9l\u00e9gant et raffin\u00e9, compl\u00e8te ce look en \u00e9voquant une \u00e9l\u00e9gance royale et intemporelle.\" \/>\n<meta property=\"og:url\" content=\"https:\/\/minaccessorie.com\/en\/product\/parure-royale-orange\/\" \/>\n<meta property=\"og:site_name\" content=\"minaccessorie\" \/>\n<meta property=\"article:publisher\" content=\"https:\/\/www.facebook.com\/minaaccessories.tn\" \/>\n<meta property=\"article:modified_time\" content=\"2026-04-21T03:01:21+00:00\" \/>\n<meta property=\"og:image\" content=\"https:\/\/minaccessorie.com\/wp-content\/uploads\/2024\/10\/collier-1.png\" \/>\n\t<meta property=\"og:image:width\" content=\"1024\" \/>\n\t<meta property=\"og:image:height\" content=\"1024\" \/>\n\t<meta property=\"og:image:type\" content=\"image\/png\" \/>\n<meta name=\"twitter:card\" content=\"summary_large_image\" \/>\n<meta name=\"twitter:label1\" content=\"Est. reading time\" \/>\n\t<meta name=\"twitter:data1\" content=\"1 minute\" \/>\n<script type=\"application\/ld+json\" class=\"yoast-schema-graph\">{\"@context\":\"https:\\\/\\\/schema.org\",\"@graph\":[{\"@type\":\"WebPage\",\"@id\":\"https:\\\/\\\/minaccessorie.com\\\/produit\\\/parure-royale-orange\\\/\",\"url\":\"https:\\\/\\\/minaccessorie.com\\\/produit\\\/parure-royale-orange\\\/\",\"name\":\"Parure Royale Orange - minaccessorie\",\"isPartOf\":{\"@id\":\"https:\\\/\\\/minaccessorie.com\\\/#website\"},\"primaryImageOfPage\":{\"@id\":\"https:\\\/\\\/minaccessorie.com\\\/produit\\\/parure-royale-orange\\\/#primaryimage\"},\"image\":{\"@id\":\"https:\\\/\\\/minaccessorie.com\\\/produit\\\/parure-royale-orange\\\/#primaryimage\"},\"thumbnailUrl\":\"https:\\\/\\\/minaccessorie.com\\\/wp-content\\\/uploads\\\/2024\\\/10\\\/collier-1.png\",\"datePublished\":\"2024-10-28T14:40:22+00:00\",\"dateModified\":\"2026-04-21T03:01:21+00:00\",\"breadcrumb\":{\"@id\":\"https:\\\/\\\/minaccessorie.com\\\/produit\\\/parure-royale-orange\\\/#breadcrumb\"},\"inLanguage\":\"en-CA\",\"potentialAction\":[{\"@type\":\"ReadAction\",\"target\":[\"https:\\\/\\\/minaccessorie.com\\\/produit\\\/parure-royale-orange\\\/\"]}]},{\"@type\":\"ImageObject\",\"inLanguage\":\"en-CA\",\"@id\":\"https:\\\/\\\/minaccessorie.com\\\/produit\\\/parure-royale-orange\\\/#primaryimage\",\"url\":\"https:\\\/\\\/minaccessorie.com\\\/wp-content\\\/uploads\\\/2024\\\/10\\\/collier-1.png\",\"contentUrl\":\"https:\\\/\\\/minaccessorie.com\\\/wp-content\\\/uploads\\\/2024\\\/10\\\/collier-1.png\",\"width\":1024,\"height\":1024},{\"@type\":\"BreadcrumbList\",\"@id\":\"https:\\\/\\\/minaccessorie.com\\\/produit\\\/parure-royale-orange\\\/#breadcrumb\",\"itemListElement\":[{\"@type\":\"ListItem\",\"position\":1,\"name\":\"Accueil\",\"item\":\"https:\\\/\\\/minaccessorie.com\\\/\"},{\"@type\":\"ListItem\",\"position\":2,\"name\":\"Boutique\",\"item\":\"https:\\\/\\\/minaccessorie.com\\\/boutique\\\/\"},{\"@type\":\"ListItem\",\"position\":3,\"name\":\"Parure Royale Orange\"}]},{\"@type\":\"WebSite\",\"@id\":\"https:\\\/\\\/minaccessorie.com\\\/#website\",\"url\":\"https:\\\/\\\/minaccessorie.com\\\/\",\"name\":\"minaccessorie\",\"description\":\"minaccessorie\",\"publisher\":{\"@id\":\"https:\\\/\\\/minaccessorie.com\\\/#organization\"},\"potentialAction\":[{\"@type\":\"SearchAction\",\"target\":{\"@type\":\"EntryPoint\",\"urlTemplate\":\"https:\\\/\\\/minaccessorie.com\\\/?s={search_term_string}\"},\"query-input\":{\"@type\":\"PropertyValueSpecification\",\"valueRequired\":true,\"valueName\":\"search_term_string\"}}],\"inLanguage\":\"en-CA\"},{\"@type\":\"Organization\",\"@id\":\"https:\\\/\\\/minaccessorie.com\\\/#organization\",\"name\":\"minaccessorie\",\"url\":\"https:\\\/\\\/minaccessorie.com\\\/\",\"logo\":{\"@type\":\"ImageObject\",\"inLanguage\":\"en-CA\",\"@id\":\"https:\\\/\\\/minaccessorie.com\\\/#\\\/schema\\\/logo\\\/image\\\/\",\"url\":\"https:\\\/\\\/minaccessorie.com\\\/wp-content\\\/uploads\\\/2021\\\/04\\\/cropped-cropped-Logo-Minaccessorie-1.png\",\"contentUrl\":\"https:\\\/\\\/minaccessorie.com\\\/wp-content\\\/uploads\\\/2021\\\/04\\\/cropped-cropped-Logo-Minaccessorie-1.png\",\"width\":512,\"height\":511,\"caption\":\"minaccessorie\"},\"image\":{\"@id\":\"https:\\\/\\\/minaccessorie.com\\\/#\\\/schema\\\/logo\\\/image\\\/\"},\"sameAs\":[\"https:\\\/\\\/www.facebook.com\\\/minaaccessories.tn\",\"https:\\\/\\\/www.instagram.com\\\/minaccessorie\\\/\",\"https:\\\/\\\/www.pinterest.ca\\\/minaaccessoriesfromtunisia\\\/\",\"https:\\\/\\\/www.youtube.com\\\/channel\\\/UCn-CiGlAI6SmohIimHfDeVg\\\/featured\"]}]}<\/script>\n<!-- \/ Yoast SEO plugin. -->","yoast_head_json":{"title":"Parure Royale Orange - minaccessorie","robots":{"index":"index","follow":"follow","max-snippet":"max-snippet:-1","max-image-preview":"max-image-preview:large","max-video-preview":"max-video-preview:-1"},"canonical":"https:\/\/minaccessorie.com\/en\/product\/parure-royale-orange\/","og_locale":"en_US","og_type":"article","og_title":"Parure Royale Orange - minaccessorie","og_description":"Parure comprend un collier et un bracelet r\u00e9alis\u00e9s en cuivre plaqu\u00e9 or 18K, orn\u00e9s de pierres en agate orange.\u00a0 les pierres de l'agate orange \u00e9voque la chaleur et l'\u00e9nergie. Le bracelet assorti, \u00e9l\u00e9gant et raffin\u00e9, compl\u00e8te ce look en \u00e9voquant une \u00e9l\u00e9gance royale et intemporelle.","og_url":"https:\/\/minaccessorie.com\/en\/product\/parure-royale-orange\/","og_site_name":"minaccessorie","article_publisher":"https:\/\/www.facebook.com\/minaaccessories.tn","article_modified_time":"2026-04-21T03:01:21+00:00","og_image":[{"width":1024,"height":1024,"url":"https:\/\/minaccessorie.com\/wp-content\/uploads\/2024\/10\/collier-1.png","type":"image\/png"}],"twitter_card":"summary_large_image","twitter_misc":{"Est. reading time":"1 minute"},"schema":{"@context":"https:\/\/schema.org","@graph":[{"@type":"WebPage","@id":"https:\/\/minaccessorie.com\/produit\/parure-royale-orange\/","url":"https:\/\/minaccessorie.com\/produit\/parure-royale-orange\/","name":"Parure Royale Orange - minaccessorie","isPartOf":{"@id":"https:\/\/minaccessorie.com\/#website"},"primaryImageOfPage":{"@id":"https:\/\/minaccessorie.com\/produit\/parure-royale-orange\/#primaryimage"},"image":{"@id":"https:\/\/minaccessorie.com\/produit\/parure-royale-orange\/#primaryimage"},"thumbnailUrl":"https:\/\/minaccessorie.com\/wp-content\/uploads\/2024\/10\/collier-1.png","datePublished":"2024-10-28T14:40:22+00:00","dateModified":"2026-04-21T03:01:21+00:00","breadcrumb":{"@id":"https:\/\/minaccessorie.com\/produit\/parure-royale-orange\/#breadcrumb"},"inLanguage":"en-CA","potentialAction":[{"@type":"ReadAction","target":["https:\/\/minaccessorie.com\/produit\/parure-royale-orange\/"]}]},{"@type":"ImageObject","inLanguage":"en-CA","@id":"https:\/\/minaccessorie.com\/produit\/parure-royale-orange\/#primaryimage","url":"https:\/\/minaccessorie.com\/wp-content\/uploads\/2024\/10\/collier-1.png","contentUrl":"https:\/\/minaccessorie.com\/wp-content\/uploads\/2024\/10\/collier-1.png","width":1024,"height":1024},{"@type":"BreadcrumbList","@id":"https:\/\/minaccessorie.com\/produit\/parure-royale-orange\/#breadcrumb","itemListElement":[{"@type":"ListItem","position":1,"name":"Accueil","item":"https:\/\/minaccessorie.com\/"},{"@type":"ListItem","position":2,"name":"Boutique","item":"https:\/\/minaccessorie.com\/boutique\/"},{"@type":"ListItem","position":3,"name":"Parure Royale Orange"}]},{"@type":"WebSite","@id":"https:\/\/minaccessorie.com\/#website","url":"https:\/\/minaccessorie.com\/","name":"minaccessorie","description":"minaccessorie","publisher":{"@id":"https:\/\/minaccessorie.com\/#organization"},"potentialAction":[{"@type":"SearchAction","target":{"@type":"EntryPoint","urlTemplate":"https:\/\/minaccessorie.com\/?s={search_term_string}"},"query-input":{"@type":"PropertyValueSpecification","valueRequired":true,"valueName":"search_term_string"}}],"inLanguage":"en-CA"},{"@type":"Organization","@id":"https:\/\/minaccessorie.com\/#organization","name":"minaccessorie","url":"https:\/\/minaccessorie.com\/","logo":{"@type":"ImageObject","inLanguage":"en-CA","@id":"https:\/\/minaccessorie.com\/#\/schema\/logo\/image\/","url":"https:\/\/minaccessorie.com\/wp-content\/uploads\/2021\/04\/cropped-cropped-Logo-Minaccessorie-1.png","contentUrl":"https:\/\/minaccessorie.com\/wp-content\/uploads\/2021\/04\/cropped-cropped-Logo-Minaccessorie-1.png","width":512,"height":511,"caption":"minaccessorie"},"image":{"@id":"https:\/\/minaccessorie.com\/#\/schema\/logo\/image\/"},"sameAs":["https:\/\/www.facebook.com\/minaaccessories.tn","https:\/\/www.instagram.com\/minaccessorie\/","https:\/\/www.pinterest.ca\/minaaccessoriesfromtunisia\/","https:\/\/www.youtube.com\/channel\/UCn-CiGlAI6SmohIimHfDeVg\/featured"]}]}},"_links":{"self":[{"href":"https:\/\/minaccessorie.com\/en\/wp-json\/wp\/v2\/product\/1414","targetHints":{"allow":["GET"]}}],"collection":[{"href":"https:\/\/minaccessorie.com\/en\/wp-json\/wp\/v2\/product"}],"about":[{"href":"https:\/\/minaccessorie.com\/en\/wp-json\/wp\/v2\/types\/product"}],"replies":[{"embeddable":true,"href":"https:\/\/minaccessorie.com\/en\/wp-json\/wp\/v2\/comments?post=1414"}],"wp:featuredmedia":[{"embeddable":true,"href":"https:\/\/minaccessorie.com\/en\/wp-json\/wp\/v2\/media\/1685"}],"wp:attachment":[{"href":"https:\/\/minaccessorie.com\/en\/wp-json\/wp\/v2\/media?parent=1414"}],"wp:term":[{"taxonomy":"product_brand","embeddable":true,"href":"https:\/\/minaccessorie.com\/en\/wp-json\/wp\/v2\/product_brand?post=1414"},{"taxonomy":"product_cat","embeddable":true,"href":"https:\/\/minaccessorie.com\/en\/wp-json\/wp\/v2\/product_cat?post=1414"},{"taxonomy":"product_tag","embeddable":true,"href":"https:\/\/minaccessorie.com\/en\/wp-json\/wp\/v2\/product_tag?post=1414"}],"curies":[{"name":"wp","href":"https:\/\/api.w.org\/{rel}","templated":true}]}}