{"id":1428,"date":"2024-10-28T19:03:01","date_gmt":"2024-10-28T23:03:01","guid":{"rendered":"https:\/\/minaccessorie.com\/?post_type=product&#038;p=1428"},"modified":"2026-02-11T02:52:10","modified_gmt":"2026-02-11T07:52:10","slug":"boucles-elegance-florale","status":"publish","type":"product","link":"https:\/\/minaccessorie.com\/en\/product\/boucles-elegance-florale\/","title":{"rendered":"Boucles  Elegance florale"},"content":{"rendered":"<div class=\"flex max-w-full flex-col flex-grow\">\n<div class=\"min-h-8 text-message flex w-full flex-col items-end gap-2 whitespace-normal break-words [.text-message+&amp;]:mt-5\" dir=\"auto\" data-message-author-role=\"assistant\" data-message-id=\"b96f53de-ead3-4c2a-ac61-c2fb04dc21a1\" data-message-model-slug=\"gpt-4o\">\n<div class=\"flex w-full flex-col gap-1 empty:hidden first:pt-[3px]\">\n<div class=\"markdown prose w-full break-words dark:prose-invert light\">\n<ul>\n<li>Ces boucles d&rsquo;oreilles en acier inoxydable arborent un \u00e9l\u00e9gant design floral, finement d\u00e9taill\u00e9 pour capturer la beaut\u00e9 d&rsquo;une fleur.<\/li>\n<li>Orn\u00e9 de petites pierres scintillantes aux couleurs vives, chaque p\u00e9tale est mis en valeur, cr\u00e9ant un contraste saisissant avec la finition dor\u00e9e.<\/li>\n<li>Ce bijou offre une touche f\u00e9minine et sophistiqu\u00e9e, id\u00e9al pour celles qui souhaitent exprimer leur amour pour la nature avec gr\u00e2ce et originalit\u00e9.<\/li>\n<li>R\u00e9sistant et durable, cet accessoire allie style et long\u00e9vit\u00e9, parfait pour sublimer n&rsquo;importe quelle tenue.<\/li>\n<\/ul>\n<\/div>\n<\/div>\n<\/div>\n<\/div>\n<div class=\"mb-2 flex gap-3 empty:hidden -ml-2\"><\/div>\n","protected":false},"excerpt":{"rendered":"<ul>\n<li>Ces boucles d&rsquo;oreilles en acier inoxydable arborent un \u00e9l\u00e9gant design floral, finement d\u00e9taill\u00e9 pour capturer la beaut\u00e9 d&rsquo;une fleur. Orn\u00e9 de petites pierres scintillantes aux couleurs vives, chaque p\u00e9tale est mis en valeur, cr\u00e9ant un contraste saisissant avec la finition dor\u00e9e.<\/li>\n<\/ul>","protected":false},"featured_media":1307,"comment_status":"open","ping_status":"closed","template":"","meta":[],"product_brand":[],"product_cat":[28],"product_tag":[],"class_list":{"0":"post-1428","1":"product","2":"type-product","3":"status-publish","4":"has-post-thumbnail","6":"product_cat-boucles","8":"first","9":"instock","10":"taxable","11":"shipping-taxable","12":"purchasable","13":"product-type-simple"},"yoast_head":"<!-- This site is optimized with the Yoast SEO plugin v27.3 - https:\/\/yoast.com\/product\/yoast-seo-wordpress\/ -->\n<title>Boucles Elegance florale - minaccessorie<\/title>\n<meta name=\"robots\" content=\"index, follow, max-snippet:-1, max-image-preview:large, max-video-preview:-1\" \/>\n<link rel=\"canonical\" href=\"https:\/\/minaccessorie.com\/en\/product\/boucles-elegance-florale\/\" \/>\n<meta property=\"og:locale\" content=\"en_US\" \/>\n<meta property=\"og:type\" content=\"article\" \/>\n<meta property=\"og:title\" content=\"Boucles Elegance florale - minaccessorie\" \/>\n<meta property=\"og:description\" content=\"Ces boucles d&#039;oreilles en acier inoxydable arborent un \u00e9l\u00e9gant design floral, finement d\u00e9taill\u00e9 pour capturer la beaut\u00e9 d&#039;une fleur. Orn\u00e9 de petites pierres scintillantes aux couleurs vives, chaque p\u00e9tale est mis en valeur, cr\u00e9ant un contraste saisissant avec la finition dor\u00e9e.\" \/>\n<meta property=\"og:url\" content=\"https:\/\/minaccessorie.com\/en\/product\/boucles-elegance-florale\/\" \/>\n<meta property=\"og:site_name\" content=\"minaccessorie\" \/>\n<meta property=\"article:publisher\" content=\"https:\/\/www.facebook.com\/minaaccessories.tn\" \/>\n<meta property=\"article:modified_time\" content=\"2026-02-11T07:52:10+00:00\" \/>\n<meta property=\"og:image\" content=\"https:\/\/minaccessorie.com\/wp-content\/uploads\/2024\/10\/mina-accessories_-15.jpg\" \/>\n\t<meta property=\"og:image:width\" content=\"900\" \/>\n\t<meta property=\"og:image:height\" content=\"1350\" \/>\n\t<meta property=\"og:image:type\" content=\"image\/jpeg\" \/>\n<meta name=\"twitter:card\" content=\"summary_large_image\" \/>\n<script type=\"application\/ld+json\" class=\"yoast-schema-graph\">{\"@context\":\"https:\\\/\\\/schema.org\",\"@graph\":[{\"@type\":\"WebPage\",\"@id\":\"https:\\\/\\\/minaccessorie.com\\\/produit\\\/boucles-elegance-florale\\\/\",\"url\":\"https:\\\/\\\/minaccessorie.com\\\/produit\\\/boucles-elegance-florale\\\/\",\"name\":\"Boucles Elegance florale - minaccessorie\",\"isPartOf\":{\"@id\":\"https:\\\/\\\/minaccessorie.com\\\/#website\"},\"primaryImageOfPage\":{\"@id\":\"https:\\\/\\\/minaccessorie.com\\\/produit\\\/boucles-elegance-florale\\\/#primaryimage\"},\"image\":{\"@id\":\"https:\\\/\\\/minaccessorie.com\\\/produit\\\/boucles-elegance-florale\\\/#primaryimage\"},\"thumbnailUrl\":\"https:\\\/\\\/minaccessorie.com\\\/wp-content\\\/uploads\\\/2024\\\/10\\\/mina-accessories_-15.jpg\",\"datePublished\":\"2024-10-28T23:03:01+00:00\",\"dateModified\":\"2026-02-11T07:52:10+00:00\",\"breadcrumb\":{\"@id\":\"https:\\\/\\\/minaccessorie.com\\\/produit\\\/boucles-elegance-florale\\\/#breadcrumb\"},\"inLanguage\":\"en-CA\",\"potentialAction\":[{\"@type\":\"ReadAction\",\"target\":[\"https:\\\/\\\/minaccessorie.com\\\/produit\\\/boucles-elegance-florale\\\/\"]}]},{\"@type\":\"ImageObject\",\"inLanguage\":\"en-CA\",\"@id\":\"https:\\\/\\\/minaccessorie.com\\\/produit\\\/boucles-elegance-florale\\\/#primaryimage\",\"url\":\"https:\\\/\\\/minaccessorie.com\\\/wp-content\\\/uploads\\\/2024\\\/10\\\/mina-accessories_-15.jpg\",\"contentUrl\":\"https:\\\/\\\/minaccessorie.com\\\/wp-content\\\/uploads\\\/2024\\\/10\\\/mina-accessories_-15.jpg\",\"width\":900,\"height\":1350},{\"@type\":\"BreadcrumbList\",\"@id\":\"https:\\\/\\\/minaccessorie.com\\\/produit\\\/boucles-elegance-florale\\\/#breadcrumb\",\"itemListElement\":[{\"@type\":\"ListItem\",\"position\":1,\"name\":\"Accueil\",\"item\":\"https:\\\/\\\/minaccessorie.com\\\/\"},{\"@type\":\"ListItem\",\"position\":2,\"name\":\"Boutique\",\"item\":\"https:\\\/\\\/minaccessorie.com\\\/boutique\\\/\"},{\"@type\":\"ListItem\",\"position\":3,\"name\":\"Boucles Elegance florale\"}]},{\"@type\":\"WebSite\",\"@id\":\"https:\\\/\\\/minaccessorie.com\\\/#website\",\"url\":\"https:\\\/\\\/minaccessorie.com\\\/\",\"name\":\"minaccessorie\",\"description\":\"minaccessorie\",\"publisher\":{\"@id\":\"https:\\\/\\\/minaccessorie.com\\\/#organization\"},\"potentialAction\":[{\"@type\":\"SearchAction\",\"target\":{\"@type\":\"EntryPoint\",\"urlTemplate\":\"https:\\\/\\\/minaccessorie.com\\\/?s={search_term_string}\"},\"query-input\":{\"@type\":\"PropertyValueSpecification\",\"valueRequired\":true,\"valueName\":\"search_term_string\"}}],\"inLanguage\":\"en-CA\"},{\"@type\":\"Organization\",\"@id\":\"https:\\\/\\\/minaccessorie.com\\\/#organization\",\"name\":\"minaccessorie\",\"url\":\"https:\\\/\\\/minaccessorie.com\\\/\",\"logo\":{\"@type\":\"ImageObject\",\"inLanguage\":\"en-CA\",\"@id\":\"https:\\\/\\\/minaccessorie.com\\\/#\\\/schema\\\/logo\\\/image\\\/\",\"url\":\"https:\\\/\\\/minaccessorie.com\\\/wp-content\\\/uploads\\\/2021\\\/04\\\/cropped-cropped-Logo-Minaccessorie-1.png\",\"contentUrl\":\"https:\\\/\\\/minaccessorie.com\\\/wp-content\\\/uploads\\\/2021\\\/04\\\/cropped-cropped-Logo-Minaccessorie-1.png\",\"width\":512,\"height\":511,\"caption\":\"minaccessorie\"},\"image\":{\"@id\":\"https:\\\/\\\/minaccessorie.com\\\/#\\\/schema\\\/logo\\\/image\\\/\"},\"sameAs\":[\"https:\\\/\\\/www.facebook.com\\\/minaaccessories.tn\",\"https:\\\/\\\/www.instagram.com\\\/minaccessorie\\\/\",\"https:\\\/\\\/www.pinterest.ca\\\/minaaccessoriesfromtunisia\\\/\",\"https:\\\/\\\/www.youtube.com\\\/channel\\\/UCn-CiGlAI6SmohIimHfDeVg\\\/featured\"]}]}<\/script>\n<!-- \/ Yoast SEO plugin. -->","yoast_head_json":{"title":"Boucles Elegance florale - minaccessorie","robots":{"index":"index","follow":"follow","max-snippet":"max-snippet:-1","max-image-preview":"max-image-preview:large","max-video-preview":"max-video-preview:-1"},"canonical":"https:\/\/minaccessorie.com\/en\/product\/boucles-elegance-florale\/","og_locale":"en_US","og_type":"article","og_title":"Boucles Elegance florale - minaccessorie","og_description":"Ces boucles d'oreilles en acier inoxydable arborent un \u00e9l\u00e9gant design floral, finement d\u00e9taill\u00e9 pour capturer la beaut\u00e9 d'une fleur. Orn\u00e9 de petites pierres scintillantes aux couleurs vives, chaque p\u00e9tale est mis en valeur, cr\u00e9ant un contraste saisissant avec la finition dor\u00e9e.","og_url":"https:\/\/minaccessorie.com\/en\/product\/boucles-elegance-florale\/","og_site_name":"minaccessorie","article_publisher":"https:\/\/www.facebook.com\/minaaccessories.tn","article_modified_time":"2026-02-11T07:52:10+00:00","og_image":[{"width":900,"height":1350,"url":"https:\/\/minaccessorie.com\/wp-content\/uploads\/2024\/10\/mina-accessories_-15.jpg","type":"image\/jpeg"}],"twitter_card":"summary_large_image","schema":{"@context":"https:\/\/schema.org","@graph":[{"@type":"WebPage","@id":"https:\/\/minaccessorie.com\/produit\/boucles-elegance-florale\/","url":"https:\/\/minaccessorie.com\/produit\/boucles-elegance-florale\/","name":"Boucles Elegance florale - minaccessorie","isPartOf":{"@id":"https:\/\/minaccessorie.com\/#website"},"primaryImageOfPage":{"@id":"https:\/\/minaccessorie.com\/produit\/boucles-elegance-florale\/#primaryimage"},"image":{"@id":"https:\/\/minaccessorie.com\/produit\/boucles-elegance-florale\/#primaryimage"},"thumbnailUrl":"https:\/\/minaccessorie.com\/wp-content\/uploads\/2024\/10\/mina-accessories_-15.jpg","datePublished":"2024-10-28T23:03:01+00:00","dateModified":"2026-02-11T07:52:10+00:00","breadcrumb":{"@id":"https:\/\/minaccessorie.com\/produit\/boucles-elegance-florale\/#breadcrumb"},"inLanguage":"en-CA","potentialAction":[{"@type":"ReadAction","target":["https:\/\/minaccessorie.com\/produit\/boucles-elegance-florale\/"]}]},{"@type":"ImageObject","inLanguage":"en-CA","@id":"https:\/\/minaccessorie.com\/produit\/boucles-elegance-florale\/#primaryimage","url":"https:\/\/minaccessorie.com\/wp-content\/uploads\/2024\/10\/mina-accessories_-15.jpg","contentUrl":"https:\/\/minaccessorie.com\/wp-content\/uploads\/2024\/10\/mina-accessories_-15.jpg","width":900,"height":1350},{"@type":"BreadcrumbList","@id":"https:\/\/minaccessorie.com\/produit\/boucles-elegance-florale\/#breadcrumb","itemListElement":[{"@type":"ListItem","position":1,"name":"Accueil","item":"https:\/\/minaccessorie.com\/"},{"@type":"ListItem","position":2,"name":"Boutique","item":"https:\/\/minaccessorie.com\/boutique\/"},{"@type":"ListItem","position":3,"name":"Boucles Elegance florale"}]},{"@type":"WebSite","@id":"https:\/\/minaccessorie.com\/#website","url":"https:\/\/minaccessorie.com\/","name":"minaccessorie","description":"minaccessorie","publisher":{"@id":"https:\/\/minaccessorie.com\/#organization"},"potentialAction":[{"@type":"SearchAction","target":{"@type":"EntryPoint","urlTemplate":"https:\/\/minaccessorie.com\/?s={search_term_string}"},"query-input":{"@type":"PropertyValueSpecification","valueRequired":true,"valueName":"search_term_string"}}],"inLanguage":"en-CA"},{"@type":"Organization","@id":"https:\/\/minaccessorie.com\/#organization","name":"minaccessorie","url":"https:\/\/minaccessorie.com\/","logo":{"@type":"ImageObject","inLanguage":"en-CA","@id":"https:\/\/minaccessorie.com\/#\/schema\/logo\/image\/","url":"https:\/\/minaccessorie.com\/wp-content\/uploads\/2021\/04\/cropped-cropped-Logo-Minaccessorie-1.png","contentUrl":"https:\/\/minaccessorie.com\/wp-content\/uploads\/2021\/04\/cropped-cropped-Logo-Minaccessorie-1.png","width":512,"height":511,"caption":"minaccessorie"},"image":{"@id":"https:\/\/minaccessorie.com\/#\/schema\/logo\/image\/"},"sameAs":["https:\/\/www.facebook.com\/minaaccessories.tn","https:\/\/www.instagram.com\/minaccessorie\/","https:\/\/www.pinterest.ca\/minaaccessoriesfromtunisia\/","https:\/\/www.youtube.com\/channel\/UCn-CiGlAI6SmohIimHfDeVg\/featured"]}]}},"_links":{"self":[{"href":"https:\/\/minaccessorie.com\/en\/wp-json\/wp\/v2\/product\/1428","targetHints":{"allow":["GET"]}}],"collection":[{"href":"https:\/\/minaccessorie.com\/en\/wp-json\/wp\/v2\/product"}],"about":[{"href":"https:\/\/minaccessorie.com\/en\/wp-json\/wp\/v2\/types\/product"}],"replies":[{"embeddable":true,"href":"https:\/\/minaccessorie.com\/en\/wp-json\/wp\/v2\/comments?post=1428"}],"wp:featuredmedia":[{"embeddable":true,"href":"https:\/\/minaccessorie.com\/en\/wp-json\/wp\/v2\/media\/1307"}],"wp:attachment":[{"href":"https:\/\/minaccessorie.com\/en\/wp-json\/wp\/v2\/media?parent=1428"}],"wp:term":[{"taxonomy":"product_brand","embeddable":true,"href":"https:\/\/minaccessorie.com\/en\/wp-json\/wp\/v2\/product_brand?post=1428"},{"taxonomy":"product_cat","embeddable":true,"href":"https:\/\/minaccessorie.com\/en\/wp-json\/wp\/v2\/product_cat?post=1428"},{"taxonomy":"product_tag","embeddable":true,"href":"https:\/\/minaccessorie.com\/en\/wp-json\/wp\/v2\/product_tag?post=1428"}],"curies":[{"name":"wp","href":"https:\/\/api.w.org\/{rel}","templated":true}]}}