{"id":1429,"date":"2024-10-29T22:11:23","date_gmt":"2024-10-30T02:11:23","guid":{"rendered":"https:\/\/minaccessorie.com\/?post_type=product&#038;p=1429"},"modified":"2026-02-11T02:52:24","modified_gmt":"2026-02-11T07:52:24","slug":"accessoires-odyssee","status":"publish","type":"product","link":"https:\/\/minaccessorie.com\/en\/product\/accessoires-odyssee\/","title":{"rendered":"Accessoires Odyss\u00e9e"},"content":{"rendered":"<ul>\n<li>Cet accessoire \u00e9l\u00e9gant inspir\u00e9 de l&rsquo;oc\u00e9an.<\/li>\n<li>Con\u00e7u avec des perles de verre d\u00e9licatement choisies dans des teintes d\u2019am\u00e9thyste et d\u2019ambre, il est orn\u00e9 d&rsquo;un pendentif en forme de coquillage de plage qui \u00e9voque la douceur des vagues et la beaut\u00e9 des tr\u00e9sors marins.<\/li>\n<li>Le cordon de couleur lavande tress\u00e9 \u00e0 la main assure une attache solide et ajustable, tout en apportant une touche de couleur subtile.<\/li>\n<li>Id\u00e9al pour les amoureux de la mer et du style boh\u00e8me, cet accessoire unique transforme votre t\u00e9l\u00e9phone en un v\u00e9ritable bijou.<\/li>\n<\/ul>","protected":false},"excerpt":{"rendered":"<ul>\n<li>Cet accessoire \u00e9l\u00e9gant inspir\u00e9 de l&rsquo;oc\u00e9an.<\/li>\n<li>Con\u00e7u avec des perles de verre d\u00e9licatement choisies dans des teintes d\u2019am\u00e9thyste et d\u2019ambre, il est orn\u00e9 d&rsquo;un pendentif en forme de coquillage de plage qui \u00e9voque la douceur des vagues et la beaut\u00e9 des tr\u00e9sors marins.<\/li>\n<\/ul>","protected":false},"featured_media":1352,"comment_status":"open","ping_status":"closed","template":"","meta":[],"product_brand":[],"product_cat":[54],"product_tag":[],"class_list":{"0":"post-1429","1":"product","2":"type-product","3":"status-publish","4":"has-post-thumbnail","6":"product_cat-accessoires-de-telephone","8":"first","9":"instock","10":"taxable","11":"shipping-taxable","12":"purchasable","13":"product-type-variable"},"yoast_head":"<!-- This site is optimized with the Yoast SEO plugin v27.3 - https:\/\/yoast.com\/product\/yoast-seo-wordpress\/ -->\n<title>Accessoires Odyss\u00e9e - minaccessorie<\/title>\n<meta name=\"robots\" content=\"index, follow, max-snippet:-1, max-image-preview:large, max-video-preview:-1\" \/>\n<link rel=\"canonical\" href=\"https:\/\/minaccessorie.com\/en\/product\/accessoires-odyssee\/\" \/>\n<meta property=\"og:locale\" content=\"en_US\" \/>\n<meta property=\"og:type\" content=\"article\" \/>\n<meta property=\"og:title\" content=\"Accessoires Odyss\u00e9e - minaccessorie\" \/>\n<meta property=\"og:description\" content=\"Cet accessoire \u00e9l\u00e9gant inspir\u00e9 de l&#039;oc\u00e9an.  Con\u00e7u avec des perles de verre d\u00e9licatement choisies dans des teintes d\u2019am\u00e9thyste et d\u2019ambre, il est orn\u00e9 d&#039;un pendentif en forme de coquillage de plage qui \u00e9voque la douceur des vagues et la beaut\u00e9 des tr\u00e9sors marins.\" \/>\n<meta property=\"og:url\" content=\"https:\/\/minaccessorie.com\/en\/product\/accessoires-odyssee\/\" \/>\n<meta property=\"og:site_name\" content=\"minaccessorie\" \/>\n<meta property=\"article:publisher\" content=\"https:\/\/www.facebook.com\/minaaccessories.tn\" \/>\n<meta property=\"article:modified_time\" content=\"2026-02-11T07:52:24+00:00\" \/>\n<meta property=\"og:image\" content=\"https:\/\/minaccessorie.com\/wp-content\/uploads\/2024\/10\/mina-accessories_-60.jpg\" \/>\n\t<meta property=\"og:image:width\" content=\"900\" \/>\n\t<meta property=\"og:image:height\" content=\"1350\" \/>\n\t<meta property=\"og:image:type\" content=\"image\/jpeg\" \/>\n<meta name=\"twitter:card\" content=\"summary_large_image\" \/>\n<script type=\"application\/ld+json\" class=\"yoast-schema-graph\">{\"@context\":\"https:\\\/\\\/schema.org\",\"@graph\":[{\"@type\":\"WebPage\",\"@id\":\"https:\\\/\\\/minaccessorie.com\\\/produit\\\/accessoires-odyssee\\\/\",\"url\":\"https:\\\/\\\/minaccessorie.com\\\/produit\\\/accessoires-odyssee\\\/\",\"name\":\"Accessoires Odyss\u00e9e - minaccessorie\",\"isPartOf\":{\"@id\":\"https:\\\/\\\/minaccessorie.com\\\/#website\"},\"primaryImageOfPage\":{\"@id\":\"https:\\\/\\\/minaccessorie.com\\\/produit\\\/accessoires-odyssee\\\/#primaryimage\"},\"image\":{\"@id\":\"https:\\\/\\\/minaccessorie.com\\\/produit\\\/accessoires-odyssee\\\/#primaryimage\"},\"thumbnailUrl\":\"https:\\\/\\\/minaccessorie.com\\\/wp-content\\\/uploads\\\/2024\\\/10\\\/mina-accessories_-60.jpg\",\"datePublished\":\"2024-10-30T02:11:23+00:00\",\"dateModified\":\"2026-02-11T07:52:24+00:00\",\"breadcrumb\":{\"@id\":\"https:\\\/\\\/minaccessorie.com\\\/produit\\\/accessoires-odyssee\\\/#breadcrumb\"},\"inLanguage\":\"en-CA\",\"potentialAction\":[{\"@type\":\"ReadAction\",\"target\":[\"https:\\\/\\\/minaccessorie.com\\\/produit\\\/accessoires-odyssee\\\/\"]}]},{\"@type\":\"ImageObject\",\"inLanguage\":\"en-CA\",\"@id\":\"https:\\\/\\\/minaccessorie.com\\\/produit\\\/accessoires-odyssee\\\/#primaryimage\",\"url\":\"https:\\\/\\\/minaccessorie.com\\\/wp-content\\\/uploads\\\/2024\\\/10\\\/mina-accessories_-60.jpg\",\"contentUrl\":\"https:\\\/\\\/minaccessorie.com\\\/wp-content\\\/uploads\\\/2024\\\/10\\\/mina-accessories_-60.jpg\",\"width\":900,\"height\":1350},{\"@type\":\"BreadcrumbList\",\"@id\":\"https:\\\/\\\/minaccessorie.com\\\/produit\\\/accessoires-odyssee\\\/#breadcrumb\",\"itemListElement\":[{\"@type\":\"ListItem\",\"position\":1,\"name\":\"Accueil\",\"item\":\"https:\\\/\\\/minaccessorie.com\\\/\"},{\"@type\":\"ListItem\",\"position\":2,\"name\":\"Boutique\",\"item\":\"https:\\\/\\\/minaccessorie.com\\\/boutique\\\/\"},{\"@type\":\"ListItem\",\"position\":3,\"name\":\"Accessoires Odyss\u00e9e\"}]},{\"@type\":\"WebSite\",\"@id\":\"https:\\\/\\\/minaccessorie.com\\\/#website\",\"url\":\"https:\\\/\\\/minaccessorie.com\\\/\",\"name\":\"minaccessorie\",\"description\":\"minaccessorie\",\"publisher\":{\"@id\":\"https:\\\/\\\/minaccessorie.com\\\/#organization\"},\"potentialAction\":[{\"@type\":\"SearchAction\",\"target\":{\"@type\":\"EntryPoint\",\"urlTemplate\":\"https:\\\/\\\/minaccessorie.com\\\/?s={search_term_string}\"},\"query-input\":{\"@type\":\"PropertyValueSpecification\",\"valueRequired\":true,\"valueName\":\"search_term_string\"}}],\"inLanguage\":\"en-CA\"},{\"@type\":\"Organization\",\"@id\":\"https:\\\/\\\/minaccessorie.com\\\/#organization\",\"name\":\"minaccessorie\",\"url\":\"https:\\\/\\\/minaccessorie.com\\\/\",\"logo\":{\"@type\":\"ImageObject\",\"inLanguage\":\"en-CA\",\"@id\":\"https:\\\/\\\/minaccessorie.com\\\/#\\\/schema\\\/logo\\\/image\\\/\",\"url\":\"https:\\\/\\\/minaccessorie.com\\\/wp-content\\\/uploads\\\/2021\\\/04\\\/cropped-cropped-Logo-Minaccessorie-1.png\",\"contentUrl\":\"https:\\\/\\\/minaccessorie.com\\\/wp-content\\\/uploads\\\/2021\\\/04\\\/cropped-cropped-Logo-Minaccessorie-1.png\",\"width\":512,\"height\":511,\"caption\":\"minaccessorie\"},\"image\":{\"@id\":\"https:\\\/\\\/minaccessorie.com\\\/#\\\/schema\\\/logo\\\/image\\\/\"},\"sameAs\":[\"https:\\\/\\\/www.facebook.com\\\/minaaccessories.tn\",\"https:\\\/\\\/www.instagram.com\\\/minaccessorie\\\/\",\"https:\\\/\\\/www.pinterest.ca\\\/minaaccessoriesfromtunisia\\\/\",\"https:\\\/\\\/www.youtube.com\\\/channel\\\/UCn-CiGlAI6SmohIimHfDeVg\\\/featured\"]}]}<\/script>\n<!-- \/ Yoast SEO plugin. -->","yoast_head_json":{"title":"Accessoires Odyss\u00e9e - minaccessorie","robots":{"index":"index","follow":"follow","max-snippet":"max-snippet:-1","max-image-preview":"max-image-preview:large","max-video-preview":"max-video-preview:-1"},"canonical":"https:\/\/minaccessorie.com\/en\/product\/accessoires-odyssee\/","og_locale":"en_US","og_type":"article","og_title":"Accessoires Odyss\u00e9e - minaccessorie","og_description":"Cet accessoire \u00e9l\u00e9gant inspir\u00e9 de l'oc\u00e9an.  Con\u00e7u avec des perles de verre d\u00e9licatement choisies dans des teintes d\u2019am\u00e9thyste et d\u2019ambre, il est orn\u00e9 d'un pendentif en forme de coquillage de plage qui \u00e9voque la douceur des vagues et la beaut\u00e9 des tr\u00e9sors marins.","og_url":"https:\/\/minaccessorie.com\/en\/product\/accessoires-odyssee\/","og_site_name":"minaccessorie","article_publisher":"https:\/\/www.facebook.com\/minaaccessories.tn","article_modified_time":"2026-02-11T07:52:24+00:00","og_image":[{"width":900,"height":1350,"url":"https:\/\/minaccessorie.com\/wp-content\/uploads\/2024\/10\/mina-accessories_-60.jpg","type":"image\/jpeg"}],"twitter_card":"summary_large_image","schema":{"@context":"https:\/\/schema.org","@graph":[{"@type":"WebPage","@id":"https:\/\/minaccessorie.com\/produit\/accessoires-odyssee\/","url":"https:\/\/minaccessorie.com\/produit\/accessoires-odyssee\/","name":"Accessoires Odyss\u00e9e - minaccessorie","isPartOf":{"@id":"https:\/\/minaccessorie.com\/#website"},"primaryImageOfPage":{"@id":"https:\/\/minaccessorie.com\/produit\/accessoires-odyssee\/#primaryimage"},"image":{"@id":"https:\/\/minaccessorie.com\/produit\/accessoires-odyssee\/#primaryimage"},"thumbnailUrl":"https:\/\/minaccessorie.com\/wp-content\/uploads\/2024\/10\/mina-accessories_-60.jpg","datePublished":"2024-10-30T02:11:23+00:00","dateModified":"2026-02-11T07:52:24+00:00","breadcrumb":{"@id":"https:\/\/minaccessorie.com\/produit\/accessoires-odyssee\/#breadcrumb"},"inLanguage":"en-CA","potentialAction":[{"@type":"ReadAction","target":["https:\/\/minaccessorie.com\/produit\/accessoires-odyssee\/"]}]},{"@type":"ImageObject","inLanguage":"en-CA","@id":"https:\/\/minaccessorie.com\/produit\/accessoires-odyssee\/#primaryimage","url":"https:\/\/minaccessorie.com\/wp-content\/uploads\/2024\/10\/mina-accessories_-60.jpg","contentUrl":"https:\/\/minaccessorie.com\/wp-content\/uploads\/2024\/10\/mina-accessories_-60.jpg","width":900,"height":1350},{"@type":"BreadcrumbList","@id":"https:\/\/minaccessorie.com\/produit\/accessoires-odyssee\/#breadcrumb","itemListElement":[{"@type":"ListItem","position":1,"name":"Accueil","item":"https:\/\/minaccessorie.com\/"},{"@type":"ListItem","position":2,"name":"Boutique","item":"https:\/\/minaccessorie.com\/boutique\/"},{"@type":"ListItem","position":3,"name":"Accessoires Odyss\u00e9e"}]},{"@type":"WebSite","@id":"https:\/\/minaccessorie.com\/#website","url":"https:\/\/minaccessorie.com\/","name":"minaccessorie","description":"minaccessorie","publisher":{"@id":"https:\/\/minaccessorie.com\/#organization"},"potentialAction":[{"@type":"SearchAction","target":{"@type":"EntryPoint","urlTemplate":"https:\/\/minaccessorie.com\/?s={search_term_string}"},"query-input":{"@type":"PropertyValueSpecification","valueRequired":true,"valueName":"search_term_string"}}],"inLanguage":"en-CA"},{"@type":"Organization","@id":"https:\/\/minaccessorie.com\/#organization","name":"minaccessorie","url":"https:\/\/minaccessorie.com\/","logo":{"@type":"ImageObject","inLanguage":"en-CA","@id":"https:\/\/minaccessorie.com\/#\/schema\/logo\/image\/","url":"https:\/\/minaccessorie.com\/wp-content\/uploads\/2021\/04\/cropped-cropped-Logo-Minaccessorie-1.png","contentUrl":"https:\/\/minaccessorie.com\/wp-content\/uploads\/2021\/04\/cropped-cropped-Logo-Minaccessorie-1.png","width":512,"height":511,"caption":"minaccessorie"},"image":{"@id":"https:\/\/minaccessorie.com\/#\/schema\/logo\/image\/"},"sameAs":["https:\/\/www.facebook.com\/minaaccessories.tn","https:\/\/www.instagram.com\/minaccessorie\/","https:\/\/www.pinterest.ca\/minaaccessoriesfromtunisia\/","https:\/\/www.youtube.com\/channel\/UCn-CiGlAI6SmohIimHfDeVg\/featured"]}]}},"_links":{"self":[{"href":"https:\/\/minaccessorie.com\/en\/wp-json\/wp\/v2\/product\/1429","targetHints":{"allow":["GET"]}}],"collection":[{"href":"https:\/\/minaccessorie.com\/en\/wp-json\/wp\/v2\/product"}],"about":[{"href":"https:\/\/minaccessorie.com\/en\/wp-json\/wp\/v2\/types\/product"}],"replies":[{"embeddable":true,"href":"https:\/\/minaccessorie.com\/en\/wp-json\/wp\/v2\/comments?post=1429"}],"wp:featuredmedia":[{"embeddable":true,"href":"https:\/\/minaccessorie.com\/en\/wp-json\/wp\/v2\/media\/1352"}],"wp:attachment":[{"href":"https:\/\/minaccessorie.com\/en\/wp-json\/wp\/v2\/media?parent=1429"}],"wp:term":[{"taxonomy":"product_brand","embeddable":true,"href":"https:\/\/minaccessorie.com\/en\/wp-json\/wp\/v2\/product_brand?post=1429"},{"taxonomy":"product_cat","embeddable":true,"href":"https:\/\/minaccessorie.com\/en\/wp-json\/wp\/v2\/product_cat?post=1429"},{"taxonomy":"product_tag","embeddable":true,"href":"https:\/\/minaccessorie.com\/en\/wp-json\/wp\/v2\/product_tag?post=1429"}],"curies":[{"name":"wp","href":"https:\/\/api.w.org\/{rel}","templated":true}]}}