{"id":1439,"date":"2024-10-30T21:29:05","date_gmt":"2024-10-31T01:29:05","guid":{"rendered":"https:\/\/minaccessorie.com\/?post_type=product&#038;p=1439"},"modified":"2026-04-13T12:50:52","modified_gmt":"2026-04-13T16:50:52","slug":"boucles-azur","status":"publish","type":"product","link":"https:\/\/minaccessorie.com\/en\/product\/boucles-azur\/","title":{"rendered":"Boucles Azur"},"content":{"rendered":"<ul>\n<li>ces \u00e9l\u00e9gantes boucles d&rsquo;oreilles, parfaites pour ajouter une touche de charme et de symbolisme \u00e0 votre style.<\/li>\n<li>Elles se composent d\u2019un pendentif en forme de main de Fatma, en cuivre plaqu\u00e9 or, et de perles en agate bleue, soigneusement s\u00e9lectionn\u00e9es pour leur \u00e9clat et leur \u00e9nergie unique.<\/li>\n<li>Ces boucles d&rsquo;oreilles incarnent l&rsquo;alliance parfaite entre esth\u00e9tique, symbolisme et \u00e9nergie positive.<\/li>\n<li><strong>La main de Fatma<\/strong> : Ce symbole intemporel, \u00e9galement connu sous le nom de Khamsa, est un puissant porte-bonheur dans de nombreuses cultures. Il est r\u00e9put\u00e9 pour offrir protection, repousser le mauvais \u0153il et attirer la chance, tout en apportant une touche spirituelle et raffin\u00e9e \u00e0 ces boucles.<\/li>\n<li><strong>Les perles en agate bleue<\/strong> : L\u2019agate est une pierre naturelle connue pour ses vertus apaisantes. Elle favorise l\u2019\u00e9quilibre \u00e9motionnel, am\u00e9liore la confiance en soi et renforce la clart\u00e9 mentale. Sa teinte bleue \u00e9voque la s\u00e9r\u00e9nit\u00e9 et l\u2019harmonie, ajoutant une profondeur symbolique \u00e0 ces boucles.<\/li>\n<\/ul>","protected":false},"excerpt":{"rendered":"<ul>\n<li>ces \u00e9l\u00e9gantes boucles d&rsquo;oreilles, parfaites pour ajouter une touche de charme et de symbolisme \u00e0 votre style.<\/li>\n<li>Elles se composent d\u2019un pendentif en forme de main de Fatma, en cuivre plaqu\u00e9 or, et de perles en agate bleue, soigneusement s\u00e9lectionn\u00e9es pour leur \u00e9clat et leur \u00e9nergie unique.<\/li>\n<li>Ces boucles d&rsquo;oreilles incarnent l&rsquo;alliance parfaite entre esth\u00e9tique, symbolisme et \u00e9nergie positive.<\/li>\n<\/ul>","protected":false},"featured_media":1678,"comment_status":"open","ping_status":"closed","template":"","meta":[],"product_brand":[],"product_cat":[28],"product_tag":[],"class_list":{"0":"post-1439","1":"product","2":"type-product","3":"status-publish","4":"has-post-thumbnail","6":"product_cat-boucles","8":"first","9":"instock","10":"taxable","11":"shipping-taxable","12":"purchasable","13":"product-type-simple"},"yoast_head":"<!-- This site is optimized with the Yoast SEO plugin v27.3 - https:\/\/yoast.com\/product\/yoast-seo-wordpress\/ -->\n<title>Boucles Azur - minaccessorie<\/title>\n<meta name=\"robots\" content=\"index, follow, max-snippet:-1, max-image-preview:large, max-video-preview:-1\" \/>\n<link rel=\"canonical\" href=\"https:\/\/minaccessorie.com\/en\/product\/boucles-azur\/\" \/>\n<meta property=\"og:locale\" content=\"en_US\" \/>\n<meta property=\"og:type\" content=\"article\" \/>\n<meta property=\"og:title\" content=\"Boucles Azur - minaccessorie\" \/>\n<meta property=\"og:description\" content=\"ces \u00e9l\u00e9gantes boucles d&#039;oreilles, parfaites pour ajouter une touche de charme et de symbolisme \u00e0 votre style.  Elles se composent d\u2019un pendentif en forme de main de Fatma, en cuivre plaqu\u00e9 or, et de perles en agate bleue, soigneusement s\u00e9lectionn\u00e9es pour leur \u00e9clat et leur \u00e9nergie unique.  Ces boucles d&#039;oreilles incarnent l&#039;alliance parfaite entre esth\u00e9tique, symbolisme et \u00e9nergie positive.\" \/>\n<meta property=\"og:url\" content=\"https:\/\/minaccessorie.com\/en\/product\/boucles-azur\/\" \/>\n<meta property=\"og:site_name\" content=\"minaccessorie\" \/>\n<meta property=\"article:publisher\" content=\"https:\/\/www.facebook.com\/minaaccessories.tn\" \/>\n<meta property=\"article:modified_time\" content=\"2026-04-13T16:50:52+00:00\" \/>\n<meta property=\"og:image\" content=\"https:\/\/minaccessorie.com\/wp-content\/uploads\/2024\/10\/IMG_0549-683x1024.png\" \/>\n\t<meta property=\"og:image:width\" content=\"683\" \/>\n\t<meta property=\"og:image:height\" content=\"1024\" \/>\n\t<meta property=\"og:image:type\" content=\"image\/png\" \/>\n<meta name=\"twitter:card\" content=\"summary_large_image\" \/>\n<meta name=\"twitter:label1\" content=\"Est. reading time\" \/>\n\t<meta name=\"twitter:data1\" content=\"1 minute\" \/>\n<script type=\"application\/ld+json\" class=\"yoast-schema-graph\">{\"@context\":\"https:\\\/\\\/schema.org\",\"@graph\":[{\"@type\":\"WebPage\",\"@id\":\"https:\\\/\\\/minaccessorie.com\\\/produit\\\/boucles-azur\\\/\",\"url\":\"https:\\\/\\\/minaccessorie.com\\\/produit\\\/boucles-azur\\\/\",\"name\":\"Boucles Azur - minaccessorie\",\"isPartOf\":{\"@id\":\"https:\\\/\\\/minaccessorie.com\\\/#website\"},\"primaryImageOfPage\":{\"@id\":\"https:\\\/\\\/minaccessorie.com\\\/produit\\\/boucles-azur\\\/#primaryimage\"},\"image\":{\"@id\":\"https:\\\/\\\/minaccessorie.com\\\/produit\\\/boucles-azur\\\/#primaryimage\"},\"thumbnailUrl\":\"https:\\\/\\\/minaccessorie.com\\\/wp-content\\\/uploads\\\/2024\\\/10\\\/IMG_0549.png\",\"datePublished\":\"2024-10-31T01:29:05+00:00\",\"dateModified\":\"2026-04-13T16:50:52+00:00\",\"breadcrumb\":{\"@id\":\"https:\\\/\\\/minaccessorie.com\\\/produit\\\/boucles-azur\\\/#breadcrumb\"},\"inLanguage\":\"en-CA\",\"potentialAction\":[{\"@type\":\"ReadAction\",\"target\":[\"https:\\\/\\\/minaccessorie.com\\\/produit\\\/boucles-azur\\\/\"]}]},{\"@type\":\"ImageObject\",\"inLanguage\":\"en-CA\",\"@id\":\"https:\\\/\\\/minaccessorie.com\\\/produit\\\/boucles-azur\\\/#primaryimage\",\"url\":\"https:\\\/\\\/minaccessorie.com\\\/wp-content\\\/uploads\\\/2024\\\/10\\\/IMG_0549.png\",\"contentUrl\":\"https:\\\/\\\/minaccessorie.com\\\/wp-content\\\/uploads\\\/2024\\\/10\\\/IMG_0549.png\",\"width\":1024,\"height\":1536},{\"@type\":\"BreadcrumbList\",\"@id\":\"https:\\\/\\\/minaccessorie.com\\\/produit\\\/boucles-azur\\\/#breadcrumb\",\"itemListElement\":[{\"@type\":\"ListItem\",\"position\":1,\"name\":\"Accueil\",\"item\":\"https:\\\/\\\/minaccessorie.com\\\/\"},{\"@type\":\"ListItem\",\"position\":2,\"name\":\"Boutique\",\"item\":\"https:\\\/\\\/minaccessorie.com\\\/boutique\\\/\"},{\"@type\":\"ListItem\",\"position\":3,\"name\":\"Boucles Azur\"}]},{\"@type\":\"WebSite\",\"@id\":\"https:\\\/\\\/minaccessorie.com\\\/#website\",\"url\":\"https:\\\/\\\/minaccessorie.com\\\/\",\"name\":\"minaccessorie\",\"description\":\"minaccessorie\",\"publisher\":{\"@id\":\"https:\\\/\\\/minaccessorie.com\\\/#organization\"},\"potentialAction\":[{\"@type\":\"SearchAction\",\"target\":{\"@type\":\"EntryPoint\",\"urlTemplate\":\"https:\\\/\\\/minaccessorie.com\\\/?s={search_term_string}\"},\"query-input\":{\"@type\":\"PropertyValueSpecification\",\"valueRequired\":true,\"valueName\":\"search_term_string\"}}],\"inLanguage\":\"en-CA\"},{\"@type\":\"Organization\",\"@id\":\"https:\\\/\\\/minaccessorie.com\\\/#organization\",\"name\":\"minaccessorie\",\"url\":\"https:\\\/\\\/minaccessorie.com\\\/\",\"logo\":{\"@type\":\"ImageObject\",\"inLanguage\":\"en-CA\",\"@id\":\"https:\\\/\\\/minaccessorie.com\\\/#\\\/schema\\\/logo\\\/image\\\/\",\"url\":\"https:\\\/\\\/minaccessorie.com\\\/wp-content\\\/uploads\\\/2021\\\/04\\\/cropped-cropped-Logo-Minaccessorie-1.png\",\"contentUrl\":\"https:\\\/\\\/minaccessorie.com\\\/wp-content\\\/uploads\\\/2021\\\/04\\\/cropped-cropped-Logo-Minaccessorie-1.png\",\"width\":512,\"height\":511,\"caption\":\"minaccessorie\"},\"image\":{\"@id\":\"https:\\\/\\\/minaccessorie.com\\\/#\\\/schema\\\/logo\\\/image\\\/\"},\"sameAs\":[\"https:\\\/\\\/www.facebook.com\\\/minaaccessories.tn\",\"https:\\\/\\\/www.instagram.com\\\/minaccessorie\\\/\",\"https:\\\/\\\/www.pinterest.ca\\\/minaaccessoriesfromtunisia\\\/\",\"https:\\\/\\\/www.youtube.com\\\/channel\\\/UCn-CiGlAI6SmohIimHfDeVg\\\/featured\"]}]}<\/script>\n<!-- \/ Yoast SEO plugin. -->","yoast_head_json":{"title":"Boucles Azur - minaccessorie","robots":{"index":"index","follow":"follow","max-snippet":"max-snippet:-1","max-image-preview":"max-image-preview:large","max-video-preview":"max-video-preview:-1"},"canonical":"https:\/\/minaccessorie.com\/en\/product\/boucles-azur\/","og_locale":"en_US","og_type":"article","og_title":"Boucles Azur - minaccessorie","og_description":"ces \u00e9l\u00e9gantes boucles d'oreilles, parfaites pour ajouter une touche de charme et de symbolisme \u00e0 votre style.  Elles se composent d\u2019un pendentif en forme de main de Fatma, en cuivre plaqu\u00e9 or, et de perles en agate bleue, soigneusement s\u00e9lectionn\u00e9es pour leur \u00e9clat et leur \u00e9nergie unique.  Ces boucles d'oreilles incarnent l'alliance parfaite entre esth\u00e9tique, symbolisme et \u00e9nergie positive.","og_url":"https:\/\/minaccessorie.com\/en\/product\/boucles-azur\/","og_site_name":"minaccessorie","article_publisher":"https:\/\/www.facebook.com\/minaaccessories.tn","article_modified_time":"2026-04-13T16:50:52+00:00","og_image":[{"width":683,"height":1024,"url":"https:\/\/minaccessorie.com\/wp-content\/uploads\/2024\/10\/IMG_0549-683x1024.png","type":"image\/png"}],"twitter_card":"summary_large_image","twitter_misc":{"Est. reading time":"1 minute"},"schema":{"@context":"https:\/\/schema.org","@graph":[{"@type":"WebPage","@id":"https:\/\/minaccessorie.com\/produit\/boucles-azur\/","url":"https:\/\/minaccessorie.com\/produit\/boucles-azur\/","name":"Boucles Azur - minaccessorie","isPartOf":{"@id":"https:\/\/minaccessorie.com\/#website"},"primaryImageOfPage":{"@id":"https:\/\/minaccessorie.com\/produit\/boucles-azur\/#primaryimage"},"image":{"@id":"https:\/\/minaccessorie.com\/produit\/boucles-azur\/#primaryimage"},"thumbnailUrl":"https:\/\/minaccessorie.com\/wp-content\/uploads\/2024\/10\/IMG_0549.png","datePublished":"2024-10-31T01:29:05+00:00","dateModified":"2026-04-13T16:50:52+00:00","breadcrumb":{"@id":"https:\/\/minaccessorie.com\/produit\/boucles-azur\/#breadcrumb"},"inLanguage":"en-CA","potentialAction":[{"@type":"ReadAction","target":["https:\/\/minaccessorie.com\/produit\/boucles-azur\/"]}]},{"@type":"ImageObject","inLanguage":"en-CA","@id":"https:\/\/minaccessorie.com\/produit\/boucles-azur\/#primaryimage","url":"https:\/\/minaccessorie.com\/wp-content\/uploads\/2024\/10\/IMG_0549.png","contentUrl":"https:\/\/minaccessorie.com\/wp-content\/uploads\/2024\/10\/IMG_0549.png","width":1024,"height":1536},{"@type":"BreadcrumbList","@id":"https:\/\/minaccessorie.com\/produit\/boucles-azur\/#breadcrumb","itemListElement":[{"@type":"ListItem","position":1,"name":"Accueil","item":"https:\/\/minaccessorie.com\/"},{"@type":"ListItem","position":2,"name":"Boutique","item":"https:\/\/minaccessorie.com\/boutique\/"},{"@type":"ListItem","position":3,"name":"Boucles Azur"}]},{"@type":"WebSite","@id":"https:\/\/minaccessorie.com\/#website","url":"https:\/\/minaccessorie.com\/","name":"minaccessorie","description":"minaccessorie","publisher":{"@id":"https:\/\/minaccessorie.com\/#organization"},"potentialAction":[{"@type":"SearchAction","target":{"@type":"EntryPoint","urlTemplate":"https:\/\/minaccessorie.com\/?s={search_term_string}"},"query-input":{"@type":"PropertyValueSpecification","valueRequired":true,"valueName":"search_term_string"}}],"inLanguage":"en-CA"},{"@type":"Organization","@id":"https:\/\/minaccessorie.com\/#organization","name":"minaccessorie","url":"https:\/\/minaccessorie.com\/","logo":{"@type":"ImageObject","inLanguage":"en-CA","@id":"https:\/\/minaccessorie.com\/#\/schema\/logo\/image\/","url":"https:\/\/minaccessorie.com\/wp-content\/uploads\/2021\/04\/cropped-cropped-Logo-Minaccessorie-1.png","contentUrl":"https:\/\/minaccessorie.com\/wp-content\/uploads\/2021\/04\/cropped-cropped-Logo-Minaccessorie-1.png","width":512,"height":511,"caption":"minaccessorie"},"image":{"@id":"https:\/\/minaccessorie.com\/#\/schema\/logo\/image\/"},"sameAs":["https:\/\/www.facebook.com\/minaaccessories.tn","https:\/\/www.instagram.com\/minaccessorie\/","https:\/\/www.pinterest.ca\/minaaccessoriesfromtunisia\/","https:\/\/www.youtube.com\/channel\/UCn-CiGlAI6SmohIimHfDeVg\/featured"]}]}},"_links":{"self":[{"href":"https:\/\/minaccessorie.com\/en\/wp-json\/wp\/v2\/product\/1439","targetHints":{"allow":["GET"]}}],"collection":[{"href":"https:\/\/minaccessorie.com\/en\/wp-json\/wp\/v2\/product"}],"about":[{"href":"https:\/\/minaccessorie.com\/en\/wp-json\/wp\/v2\/types\/product"}],"replies":[{"embeddable":true,"href":"https:\/\/minaccessorie.com\/en\/wp-json\/wp\/v2\/comments?post=1439"}],"wp:featuredmedia":[{"embeddable":true,"href":"https:\/\/minaccessorie.com\/en\/wp-json\/wp\/v2\/media\/1678"}],"wp:attachment":[{"href":"https:\/\/minaccessorie.com\/en\/wp-json\/wp\/v2\/media?parent=1439"}],"wp:term":[{"taxonomy":"product_brand","embeddable":true,"href":"https:\/\/minaccessorie.com\/en\/wp-json\/wp\/v2\/product_brand?post=1439"},{"taxonomy":"product_cat","embeddable":true,"href":"https:\/\/minaccessorie.com\/en\/wp-json\/wp\/v2\/product_cat?post=1439"},{"taxonomy":"product_tag","embeddable":true,"href":"https:\/\/minaccessorie.com\/en\/wp-json\/wp\/v2\/product_tag?post=1439"}],"curies":[{"name":"wp","href":"https:\/\/api.w.org\/{rel}","templated":true}]}}