{"id":1549,"date":"2025-09-01T15:33:42","date_gmt":"2025-09-01T19:33:42","guid":{"rendered":"https:\/\/minaccessorie.com\/?post_type=product&#038;p=1549"},"modified":"2026-02-11T02:52:24","modified_gmt":"2026-02-11T07:52:24","slug":"boucles-vitale","status":"publish","type":"product","link":"https:\/\/minaccessorie.com\/en\/product\/boucles-vitale\/","title":{"rendered":"Boucles Vitale"},"content":{"rendered":"<div class=\"flex max-w-full flex-col flex-grow\">\n<div class=\"min-h-8 text-message flex w-full flex-col items-end gap-2 whitespace-normal break-words [.text-message+&amp;]:mt-5\" dir=\"auto\" data-message-author-role=\"assistant\" data-message-id=\"b96f53de-ead3-4c2a-ac61-c2fb04dc21a1\" data-message-model-slug=\"gpt-4o\">\n<div class=\"flex w-full flex-col gap-1 empty:hidden first:pt-[3px]\">\n<div class=\"markdown prose w-full break-words dark:prose-invert light\">\n<ul>\n<li>\n<p data-start=\"158\" data-end=\"479\">Ces boucles d\u2019oreilles en acier inoxydable se distinguent par leur design raffin\u00e9 repr\u00e9sentant l\u2019Arbre de Vie, symbole universel de force, d\u2019\u00e9quilibre et de renaissance.<\/p>\n<\/li>\n<li>\n<p data-start=\"158\" data-end=\"479\">Leur finition soign\u00e9e assure une brillance durable et une r\u00e9sistance parfaite au quotidien, tout en restant l\u00e9g\u00e8res et confortables \u00e0 porter.<\/p>\n<\/li>\n<li>\n<p data-start=\"158\" data-end=\"479\">L\u2019Arbre de Vie est reconnu depuis des mill\u00e9naires pour ses bienfaits spirituels et symboliques. Il incarne les racines solides qui nous relient \u00e0 nos origines, les branches qui s\u2019\u00e9l\u00e8vent vers l\u2019avenir et la renaissance \u00e0 travers le cycle de la vie. Porter ce symbole revient \u00e0 s\u2019entourer d\u2019harmonie, de protection et d\u2019\u00e9nergie positive.<\/p>\n<\/li>\n<li>\n<p data-start=\"158\" data-end=\"479\">Alliant \u00e9l\u00e9gance moderne et profondeur symbolique, ces boucles d\u2019oreilles sont le choix id\u00e9al pour sublimer vos tenues tout en portant un bijou porteur de sens et de spiritualit\u00e9.<\/p>\n<\/li>\n<\/ul>\n<\/div>\n<\/div>\n<\/div>\n<\/div>\n<div class=\"mb-2 flex gap-3 empty:hidden -ml-2\"><\/div>\n","protected":false},"excerpt":{"rendered":"<ul>\n<li>Ces boucles d\u2019oreilles en acier inoxydable se distinguent par leur design raffin\u00e9 repr\u00e9sentant l\u2019Arbre de Vie, symbole universel de force, d\u2019\u00e9quilibre et de renaissance.<\/li>\n<\/ul>","protected":false},"featured_media":1552,"comment_status":"open","ping_status":"closed","template":"","meta":[],"product_brand":[],"product_cat":[28],"product_tag":[],"class_list":{"0":"post-1549","1":"product","2":"type-product","3":"status-publish","4":"has-post-thumbnail","6":"product_cat-boucles","8":"first","9":"instock","10":"taxable","11":"shipping-taxable","12":"purchasable","13":"product-type-variable"},"yoast_head":"<!-- This site is optimized with the Yoast SEO plugin v27.3 - https:\/\/yoast.com\/product\/yoast-seo-wordpress\/ -->\n<title>Boucles Vitale - minaccessorie<\/title>\n<meta name=\"robots\" content=\"index, follow, max-snippet:-1, max-image-preview:large, max-video-preview:-1\" \/>\n<link rel=\"canonical\" href=\"https:\/\/minaccessorie.com\/en\/product\/boucles-vitale\/\" \/>\n<meta property=\"og:locale\" content=\"en_US\" \/>\n<meta property=\"og:type\" content=\"article\" \/>\n<meta property=\"og:title\" content=\"Boucles Vitale - minaccessorie\" \/>\n<meta property=\"og:description\" content=\"Ces boucles d\u2019oreilles en acier inoxydable se distinguent par leur design raffin\u00e9 repr\u00e9sentant l\u2019Arbre de Vie, symbole universel de force, d\u2019\u00e9quilibre et de renaissance.\" \/>\n<meta property=\"og:url\" content=\"https:\/\/minaccessorie.com\/en\/product\/boucles-vitale\/\" \/>\n<meta property=\"og:site_name\" content=\"minaccessorie\" \/>\n<meta property=\"article:publisher\" content=\"https:\/\/www.facebook.com\/minaaccessories.tn\" \/>\n<meta property=\"article:modified_time\" content=\"2026-02-11T07:52:24+00:00\" \/>\n<meta property=\"og:image\" content=\"https:\/\/minaccessorie.com\/wp-content\/uploads\/2025\/09\/Unknown.jpg\" \/>\n\t<meta property=\"og:image:width\" content=\"1024\" \/>\n\t<meta property=\"og:image:height\" content=\"1536\" \/>\n\t<meta property=\"og:image:type\" content=\"image\/jpeg\" \/>\n<meta name=\"twitter:card\" content=\"summary_large_image\" \/>\n<meta name=\"twitter:label1\" content=\"Est. reading time\" \/>\n\t<meta name=\"twitter:data1\" content=\"1 minute\" \/>\n<script type=\"application\/ld+json\" class=\"yoast-schema-graph\">{\"@context\":\"https:\\\/\\\/schema.org\",\"@graph\":[{\"@type\":\"WebPage\",\"@id\":\"https:\\\/\\\/minaccessorie.com\\\/produit\\\/boucles-vitale\\\/\",\"url\":\"https:\\\/\\\/minaccessorie.com\\\/produit\\\/boucles-vitale\\\/\",\"name\":\"Boucles Vitale - minaccessorie\",\"isPartOf\":{\"@id\":\"https:\\\/\\\/minaccessorie.com\\\/#website\"},\"primaryImageOfPage\":{\"@id\":\"https:\\\/\\\/minaccessorie.com\\\/produit\\\/boucles-vitale\\\/#primaryimage\"},\"image\":{\"@id\":\"https:\\\/\\\/minaccessorie.com\\\/produit\\\/boucles-vitale\\\/#primaryimage\"},\"thumbnailUrl\":\"https:\\\/\\\/minaccessorie.com\\\/wp-content\\\/uploads\\\/2025\\\/09\\\/Unknown.jpg\",\"datePublished\":\"2025-09-01T19:33:42+00:00\",\"dateModified\":\"2026-02-11T07:52:24+00:00\",\"breadcrumb\":{\"@id\":\"https:\\\/\\\/minaccessorie.com\\\/produit\\\/boucles-vitale\\\/#breadcrumb\"},\"inLanguage\":\"en-CA\",\"potentialAction\":[{\"@type\":\"ReadAction\",\"target\":[\"https:\\\/\\\/minaccessorie.com\\\/produit\\\/boucles-vitale\\\/\"]}]},{\"@type\":\"ImageObject\",\"inLanguage\":\"en-CA\",\"@id\":\"https:\\\/\\\/minaccessorie.com\\\/produit\\\/boucles-vitale\\\/#primaryimage\",\"url\":\"https:\\\/\\\/minaccessorie.com\\\/wp-content\\\/uploads\\\/2025\\\/09\\\/Unknown.jpg\",\"contentUrl\":\"https:\\\/\\\/minaccessorie.com\\\/wp-content\\\/uploads\\\/2025\\\/09\\\/Unknown.jpg\",\"width\":1024,\"height\":1536},{\"@type\":\"BreadcrumbList\",\"@id\":\"https:\\\/\\\/minaccessorie.com\\\/produit\\\/boucles-vitale\\\/#breadcrumb\",\"itemListElement\":[{\"@type\":\"ListItem\",\"position\":1,\"name\":\"Accueil\",\"item\":\"https:\\\/\\\/minaccessorie.com\\\/\"},{\"@type\":\"ListItem\",\"position\":2,\"name\":\"Boutique\",\"item\":\"https:\\\/\\\/minaccessorie.com\\\/boutique\\\/\"},{\"@type\":\"ListItem\",\"position\":3,\"name\":\"Boucles Vitale\"}]},{\"@type\":\"WebSite\",\"@id\":\"https:\\\/\\\/minaccessorie.com\\\/#website\",\"url\":\"https:\\\/\\\/minaccessorie.com\\\/\",\"name\":\"minaccessorie\",\"description\":\"minaccessorie\",\"publisher\":{\"@id\":\"https:\\\/\\\/minaccessorie.com\\\/#organization\"},\"potentialAction\":[{\"@type\":\"SearchAction\",\"target\":{\"@type\":\"EntryPoint\",\"urlTemplate\":\"https:\\\/\\\/minaccessorie.com\\\/?s={search_term_string}\"},\"query-input\":{\"@type\":\"PropertyValueSpecification\",\"valueRequired\":true,\"valueName\":\"search_term_string\"}}],\"inLanguage\":\"en-CA\"},{\"@type\":\"Organization\",\"@id\":\"https:\\\/\\\/minaccessorie.com\\\/#organization\",\"name\":\"minaccessorie\",\"url\":\"https:\\\/\\\/minaccessorie.com\\\/\",\"logo\":{\"@type\":\"ImageObject\",\"inLanguage\":\"en-CA\",\"@id\":\"https:\\\/\\\/minaccessorie.com\\\/#\\\/schema\\\/logo\\\/image\\\/\",\"url\":\"https:\\\/\\\/minaccessorie.com\\\/wp-content\\\/uploads\\\/2021\\\/04\\\/cropped-cropped-Logo-Minaccessorie-1.png\",\"contentUrl\":\"https:\\\/\\\/minaccessorie.com\\\/wp-content\\\/uploads\\\/2021\\\/04\\\/cropped-cropped-Logo-Minaccessorie-1.png\",\"width\":512,\"height\":511,\"caption\":\"minaccessorie\"},\"image\":{\"@id\":\"https:\\\/\\\/minaccessorie.com\\\/#\\\/schema\\\/logo\\\/image\\\/\"},\"sameAs\":[\"https:\\\/\\\/www.facebook.com\\\/minaaccessories.tn\",\"https:\\\/\\\/www.instagram.com\\\/minaccessorie\\\/\",\"https:\\\/\\\/www.pinterest.ca\\\/minaaccessoriesfromtunisia\\\/\",\"https:\\\/\\\/www.youtube.com\\\/channel\\\/UCn-CiGlAI6SmohIimHfDeVg\\\/featured\"]}]}<\/script>\n<!-- \/ Yoast SEO plugin. -->","yoast_head_json":{"title":"Boucles Vitale - minaccessorie","robots":{"index":"index","follow":"follow","max-snippet":"max-snippet:-1","max-image-preview":"max-image-preview:large","max-video-preview":"max-video-preview:-1"},"canonical":"https:\/\/minaccessorie.com\/en\/product\/boucles-vitale\/","og_locale":"en_US","og_type":"article","og_title":"Boucles Vitale - minaccessorie","og_description":"Ces boucles d\u2019oreilles en acier inoxydable se distinguent par leur design raffin\u00e9 repr\u00e9sentant l\u2019Arbre de Vie, symbole universel de force, d\u2019\u00e9quilibre et de renaissance.","og_url":"https:\/\/minaccessorie.com\/en\/product\/boucles-vitale\/","og_site_name":"minaccessorie","article_publisher":"https:\/\/www.facebook.com\/minaaccessories.tn","article_modified_time":"2026-02-11T07:52:24+00:00","og_image":[{"width":1024,"height":1536,"url":"https:\/\/minaccessorie.com\/wp-content\/uploads\/2025\/09\/Unknown.jpg","type":"image\/jpeg"}],"twitter_card":"summary_large_image","twitter_misc":{"Est. reading time":"1 minute"},"schema":{"@context":"https:\/\/schema.org","@graph":[{"@type":"WebPage","@id":"https:\/\/minaccessorie.com\/produit\/boucles-vitale\/","url":"https:\/\/minaccessorie.com\/produit\/boucles-vitale\/","name":"Boucles Vitale - minaccessorie","isPartOf":{"@id":"https:\/\/minaccessorie.com\/#website"},"primaryImageOfPage":{"@id":"https:\/\/minaccessorie.com\/produit\/boucles-vitale\/#primaryimage"},"image":{"@id":"https:\/\/minaccessorie.com\/produit\/boucles-vitale\/#primaryimage"},"thumbnailUrl":"https:\/\/minaccessorie.com\/wp-content\/uploads\/2025\/09\/Unknown.jpg","datePublished":"2025-09-01T19:33:42+00:00","dateModified":"2026-02-11T07:52:24+00:00","breadcrumb":{"@id":"https:\/\/minaccessorie.com\/produit\/boucles-vitale\/#breadcrumb"},"inLanguage":"en-CA","potentialAction":[{"@type":"ReadAction","target":["https:\/\/minaccessorie.com\/produit\/boucles-vitale\/"]}]},{"@type":"ImageObject","inLanguage":"en-CA","@id":"https:\/\/minaccessorie.com\/produit\/boucles-vitale\/#primaryimage","url":"https:\/\/minaccessorie.com\/wp-content\/uploads\/2025\/09\/Unknown.jpg","contentUrl":"https:\/\/minaccessorie.com\/wp-content\/uploads\/2025\/09\/Unknown.jpg","width":1024,"height":1536},{"@type":"BreadcrumbList","@id":"https:\/\/minaccessorie.com\/produit\/boucles-vitale\/#breadcrumb","itemListElement":[{"@type":"ListItem","position":1,"name":"Accueil","item":"https:\/\/minaccessorie.com\/"},{"@type":"ListItem","position":2,"name":"Boutique","item":"https:\/\/minaccessorie.com\/boutique\/"},{"@type":"ListItem","position":3,"name":"Boucles Vitale"}]},{"@type":"WebSite","@id":"https:\/\/minaccessorie.com\/#website","url":"https:\/\/minaccessorie.com\/","name":"minaccessorie","description":"minaccessorie","publisher":{"@id":"https:\/\/minaccessorie.com\/#organization"},"potentialAction":[{"@type":"SearchAction","target":{"@type":"EntryPoint","urlTemplate":"https:\/\/minaccessorie.com\/?s={search_term_string}"},"query-input":{"@type":"PropertyValueSpecification","valueRequired":true,"valueName":"search_term_string"}}],"inLanguage":"en-CA"},{"@type":"Organization","@id":"https:\/\/minaccessorie.com\/#organization","name":"minaccessorie","url":"https:\/\/minaccessorie.com\/","logo":{"@type":"ImageObject","inLanguage":"en-CA","@id":"https:\/\/minaccessorie.com\/#\/schema\/logo\/image\/","url":"https:\/\/minaccessorie.com\/wp-content\/uploads\/2021\/04\/cropped-cropped-Logo-Minaccessorie-1.png","contentUrl":"https:\/\/minaccessorie.com\/wp-content\/uploads\/2021\/04\/cropped-cropped-Logo-Minaccessorie-1.png","width":512,"height":511,"caption":"minaccessorie"},"image":{"@id":"https:\/\/minaccessorie.com\/#\/schema\/logo\/image\/"},"sameAs":["https:\/\/www.facebook.com\/minaaccessories.tn","https:\/\/www.instagram.com\/minaccessorie\/","https:\/\/www.pinterest.ca\/minaaccessoriesfromtunisia\/","https:\/\/www.youtube.com\/channel\/UCn-CiGlAI6SmohIimHfDeVg\/featured"]}]}},"_links":{"self":[{"href":"https:\/\/minaccessorie.com\/en\/wp-json\/wp\/v2\/product\/1549","targetHints":{"allow":["GET"]}}],"collection":[{"href":"https:\/\/minaccessorie.com\/en\/wp-json\/wp\/v2\/product"}],"about":[{"href":"https:\/\/minaccessorie.com\/en\/wp-json\/wp\/v2\/types\/product"}],"replies":[{"embeddable":true,"href":"https:\/\/minaccessorie.com\/en\/wp-json\/wp\/v2\/comments?post=1549"}],"wp:featuredmedia":[{"embeddable":true,"href":"https:\/\/minaccessorie.com\/en\/wp-json\/wp\/v2\/media\/1552"}],"wp:attachment":[{"href":"https:\/\/minaccessorie.com\/en\/wp-json\/wp\/v2\/media?parent=1549"}],"wp:term":[{"taxonomy":"product_brand","embeddable":true,"href":"https:\/\/minaccessorie.com\/en\/wp-json\/wp\/v2\/product_brand?post=1549"},{"taxonomy":"product_cat","embeddable":true,"href":"https:\/\/minaccessorie.com\/en\/wp-json\/wp\/v2\/product_cat?post=1549"},{"taxonomy":"product_tag","embeddable":true,"href":"https:\/\/minaccessorie.com\/en\/wp-json\/wp\/v2\/product_tag?post=1549"}],"curies":[{"name":"wp","href":"https:\/\/api.w.org\/{rel}","templated":true}]}}