{"id":1556,"date":"2025-09-15T19:54:12","date_gmt":"2025-09-15T23:54:12","guid":{"rendered":"https:\/\/minaccessorie.com\/?post_type=product&#038;p=1556"},"modified":"2026-02-11T02:52:10","modified_gmt":"2026-02-11T07:52:10","slug":"bracelet-solaria","status":"publish","type":"product","link":"https:\/\/minaccessorie.com\/en\/product\/bracelet-solaria\/","title":{"rendered":"Bracelet Solaria"},"content":{"rendered":"<ul>\n<li>\n<p data-start=\"150\" data-end=\"548\">Ce bracelet manchette en cuivre plaqu\u00e9 or s\u00e9duit par son design raffin\u00e9 et sa texture subtilement travaill\u00e9e, qui refl\u00e8te la lumi\u00e8re avec \u00e9l\u00e9gance.<\/p>\n<\/li>\n<li>\n<p data-start=\"150\" data-end=\"548\">Con\u00e7u \u00e0 la main avec un souci du d\u00e9tail, il incarne \u00e0 la fois modernit\u00e9 et intemporalit\u00e9. L\u00e9ger et agr\u00e9able \u00e0 porter, il s\u2019ajuste parfaitement au poignet et apporte une touche sophistiqu\u00e9e \u00e0 toutes vos tenues, qu\u2019elles soient chic ou d\u00e9contract\u00e9es.<\/p>\n<\/li>\n<li>\n<p data-start=\"150\" data-end=\"548\">Un bijou unique qui allie savoir-faire artisanal et \u00e9l\u00e9gance contemporaine, id\u00e9al pour sublimer votre style au quotidien ou lors de vos occasions sp\u00e9ciales.<\/p>\n<\/li>\n<\/ul>","protected":false},"excerpt":{"rendered":"<ul>\n<li>\n<p data-start=\"150\" data-end=\"548\">Ce bracelet manchette en cuivre plaqu\u00e9 or s\u00e9duit par son design raffin\u00e9 et sa texture subtilement travaill\u00e9e, qui refl\u00e8te la lumi\u00e8re avec \u00e9l\u00e9gance.<\/p>\n<\/li>\n<li>Un bijou unique qui allie savoir-faire artisanal et \u00e9l\u00e9gance contemporaine, id\u00e9al pour sublimer votre style au quotidien ou lors de vos occasions sp\u00e9ciales.<\/li>\n<\/ul>","protected":false},"featured_media":1558,"comment_status":"open","ping_status":"closed","template":"","meta":[],"product_brand":[],"product_cat":[26],"product_tag":[],"class_list":{"0":"post-1556","1":"product","2":"type-product","3":"status-publish","4":"has-post-thumbnail","6":"product_cat-bracelets","8":"first","9":"instock","10":"taxable","11":"shipping-taxable","12":"purchasable","13":"product-type-simple"},"yoast_head":"<!-- This site is optimized with the Yoast SEO plugin v27.6 - https:\/\/yoast.com\/product\/yoast-seo-wordpress\/ -->\n<title>Bracelet Solaria - minaccessorie<\/title>\n<meta name=\"description\" content=\"Ce bracelet manchette en cuivre plaqu\u00e9 or s\u00e9duit par son design raffin\u00e9 et sa texture subtilement travaill\u00e9e, qui refl\u00e8te la lumi\u00e8re avec \u00e9l\u00e9gance. Con\u00e7u \u00e0 la main avec un souci du d\u00e9tail, il incarne \u00e0 la fois modernit\u00e9 et intemporalit\u00e9. L\u00e9ger et agr\u00e9able \u00e0 porter, il s\u2019ajuste parfaitement au poignet et apporte une touche sophistiqu\u00e9e \u00e0 toutes vos tenues, qu\u2019elles soient chic ou d\u00e9contract\u00e9es.Un bijou unique qui allie savoir-faire artisanal et \u00e9l\u00e9gance contemporaine, id\u00e9al pour sublimer votre style au quotidien ou lors de vos occasions sp\u00e9ciales.\" \/>\n<meta name=\"robots\" content=\"index, follow, max-snippet:-1, max-image-preview:large, max-video-preview:-1\" \/>\n<link rel=\"canonical\" href=\"https:\/\/minaccessorie.com\/en\/product\/bracelet-solaria\/\" \/>\n<meta property=\"og:locale\" content=\"en_US\" \/>\n<meta property=\"og:type\" content=\"article\" \/>\n<meta property=\"og:title\" content=\"Bracelet Solaria - minaccessorie\" \/>\n<meta property=\"og:description\" content=\"Ce bracelet manchette en cuivre plaqu\u00e9 or s\u00e9duit par son design raffin\u00e9 et sa texture subtilement travaill\u00e9e, qui refl\u00e8te la lumi\u00e8re avec \u00e9l\u00e9gance. Con\u00e7u \u00e0 la main avec un souci du d\u00e9tail, il incarne \u00e0 la fois modernit\u00e9 et intemporalit\u00e9. L\u00e9ger et agr\u00e9able \u00e0 porter, il s\u2019ajuste parfaitement au poignet et apporte une touche sophistiqu\u00e9e \u00e0 toutes vos tenues, qu\u2019elles soient chic ou d\u00e9contract\u00e9es.Un bijou unique qui allie savoir-faire artisanal et \u00e9l\u00e9gance contemporaine, id\u00e9al pour sublimer votre style au quotidien ou lors de vos occasions sp\u00e9ciales.\" \/>\n<meta property=\"og:url\" content=\"https:\/\/minaccessorie.com\/en\/product\/bracelet-solaria\/\" \/>\n<meta property=\"og:site_name\" content=\"minaccessorie\" \/>\n<meta property=\"article:publisher\" content=\"https:\/\/www.facebook.com\/minaaccessories.tn\" \/>\n<meta property=\"article:modified_time\" content=\"2026-02-11T07:52:10+00:00\" \/>\n<meta property=\"og:image\" content=\"https:\/\/minaccessorie.com\/wp-content\/uploads\/2025\/09\/Unknown-7.jpg\" \/>\n\t<meta property=\"og:image:width\" content=\"1024\" \/>\n\t<meta property=\"og:image:height\" content=\"1536\" \/>\n\t<meta property=\"og:image:type\" content=\"image\/jpeg\" \/>\n<meta name=\"twitter:card\" content=\"summary_large_image\" \/>\n<meta name=\"twitter:label1\" content=\"Est. reading time\" \/>\n\t<meta name=\"twitter:data1\" content=\"1 minute\" \/>\n<script type=\"application\/ld+json\" class=\"yoast-schema-graph\">{\"@context\":\"https:\\\/\\\/schema.org\",\"@graph\":[{\"@type\":\"WebPage\",\"@id\":\"https:\\\/\\\/minaccessorie.com\\\/produit\\\/bracelet-solaria\\\/\",\"url\":\"https:\\\/\\\/minaccessorie.com\\\/produit\\\/bracelet-solaria\\\/\",\"name\":\"Bracelet Solaria - minaccessorie\",\"isPartOf\":{\"@id\":\"https:\\\/\\\/minaccessorie.com\\\/#website\"},\"primaryImageOfPage\":{\"@id\":\"https:\\\/\\\/minaccessorie.com\\\/produit\\\/bracelet-solaria\\\/#primaryimage\"},\"image\":{\"@id\":\"https:\\\/\\\/minaccessorie.com\\\/produit\\\/bracelet-solaria\\\/#primaryimage\"},\"thumbnailUrl\":\"https:\\\/\\\/minaccessorie.com\\\/wp-content\\\/uploads\\\/2025\\\/09\\\/Unknown-7.jpg\",\"datePublished\":\"2025-09-15T23:54:12+00:00\",\"dateModified\":\"2026-02-11T07:52:10+00:00\",\"description\":\"Ce bracelet manchette en cuivre plaqu\u00e9 or s\u00e9duit par son design raffin\u00e9 et sa texture subtilement travaill\u00e9e, qui refl\u00e8te la lumi\u00e8re avec \u00e9l\u00e9gance. Con\u00e7u \u00e0 la main avec un souci du d\u00e9tail, il incarne \u00e0 la fois modernit\u00e9 et intemporalit\u00e9. L\u00e9ger et agr\u00e9able \u00e0 porter, il s\u2019ajuste parfaitement au poignet et apporte une touche sophistiqu\u00e9e \u00e0 toutes vos tenues, qu\u2019elles soient chic ou d\u00e9contract\u00e9es.Un bijou unique qui allie savoir-faire artisanal et \u00e9l\u00e9gance contemporaine, id\u00e9al pour sublimer votre style au quotidien ou lors de vos occasions sp\u00e9ciales.\",\"breadcrumb\":{\"@id\":\"https:\\\/\\\/minaccessorie.com\\\/produit\\\/bracelet-solaria\\\/#breadcrumb\"},\"inLanguage\":\"en-CA\",\"potentialAction\":[{\"@type\":\"ReadAction\",\"target\":[\"https:\\\/\\\/minaccessorie.com\\\/produit\\\/bracelet-solaria\\\/\"]}]},{\"@type\":\"ImageObject\",\"inLanguage\":\"en-CA\",\"@id\":\"https:\\\/\\\/minaccessorie.com\\\/produit\\\/bracelet-solaria\\\/#primaryimage\",\"url\":\"https:\\\/\\\/minaccessorie.com\\\/wp-content\\\/uploads\\\/2025\\\/09\\\/Unknown-7.jpg\",\"contentUrl\":\"https:\\\/\\\/minaccessorie.com\\\/wp-content\\\/uploads\\\/2025\\\/09\\\/Unknown-7.jpg\",\"width\":1024,\"height\":1536},{\"@type\":\"BreadcrumbList\",\"@id\":\"https:\\\/\\\/minaccessorie.com\\\/produit\\\/bracelet-solaria\\\/#breadcrumb\",\"itemListElement\":[{\"@type\":\"ListItem\",\"position\":1,\"name\":\"Accueil\",\"item\":\"https:\\\/\\\/minaccessorie.com\\\/\"},{\"@type\":\"ListItem\",\"position\":2,\"name\":\"Boutique\",\"item\":\"https:\\\/\\\/minaccessorie.com\\\/boutique\\\/\"},{\"@type\":\"ListItem\",\"position\":3,\"name\":\"Bracelet Solaria\"}]},{\"@type\":\"WebSite\",\"@id\":\"https:\\\/\\\/minaccessorie.com\\\/#website\",\"url\":\"https:\\\/\\\/minaccessorie.com\\\/\",\"name\":\"minaccessorie\",\"description\":\"minaccessorie\",\"publisher\":{\"@id\":\"https:\\\/\\\/minaccessorie.com\\\/#organization\"},\"potentialAction\":[{\"@type\":\"SearchAction\",\"target\":{\"@type\":\"EntryPoint\",\"urlTemplate\":\"https:\\\/\\\/minaccessorie.com\\\/?s={search_term_string}\"},\"query-input\":{\"@type\":\"PropertyValueSpecification\",\"valueRequired\":true,\"valueName\":\"search_term_string\"}}],\"inLanguage\":\"en-CA\"},{\"@type\":\"Organization\",\"@id\":\"https:\\\/\\\/minaccessorie.com\\\/#organization\",\"name\":\"minaccessorie\",\"url\":\"https:\\\/\\\/minaccessorie.com\\\/\",\"logo\":{\"@type\":\"ImageObject\",\"inLanguage\":\"en-CA\",\"@id\":\"https:\\\/\\\/minaccessorie.com\\\/#\\\/schema\\\/logo\\\/image\\\/\",\"url\":\"https:\\\/\\\/minaccessorie.com\\\/wp-content\\\/uploads\\\/2021\\\/04\\\/cropped-cropped-Logo-Minaccessorie-1.png\",\"contentUrl\":\"https:\\\/\\\/minaccessorie.com\\\/wp-content\\\/uploads\\\/2021\\\/04\\\/cropped-cropped-Logo-Minaccessorie-1.png\",\"width\":512,\"height\":511,\"caption\":\"minaccessorie\"},\"image\":{\"@id\":\"https:\\\/\\\/minaccessorie.com\\\/#\\\/schema\\\/logo\\\/image\\\/\"},\"sameAs\":[\"https:\\\/\\\/www.facebook.com\\\/minaaccessories.tn\",\"https:\\\/\\\/www.instagram.com\\\/minaccessorie\\\/\",\"https:\\\/\\\/www.pinterest.ca\\\/minaaccessoriesfromtunisia\\\/\",\"https:\\\/\\\/www.youtube.com\\\/channel\\\/UCn-CiGlAI6SmohIimHfDeVg\\\/featured\"]}]}<\/script>\n<!-- \/ Yoast SEO plugin. -->","yoast_head_json":{"title":"Bracelet Solaria - minaccessorie","description":"Ce bracelet manchette en cuivre plaqu\u00e9 or s\u00e9duit par son design raffin\u00e9 et sa texture subtilement travaill\u00e9e, qui refl\u00e8te la lumi\u00e8re avec \u00e9l\u00e9gance. Con\u00e7u \u00e0 la main avec un souci du d\u00e9tail, il incarne \u00e0 la fois modernit\u00e9 et intemporalit\u00e9. L\u00e9ger et agr\u00e9able \u00e0 porter, il s\u2019ajuste parfaitement au poignet et apporte une touche sophistiqu\u00e9e \u00e0 toutes vos tenues, qu\u2019elles soient chic ou d\u00e9contract\u00e9es.Un bijou unique qui allie savoir-faire artisanal et \u00e9l\u00e9gance contemporaine, id\u00e9al pour sublimer votre style au quotidien ou lors de vos occasions sp\u00e9ciales.","robots":{"index":"index","follow":"follow","max-snippet":"max-snippet:-1","max-image-preview":"max-image-preview:large","max-video-preview":"max-video-preview:-1"},"canonical":"https:\/\/minaccessorie.com\/en\/product\/bracelet-solaria\/","og_locale":"en_US","og_type":"article","og_title":"Bracelet Solaria - minaccessorie","og_description":"Ce bracelet manchette en cuivre plaqu\u00e9 or s\u00e9duit par son design raffin\u00e9 et sa texture subtilement travaill\u00e9e, qui refl\u00e8te la lumi\u00e8re avec \u00e9l\u00e9gance. Con\u00e7u \u00e0 la main avec un souci du d\u00e9tail, il incarne \u00e0 la fois modernit\u00e9 et intemporalit\u00e9. L\u00e9ger et agr\u00e9able \u00e0 porter, il s\u2019ajuste parfaitement au poignet et apporte une touche sophistiqu\u00e9e \u00e0 toutes vos tenues, qu\u2019elles soient chic ou d\u00e9contract\u00e9es.Un bijou unique qui allie savoir-faire artisanal et \u00e9l\u00e9gance contemporaine, id\u00e9al pour sublimer votre style au quotidien ou lors de vos occasions sp\u00e9ciales.","og_url":"https:\/\/minaccessorie.com\/en\/product\/bracelet-solaria\/","og_site_name":"minaccessorie","article_publisher":"https:\/\/www.facebook.com\/minaaccessories.tn","article_modified_time":"2026-02-11T07:52:10+00:00","og_image":[{"width":1024,"height":1536,"url":"https:\/\/minaccessorie.com\/wp-content\/uploads\/2025\/09\/Unknown-7.jpg","type":"image\/jpeg"}],"twitter_card":"summary_large_image","twitter_misc":{"Est. reading time":"1 minute"},"schema":{"@context":"https:\/\/schema.org","@graph":[{"@type":"WebPage","@id":"https:\/\/minaccessorie.com\/produit\/bracelet-solaria\/","url":"https:\/\/minaccessorie.com\/produit\/bracelet-solaria\/","name":"Bracelet Solaria - minaccessorie","isPartOf":{"@id":"https:\/\/minaccessorie.com\/#website"},"primaryImageOfPage":{"@id":"https:\/\/minaccessorie.com\/produit\/bracelet-solaria\/#primaryimage"},"image":{"@id":"https:\/\/minaccessorie.com\/produit\/bracelet-solaria\/#primaryimage"},"thumbnailUrl":"https:\/\/minaccessorie.com\/wp-content\/uploads\/2025\/09\/Unknown-7.jpg","datePublished":"2025-09-15T23:54:12+00:00","dateModified":"2026-02-11T07:52:10+00:00","description":"Ce bracelet manchette en cuivre plaqu\u00e9 or s\u00e9duit par son design raffin\u00e9 et sa texture subtilement travaill\u00e9e, qui refl\u00e8te la lumi\u00e8re avec \u00e9l\u00e9gance. Con\u00e7u \u00e0 la main avec un souci du d\u00e9tail, il incarne \u00e0 la fois modernit\u00e9 et intemporalit\u00e9. L\u00e9ger et agr\u00e9able \u00e0 porter, il s\u2019ajuste parfaitement au poignet et apporte une touche sophistiqu\u00e9e \u00e0 toutes vos tenues, qu\u2019elles soient chic ou d\u00e9contract\u00e9es.Un bijou unique qui allie savoir-faire artisanal et \u00e9l\u00e9gance contemporaine, id\u00e9al pour sublimer votre style au quotidien ou lors de vos occasions sp\u00e9ciales.","breadcrumb":{"@id":"https:\/\/minaccessorie.com\/produit\/bracelet-solaria\/#breadcrumb"},"inLanguage":"en-CA","potentialAction":[{"@type":"ReadAction","target":["https:\/\/minaccessorie.com\/produit\/bracelet-solaria\/"]}]},{"@type":"ImageObject","inLanguage":"en-CA","@id":"https:\/\/minaccessorie.com\/produit\/bracelet-solaria\/#primaryimage","url":"https:\/\/minaccessorie.com\/wp-content\/uploads\/2025\/09\/Unknown-7.jpg","contentUrl":"https:\/\/minaccessorie.com\/wp-content\/uploads\/2025\/09\/Unknown-7.jpg","width":1024,"height":1536},{"@type":"BreadcrumbList","@id":"https:\/\/minaccessorie.com\/produit\/bracelet-solaria\/#breadcrumb","itemListElement":[{"@type":"ListItem","position":1,"name":"Accueil","item":"https:\/\/minaccessorie.com\/"},{"@type":"ListItem","position":2,"name":"Boutique","item":"https:\/\/minaccessorie.com\/boutique\/"},{"@type":"ListItem","position":3,"name":"Bracelet Solaria"}]},{"@type":"WebSite","@id":"https:\/\/minaccessorie.com\/#website","url":"https:\/\/minaccessorie.com\/","name":"minaccessorie","description":"minaccessorie","publisher":{"@id":"https:\/\/minaccessorie.com\/#organization"},"potentialAction":[{"@type":"SearchAction","target":{"@type":"EntryPoint","urlTemplate":"https:\/\/minaccessorie.com\/?s={search_term_string}"},"query-input":{"@type":"PropertyValueSpecification","valueRequired":true,"valueName":"search_term_string"}}],"inLanguage":"en-CA"},{"@type":"Organization","@id":"https:\/\/minaccessorie.com\/#organization","name":"minaccessorie","url":"https:\/\/minaccessorie.com\/","logo":{"@type":"ImageObject","inLanguage":"en-CA","@id":"https:\/\/minaccessorie.com\/#\/schema\/logo\/image\/","url":"https:\/\/minaccessorie.com\/wp-content\/uploads\/2021\/04\/cropped-cropped-Logo-Minaccessorie-1.png","contentUrl":"https:\/\/minaccessorie.com\/wp-content\/uploads\/2021\/04\/cropped-cropped-Logo-Minaccessorie-1.png","width":512,"height":511,"caption":"minaccessorie"},"image":{"@id":"https:\/\/minaccessorie.com\/#\/schema\/logo\/image\/"},"sameAs":["https:\/\/www.facebook.com\/minaaccessories.tn","https:\/\/www.instagram.com\/minaccessorie\/","https:\/\/www.pinterest.ca\/minaaccessoriesfromtunisia\/","https:\/\/www.youtube.com\/channel\/UCn-CiGlAI6SmohIimHfDeVg\/featured"]}]}},"_links":{"self":[{"href":"https:\/\/minaccessorie.com\/en\/wp-json\/wp\/v2\/product\/1556","targetHints":{"allow":["GET"]}}],"collection":[{"href":"https:\/\/minaccessorie.com\/en\/wp-json\/wp\/v2\/product"}],"about":[{"href":"https:\/\/minaccessorie.com\/en\/wp-json\/wp\/v2\/types\/product"}],"replies":[{"embeddable":true,"href":"https:\/\/minaccessorie.com\/en\/wp-json\/wp\/v2\/comments?post=1556"}],"wp:featuredmedia":[{"embeddable":true,"href":"https:\/\/minaccessorie.com\/en\/wp-json\/wp\/v2\/media\/1558"}],"wp:attachment":[{"href":"https:\/\/minaccessorie.com\/en\/wp-json\/wp\/v2\/media?parent=1556"}],"wp:term":[{"taxonomy":"product_brand","embeddable":true,"href":"https:\/\/minaccessorie.com\/en\/wp-json\/wp\/v2\/product_brand?post=1556"},{"taxonomy":"product_cat","embeddable":true,"href":"https:\/\/minaccessorie.com\/en\/wp-json\/wp\/v2\/product_cat?post=1556"},{"taxonomy":"product_tag","embeddable":true,"href":"https:\/\/minaccessorie.com\/en\/wp-json\/wp\/v2\/product_tag?post=1556"}],"curies":[{"name":"wp","href":"https:\/\/api.w.org\/{rel}","templated":true}]}}