{"id":1577,"date":"2025-11-07T20:54:47","date_gmt":"2025-11-08T01:54:47","guid":{"rendered":"https:\/\/minaccessorie.com\/?post_type=product&#038;p=1577"},"modified":"2026-04-09T23:23:10","modified_gmt":"2026-04-10T03:23:10","slug":"boucles-lumea","status":"publish","type":"product","link":"https:\/\/minaccessorie.com\/en\/product\/boucles-lumea\/","title":{"rendered":"Boucles Lum\u00e9a"},"content":{"rendered":"<div class=\"flex max-w-full flex-col flex-grow\">\n<div class=\"min-h-8 text-message flex w-full flex-col items-end gap-2 whitespace-normal break-words [.text-message+&amp;]:mt-5\" dir=\"auto\" data-message-author-role=\"assistant\" data-message-id=\"b96f53de-ead3-4c2a-ac61-c2fb04dc21a1\" data-message-model-slug=\"gpt-4o\">\n<div class=\"flex w-full flex-col gap-1 empty:hidden first:pt-[3px]\">\n<div class=\"markdown prose w-full break-words dark:prose-invert light\">\n<ul>\n<li>\n<p data-start=\"34\" data-end=\"236\">Les boucles Lum\u00e9a incarnent la douceur et la lumi\u00e8re int\u00e9rieure de chaque femme.<br data-start=\"118\" data-end=\"121\" \/>Avec leur forme de c\u0153ur d\u00e9licatement dessin\u00e9e, elles symbolisent l\u2019amour, la f\u00e9minit\u00e9 et l\u2019\u00e9l\u00e9gance intemporelle.<\/p>\n<\/li>\n<li>\n<p data-start=\"34\" data-end=\"236\">Fabriqu\u00e9es en acier inoxydable, elles conservent leur \u00e9clat dor\u00e9 sans ternir ni s\u2019oxyder \u2014 parfaites pour un usage quotidien ou pour sublimer vos tenues les plus raffin\u00e9es.<br data-start=\"414\" data-end=\"417\" \/>Leur design minimaliste et harmonieux s\u2019adapte \u00e0 tous les styles, apportant une touche de chaleur et de lumi\u00e8re \u00e0 chaque mouvement.<\/p>\n<\/li>\n<li>\n<p data-start=\"34\" data-end=\"236\">\u2728 <strong data-start=\"554\" data-end=\"578\">D\u00e9tails du produit :<\/strong><br data-start=\"578\" data-end=\"581\" \/>\u2013 Mat\u00e9riau : Acier inoxydable dor\u00e9 (hypoallerg\u00e9nique)<br data-start=\"634\" data-end=\"637\" \/>\u2013 Forme : C\u0153ur textur\u00e9<br data-start=\"659\" data-end=\"662\" \/>\u2013 Taille : ajust\u00e9e et l\u00e9g\u00e8re pour un confort optimal<br data-start=\"714\" data-end=\"717\" \/>\u2013 R\u00e9sistantes \u00e0 l\u2019eau et au ternissement<\/p>\n<p data-start=\"761\" data-end=\"838\">\ud83d\udc9b <strong data-start=\"764\" data-end=\"773\">Lum\u00e9a<\/strong>, parce que chaque d\u00e9tail brille quand il est port\u00e9 avec amour.<\/p>\n<\/li>\n<\/ul>\n<\/div>\n<\/div>\n<\/div>\n<\/div>\n<div class=\"mb-2 flex gap-3 empty:hidden -ml-2\"><\/div>\n","protected":false},"excerpt":{"rendered":"<ul>\n<li>\n<p data-start=\"123\" data-end=\"424\"><strong data-start=\"0\" data-end=\"30\" data-is-only-node=\"\">Boucles d\u2019oreilles Lum\u00e9a \u2728<\/strong><\/p>\n<\/li>\n<li>\n<p data-start=\"123\" data-end=\"424\">Laissez rayonner votre \u00e9l\u00e9gance avec <strong data-start=\"70\" data-end=\"79\">Lum\u00e9a<\/strong>, des boucles en forme de c\u0153ur symbolisant amour et lumi\u00e8re.<\/p>\n<\/li>\n<li>\n<p data-start=\"123\" data-end=\"424\">Con\u00e7ues en <strong data-start=\"153\" data-end=\"178\">acier inoxydable dor\u00e9<\/strong>, elles sont <strong data-start=\"191\" data-end=\"233\">hypoallerg\u00e9niques, r\u00e9sistantes \u00e0 l\u2019eau<\/strong> et conservent leur \u00e9clat au fil du temps.<\/p>\n<\/li>\n<li>\n<p data-start=\"123\" data-end=\"424\">un bijou d\u00e9licat et intemporel \u00e0 porter chaque jour.<\/p>\n<\/li>\n<\/ul>","protected":false},"featured_media":1580,"comment_status":"open","ping_status":"closed","template":"","meta":[],"product_brand":[],"product_cat":[28],"product_tag":[],"class_list":{"0":"post-1577","1":"product","2":"type-product","3":"status-publish","4":"has-post-thumbnail","6":"product_cat-boucles","8":"first","9":"instock","10":"taxable","11":"shipping-taxable","12":"purchasable","13":"product-type-simple"},"yoast_head":"<!-- This site is optimized with the Yoast SEO plugin v27.3 - https:\/\/yoast.com\/product\/yoast-seo-wordpress\/ -->\n<title>Boucles Lum\u00e9a - minaccessorie<\/title>\n<meta name=\"description\" content=\"Les boucles Lum\u00e9a incarnent la douceur et la lumi\u00e8re int\u00e9rieure de chaque femme.Avec leur forme de c\u0153ur d\u00e9licatement dessin\u00e9e, elles symbolisent l\u2019amour, la f\u00e9minit\u00e9 et l\u2019\u00e9l\u00e9gance intemporelle.\" \/>\n<meta name=\"robots\" content=\"index, follow, max-snippet:-1, max-image-preview:large, max-video-preview:-1\" \/>\n<link rel=\"canonical\" href=\"https:\/\/minaccessorie.com\/en\/product\/boucles-lumea\/\" \/>\n<meta property=\"og:locale\" content=\"en_US\" \/>\n<meta property=\"og:type\" content=\"article\" \/>\n<meta property=\"og:title\" content=\"Boucles Lum\u00e9a - minaccessorie\" \/>\n<meta property=\"og:description\" content=\"Les boucles Lum\u00e9a incarnent la douceur et la lumi\u00e8re int\u00e9rieure de chaque femme.Avec leur forme de c\u0153ur d\u00e9licatement dessin\u00e9e, elles symbolisent l\u2019amour, la f\u00e9minit\u00e9 et l\u2019\u00e9l\u00e9gance intemporelle.\" \/>\n<meta property=\"og:url\" content=\"https:\/\/minaccessorie.com\/en\/product\/boucles-lumea\/\" \/>\n<meta property=\"og:site_name\" content=\"minaccessorie\" \/>\n<meta property=\"article:publisher\" content=\"https:\/\/www.facebook.com\/minaaccessories.tn\" \/>\n<meta property=\"article:modified_time\" content=\"2026-04-10T03:23:10+00:00\" \/>\n<meta property=\"og:image\" content=\"https:\/\/minaccessorie.com\/wp-content\/uploads\/2025\/11\/Unknown-15.jpg\" \/>\n\t<meta property=\"og:image:width\" content=\"1024\" \/>\n\t<meta property=\"og:image:height\" content=\"1365\" \/>\n\t<meta property=\"og:image:type\" content=\"image\/jpeg\" \/>\n<meta name=\"twitter:card\" content=\"summary_large_image\" \/>\n<meta name=\"twitter:label1\" content=\"Est. reading time\" \/>\n\t<meta name=\"twitter:data1\" content=\"1 minute\" \/>\n<script type=\"application\/ld+json\" class=\"yoast-schema-graph\">{\"@context\":\"https:\\\/\\\/schema.org\",\"@graph\":[{\"@type\":\"WebPage\",\"@id\":\"https:\\\/\\\/minaccessorie.com\\\/produit\\\/boucles-lumea\\\/\",\"url\":\"https:\\\/\\\/minaccessorie.com\\\/produit\\\/boucles-lumea\\\/\",\"name\":\"Boucles Lum\u00e9a - minaccessorie\",\"isPartOf\":{\"@id\":\"https:\\\/\\\/minaccessorie.com\\\/#website\"},\"primaryImageOfPage\":{\"@id\":\"https:\\\/\\\/minaccessorie.com\\\/produit\\\/boucles-lumea\\\/#primaryimage\"},\"image\":{\"@id\":\"https:\\\/\\\/minaccessorie.com\\\/produit\\\/boucles-lumea\\\/#primaryimage\"},\"thumbnailUrl\":\"https:\\\/\\\/minaccessorie.com\\\/wp-content\\\/uploads\\\/2025\\\/11\\\/Unknown-15.jpg\",\"datePublished\":\"2025-11-08T01:54:47+00:00\",\"dateModified\":\"2026-04-10T03:23:10+00:00\",\"description\":\"Les boucles Lum\u00e9a incarnent la douceur et la lumi\u00e8re int\u00e9rieure de chaque femme.Avec leur forme de c\u0153ur d\u00e9licatement dessin\u00e9e, elles symbolisent l\u2019amour, la f\u00e9minit\u00e9 et l\u2019\u00e9l\u00e9gance intemporelle.\",\"breadcrumb\":{\"@id\":\"https:\\\/\\\/minaccessorie.com\\\/produit\\\/boucles-lumea\\\/#breadcrumb\"},\"inLanguage\":\"en-CA\",\"potentialAction\":[{\"@type\":\"ReadAction\",\"target\":[\"https:\\\/\\\/minaccessorie.com\\\/produit\\\/boucles-lumea\\\/\"]}]},{\"@type\":\"ImageObject\",\"inLanguage\":\"en-CA\",\"@id\":\"https:\\\/\\\/minaccessorie.com\\\/produit\\\/boucles-lumea\\\/#primaryimage\",\"url\":\"https:\\\/\\\/minaccessorie.com\\\/wp-content\\\/uploads\\\/2025\\\/11\\\/Unknown-15.jpg\",\"contentUrl\":\"https:\\\/\\\/minaccessorie.com\\\/wp-content\\\/uploads\\\/2025\\\/11\\\/Unknown-15.jpg\",\"width\":1024,\"height\":1365},{\"@type\":\"BreadcrumbList\",\"@id\":\"https:\\\/\\\/minaccessorie.com\\\/produit\\\/boucles-lumea\\\/#breadcrumb\",\"itemListElement\":[{\"@type\":\"ListItem\",\"position\":1,\"name\":\"Accueil\",\"item\":\"https:\\\/\\\/minaccessorie.com\\\/\"},{\"@type\":\"ListItem\",\"position\":2,\"name\":\"Boutique\",\"item\":\"https:\\\/\\\/minaccessorie.com\\\/boutique\\\/\"},{\"@type\":\"ListItem\",\"position\":3,\"name\":\"Boucles Lum\u00e9a\"}]},{\"@type\":\"WebSite\",\"@id\":\"https:\\\/\\\/minaccessorie.com\\\/#website\",\"url\":\"https:\\\/\\\/minaccessorie.com\\\/\",\"name\":\"minaccessorie\",\"description\":\"minaccessorie\",\"publisher\":{\"@id\":\"https:\\\/\\\/minaccessorie.com\\\/#organization\"},\"potentialAction\":[{\"@type\":\"SearchAction\",\"target\":{\"@type\":\"EntryPoint\",\"urlTemplate\":\"https:\\\/\\\/minaccessorie.com\\\/?s={search_term_string}\"},\"query-input\":{\"@type\":\"PropertyValueSpecification\",\"valueRequired\":true,\"valueName\":\"search_term_string\"}}],\"inLanguage\":\"en-CA\"},{\"@type\":\"Organization\",\"@id\":\"https:\\\/\\\/minaccessorie.com\\\/#organization\",\"name\":\"minaccessorie\",\"url\":\"https:\\\/\\\/minaccessorie.com\\\/\",\"logo\":{\"@type\":\"ImageObject\",\"inLanguage\":\"en-CA\",\"@id\":\"https:\\\/\\\/minaccessorie.com\\\/#\\\/schema\\\/logo\\\/image\\\/\",\"url\":\"https:\\\/\\\/minaccessorie.com\\\/wp-content\\\/uploads\\\/2021\\\/04\\\/cropped-cropped-Logo-Minaccessorie-1.png\",\"contentUrl\":\"https:\\\/\\\/minaccessorie.com\\\/wp-content\\\/uploads\\\/2021\\\/04\\\/cropped-cropped-Logo-Minaccessorie-1.png\",\"width\":512,\"height\":511,\"caption\":\"minaccessorie\"},\"image\":{\"@id\":\"https:\\\/\\\/minaccessorie.com\\\/#\\\/schema\\\/logo\\\/image\\\/\"},\"sameAs\":[\"https:\\\/\\\/www.facebook.com\\\/minaaccessories.tn\",\"https:\\\/\\\/www.instagram.com\\\/minaccessorie\\\/\",\"https:\\\/\\\/www.pinterest.ca\\\/minaaccessoriesfromtunisia\\\/\",\"https:\\\/\\\/www.youtube.com\\\/channel\\\/UCn-CiGlAI6SmohIimHfDeVg\\\/featured\"]}]}<\/script>\n<!-- \/ Yoast SEO plugin. -->","yoast_head_json":{"title":"Boucles Lum\u00e9a - minaccessorie","description":"Les boucles Lum\u00e9a incarnent la douceur et la lumi\u00e8re int\u00e9rieure de chaque femme.Avec leur forme de c\u0153ur d\u00e9licatement dessin\u00e9e, elles symbolisent l\u2019amour, la f\u00e9minit\u00e9 et l\u2019\u00e9l\u00e9gance intemporelle.","robots":{"index":"index","follow":"follow","max-snippet":"max-snippet:-1","max-image-preview":"max-image-preview:large","max-video-preview":"max-video-preview:-1"},"canonical":"https:\/\/minaccessorie.com\/en\/product\/boucles-lumea\/","og_locale":"en_US","og_type":"article","og_title":"Boucles Lum\u00e9a - minaccessorie","og_description":"Les boucles Lum\u00e9a incarnent la douceur et la lumi\u00e8re int\u00e9rieure de chaque femme.Avec leur forme de c\u0153ur d\u00e9licatement dessin\u00e9e, elles symbolisent l\u2019amour, la f\u00e9minit\u00e9 et l\u2019\u00e9l\u00e9gance intemporelle.","og_url":"https:\/\/minaccessorie.com\/en\/product\/boucles-lumea\/","og_site_name":"minaccessorie","article_publisher":"https:\/\/www.facebook.com\/minaaccessories.tn","article_modified_time":"2026-04-10T03:23:10+00:00","og_image":[{"width":1024,"height":1365,"url":"https:\/\/minaccessorie.com\/wp-content\/uploads\/2025\/11\/Unknown-15.jpg","type":"image\/jpeg"}],"twitter_card":"summary_large_image","twitter_misc":{"Est. reading time":"1 minute"},"schema":{"@context":"https:\/\/schema.org","@graph":[{"@type":"WebPage","@id":"https:\/\/minaccessorie.com\/produit\/boucles-lumea\/","url":"https:\/\/minaccessorie.com\/produit\/boucles-lumea\/","name":"Boucles Lum\u00e9a - minaccessorie","isPartOf":{"@id":"https:\/\/minaccessorie.com\/#website"},"primaryImageOfPage":{"@id":"https:\/\/minaccessorie.com\/produit\/boucles-lumea\/#primaryimage"},"image":{"@id":"https:\/\/minaccessorie.com\/produit\/boucles-lumea\/#primaryimage"},"thumbnailUrl":"https:\/\/minaccessorie.com\/wp-content\/uploads\/2025\/11\/Unknown-15.jpg","datePublished":"2025-11-08T01:54:47+00:00","dateModified":"2026-04-10T03:23:10+00:00","description":"Les boucles Lum\u00e9a incarnent la douceur et la lumi\u00e8re int\u00e9rieure de chaque femme.Avec leur forme de c\u0153ur d\u00e9licatement dessin\u00e9e, elles symbolisent l\u2019amour, la f\u00e9minit\u00e9 et l\u2019\u00e9l\u00e9gance intemporelle.","breadcrumb":{"@id":"https:\/\/minaccessorie.com\/produit\/boucles-lumea\/#breadcrumb"},"inLanguage":"en-CA","potentialAction":[{"@type":"ReadAction","target":["https:\/\/minaccessorie.com\/produit\/boucles-lumea\/"]}]},{"@type":"ImageObject","inLanguage":"en-CA","@id":"https:\/\/minaccessorie.com\/produit\/boucles-lumea\/#primaryimage","url":"https:\/\/minaccessorie.com\/wp-content\/uploads\/2025\/11\/Unknown-15.jpg","contentUrl":"https:\/\/minaccessorie.com\/wp-content\/uploads\/2025\/11\/Unknown-15.jpg","width":1024,"height":1365},{"@type":"BreadcrumbList","@id":"https:\/\/minaccessorie.com\/produit\/boucles-lumea\/#breadcrumb","itemListElement":[{"@type":"ListItem","position":1,"name":"Accueil","item":"https:\/\/minaccessorie.com\/"},{"@type":"ListItem","position":2,"name":"Boutique","item":"https:\/\/minaccessorie.com\/boutique\/"},{"@type":"ListItem","position":3,"name":"Boucles Lum\u00e9a"}]},{"@type":"WebSite","@id":"https:\/\/minaccessorie.com\/#website","url":"https:\/\/minaccessorie.com\/","name":"minaccessorie","description":"minaccessorie","publisher":{"@id":"https:\/\/minaccessorie.com\/#organization"},"potentialAction":[{"@type":"SearchAction","target":{"@type":"EntryPoint","urlTemplate":"https:\/\/minaccessorie.com\/?s={search_term_string}"},"query-input":{"@type":"PropertyValueSpecification","valueRequired":true,"valueName":"search_term_string"}}],"inLanguage":"en-CA"},{"@type":"Organization","@id":"https:\/\/minaccessorie.com\/#organization","name":"minaccessorie","url":"https:\/\/minaccessorie.com\/","logo":{"@type":"ImageObject","inLanguage":"en-CA","@id":"https:\/\/minaccessorie.com\/#\/schema\/logo\/image\/","url":"https:\/\/minaccessorie.com\/wp-content\/uploads\/2021\/04\/cropped-cropped-Logo-Minaccessorie-1.png","contentUrl":"https:\/\/minaccessorie.com\/wp-content\/uploads\/2021\/04\/cropped-cropped-Logo-Minaccessorie-1.png","width":512,"height":511,"caption":"minaccessorie"},"image":{"@id":"https:\/\/minaccessorie.com\/#\/schema\/logo\/image\/"},"sameAs":["https:\/\/www.facebook.com\/minaaccessories.tn","https:\/\/www.instagram.com\/minaccessorie\/","https:\/\/www.pinterest.ca\/minaaccessoriesfromtunisia\/","https:\/\/www.youtube.com\/channel\/UCn-CiGlAI6SmohIimHfDeVg\/featured"]}]}},"_links":{"self":[{"href":"https:\/\/minaccessorie.com\/en\/wp-json\/wp\/v2\/product\/1577","targetHints":{"allow":["GET"]}}],"collection":[{"href":"https:\/\/minaccessorie.com\/en\/wp-json\/wp\/v2\/product"}],"about":[{"href":"https:\/\/minaccessorie.com\/en\/wp-json\/wp\/v2\/types\/product"}],"replies":[{"embeddable":true,"href":"https:\/\/minaccessorie.com\/en\/wp-json\/wp\/v2\/comments?post=1577"}],"wp:featuredmedia":[{"embeddable":true,"href":"https:\/\/minaccessorie.com\/en\/wp-json\/wp\/v2\/media\/1580"}],"wp:attachment":[{"href":"https:\/\/minaccessorie.com\/en\/wp-json\/wp\/v2\/media?parent=1577"}],"wp:term":[{"taxonomy":"product_brand","embeddable":true,"href":"https:\/\/minaccessorie.com\/en\/wp-json\/wp\/v2\/product_brand?post=1577"},{"taxonomy":"product_cat","embeddable":true,"href":"https:\/\/minaccessorie.com\/en\/wp-json\/wp\/v2\/product_cat?post=1577"},{"taxonomy":"product_tag","embeddable":true,"href":"https:\/\/minaccessorie.com\/en\/wp-json\/wp\/v2\/product_tag?post=1577"}],"curies":[{"name":"wp","href":"https:\/\/api.w.org\/{rel}","templated":true}]}}