{"id":1581,"date":"2025-11-07T21:22:39","date_gmt":"2025-11-08T02:22:39","guid":{"rendered":"https:\/\/minaccessorie.com\/?post_type=product&#038;p=1581"},"modified":"2026-02-11T11:27:08","modified_gmt":"2026-02-11T16:27:08","slug":"bague-duo-spiralis","status":"publish","type":"product","link":"https:\/\/minaccessorie.com\/en\/product\/bague-duo-spiralis\/","title":{"rendered":"Bague Duo Spiralis"},"content":{"rendered":"<div class=\"flex max-w-full flex-col flex-grow\">\n<div class=\"min-h-8 text-message flex w-full flex-col items-end gap-2 whitespace-normal break-words [.text-message+&amp;]:mt-5\" dir=\"auto\" data-message-author-role=\"assistant\" data-message-id=\"b96f53de-ead3-4c2a-ac61-c2fb04dc21a1\" data-message-model-slug=\"gpt-4o\">\n<div class=\"flex w-full flex-col gap-1 empty:hidden first:pt-[3px]\">\n<div class=\"markdown prose w-full break-words dark:prose-invert light\">\n<ul>\n<li>\n<p data-start=\"83\" data-end=\"147\">Bague Duo Spiralis \u2013 \u00c9l\u00e9gance intemporelle et symbolique<\/p>\n<\/li>\n<li>\n<p data-start=\"83\" data-end=\"147\">Laisse-toi s\u00e9duire par l\u2019\u00e9l\u00e9gance minimaliste de la bague Duo Spiralis, une pi\u00e8ce qui allie harmonie et mouvement. Inspir\u00e9e de la forme naturelle de la spirale, symbole d\u2019\u00e9nergie et de renouveau, cette bague incarne la fluidit\u00e9 et l\u2019\u00e9quilibre parfait.<\/p>\n<\/li>\n<li>\n<p data-start=\"83\" data-end=\"147\">Con\u00e7ue en acier inoxydable dor\u00e9, elle r\u00e9siste \u00e0 l\u2019eau et au ternissement, garantissant un \u00e9clat durable au quotidien. Sa taille r\u00e9glable s\u2019adapte facilement \u00e0 tous les doigts, offrant confort et libert\u00e9 de port.<\/p>\n<\/li>\n<li>\n<p data-start=\"83\" data-end=\"147\">Chaque courbe raconte une histoire \u2013 celle d\u2019un style \u00e0 la fois moderne, intemporel et profond\u00e9ment symbolique.<\/p>\n<\/li>\n<li>\n<p data-start=\"83\" data-end=\"147\">\u2728 D\u00e9tails du produit :<\/p>\n<ul data-start=\"775\" data-end=\"912\">\n<li data-start=\"775\" data-end=\"811\">\n<p data-start=\"777\" data-end=\"811\">Mat\u00e9riau : Acier inoxydable dor\u00e9<\/p>\n<\/li>\n<li data-start=\"812\" data-end=\"834\">\n<p data-start=\"814\" data-end=\"834\">Taille : Ajustable<\/p>\n<\/li>\n<li data-start=\"835\" data-end=\"878\">\n<p data-start=\"837\" data-end=\"878\">R\u00e9sistante \u00e0 l\u2019eau et \u00e0 la d\u00e9coloration<\/p>\n<\/li>\n<li data-start=\"879\" data-end=\"912\">\n<p data-start=\"881\" data-end=\"912\">Finition brillante et durable<\/p>\n<\/li>\n<\/ul>\n<\/li>\n<\/ul>\n<\/div>\n<\/div>\n<\/div>\n<\/div>\n<div class=\"mb-2 flex gap-3 empty:hidden -ml-2\"><\/div>\n","protected":false},"excerpt":{"rendered":"<ul>\n<li>\n<p data-start=\"83\" data-end=\"147\">Bague Duo Spiralis \u2013 \u00c9l\u00e9gance intemporelle et symbolique<\/p>\n<\/li>\n<li>\n<p data-start=\"83\" data-end=\"147\">Con\u00e7ue en acier inoxydable dor\u00e9, elle r\u00e9siste \u00e0 l\u2019eau et au ternissement, garantissant un \u00e9clat durable au quotidien. Sa taille r\u00e9glable s\u2019adapte facilement \u00e0 tous les doigts, offrant confort et libert\u00e9 de port.<\/p>\n<\/li>\n<li>\n<p data-start=\"83\" data-end=\"147\">Chaque courbe raconte une histoire \u2013 celle d\u2019un style \u00e0 la fois moderne, intemporel et profond\u00e9ment symbolique.<\/p>\n<\/li>\n<\/ul>","protected":false},"featured_media":1582,"comment_status":"open","ping_status":"closed","template":"","meta":[],"product_brand":[],"product_cat":[29],"product_tag":[],"class_list":{"0":"post-1581","1":"product","2":"type-product","3":"status-publish","4":"has-post-thumbnail","6":"product_cat-bagues","8":"first","9":"instock","10":"taxable","11":"shipping-taxable","12":"purchasable","13":"product-type-simple"},"yoast_head":"<!-- This site is optimized with the Yoast SEO plugin v27.3 - https:\/\/yoast.com\/product\/yoast-seo-wordpress\/ -->\n<title>Bague Duo Spiralis - minaccessorie<\/title>\n<meta name=\"robots\" content=\"index, follow, max-snippet:-1, max-image-preview:large, max-video-preview:-1\" \/>\n<link rel=\"canonical\" href=\"https:\/\/minaccessorie.com\/en\/product\/bague-duo-spiralis\/\" \/>\n<meta property=\"og:locale\" content=\"en_US\" \/>\n<meta property=\"og:type\" content=\"article\" \/>\n<meta property=\"og:title\" content=\"Bague Duo Spiralis - minaccessorie\" \/>\n<meta property=\"og:description\" content=\"Bague Duo Spiralis \u2013 \u00c9l\u00e9gance intemporelle et symbolique    Con\u00e7ue en acier inoxydable dor\u00e9, elle r\u00e9siste \u00e0 l\u2019eau et au ternissement, garantissant un \u00e9clat durable au quotidien. Sa taille r\u00e9glable s\u2019adapte facilement \u00e0 tous les doigts, offrant confort et libert\u00e9 de port.    Chaque courbe raconte une histoire \u2013 celle d\u2019un style \u00e0 la fois moderne, intemporel et profond\u00e9ment symbolique.\" \/>\n<meta property=\"og:url\" content=\"https:\/\/minaccessorie.com\/en\/product\/bague-duo-spiralis\/\" \/>\n<meta property=\"og:site_name\" content=\"minaccessorie\" \/>\n<meta property=\"article:publisher\" content=\"https:\/\/www.facebook.com\/minaaccessories.tn\" \/>\n<meta property=\"article:modified_time\" content=\"2026-02-11T16:27:08+00:00\" \/>\n<meta property=\"og:image\" content=\"https:\/\/minaccessorie.com\/wp-content\/uploads\/2025\/11\/Unknown-16.jpg\" \/>\n\t<meta property=\"og:image:width\" content=\"1024\" \/>\n\t<meta property=\"og:image:height\" content=\"1536\" \/>\n\t<meta property=\"og:image:type\" content=\"image\/jpeg\" \/>\n<meta name=\"twitter:card\" content=\"summary_large_image\" \/>\n<meta name=\"twitter:label1\" content=\"Est. reading time\" \/>\n\t<meta name=\"twitter:data1\" content=\"1 minute\" \/>\n<script type=\"application\/ld+json\" class=\"yoast-schema-graph\">{\"@context\":\"https:\\\/\\\/schema.org\",\"@graph\":[{\"@type\":\"WebPage\",\"@id\":\"https:\\\/\\\/minaccessorie.com\\\/produit\\\/bague-duo-spiralis\\\/\",\"url\":\"https:\\\/\\\/minaccessorie.com\\\/produit\\\/bague-duo-spiralis\\\/\",\"name\":\"Bague Duo Spiralis - minaccessorie\",\"isPartOf\":{\"@id\":\"https:\\\/\\\/minaccessorie.com\\\/#website\"},\"primaryImageOfPage\":{\"@id\":\"https:\\\/\\\/minaccessorie.com\\\/produit\\\/bague-duo-spiralis\\\/#primaryimage\"},\"image\":{\"@id\":\"https:\\\/\\\/minaccessorie.com\\\/produit\\\/bague-duo-spiralis\\\/#primaryimage\"},\"thumbnailUrl\":\"https:\\\/\\\/minaccessorie.com\\\/wp-content\\\/uploads\\\/2025\\\/11\\\/Unknown-16.jpg\",\"datePublished\":\"2025-11-08T02:22:39+00:00\",\"dateModified\":\"2026-02-11T16:27:08+00:00\",\"breadcrumb\":{\"@id\":\"https:\\\/\\\/minaccessorie.com\\\/produit\\\/bague-duo-spiralis\\\/#breadcrumb\"},\"inLanguage\":\"en-CA\",\"potentialAction\":[{\"@type\":\"ReadAction\",\"target\":[\"https:\\\/\\\/minaccessorie.com\\\/produit\\\/bague-duo-spiralis\\\/\"]}]},{\"@type\":\"ImageObject\",\"inLanguage\":\"en-CA\",\"@id\":\"https:\\\/\\\/minaccessorie.com\\\/produit\\\/bague-duo-spiralis\\\/#primaryimage\",\"url\":\"https:\\\/\\\/minaccessorie.com\\\/wp-content\\\/uploads\\\/2025\\\/11\\\/Unknown-16.jpg\",\"contentUrl\":\"https:\\\/\\\/minaccessorie.com\\\/wp-content\\\/uploads\\\/2025\\\/11\\\/Unknown-16.jpg\",\"width\":1024,\"height\":1536},{\"@type\":\"BreadcrumbList\",\"@id\":\"https:\\\/\\\/minaccessorie.com\\\/produit\\\/bague-duo-spiralis\\\/#breadcrumb\",\"itemListElement\":[{\"@type\":\"ListItem\",\"position\":1,\"name\":\"Accueil\",\"item\":\"https:\\\/\\\/minaccessorie.com\\\/\"},{\"@type\":\"ListItem\",\"position\":2,\"name\":\"Boutique\",\"item\":\"https:\\\/\\\/minaccessorie.com\\\/boutique\\\/\"},{\"@type\":\"ListItem\",\"position\":3,\"name\":\"Bague Duo Spiralis\"}]},{\"@type\":\"WebSite\",\"@id\":\"https:\\\/\\\/minaccessorie.com\\\/#website\",\"url\":\"https:\\\/\\\/minaccessorie.com\\\/\",\"name\":\"minaccessorie\",\"description\":\"minaccessorie\",\"publisher\":{\"@id\":\"https:\\\/\\\/minaccessorie.com\\\/#organization\"},\"potentialAction\":[{\"@type\":\"SearchAction\",\"target\":{\"@type\":\"EntryPoint\",\"urlTemplate\":\"https:\\\/\\\/minaccessorie.com\\\/?s={search_term_string}\"},\"query-input\":{\"@type\":\"PropertyValueSpecification\",\"valueRequired\":true,\"valueName\":\"search_term_string\"}}],\"inLanguage\":\"en-CA\"},{\"@type\":\"Organization\",\"@id\":\"https:\\\/\\\/minaccessorie.com\\\/#organization\",\"name\":\"minaccessorie\",\"url\":\"https:\\\/\\\/minaccessorie.com\\\/\",\"logo\":{\"@type\":\"ImageObject\",\"inLanguage\":\"en-CA\",\"@id\":\"https:\\\/\\\/minaccessorie.com\\\/#\\\/schema\\\/logo\\\/image\\\/\",\"url\":\"https:\\\/\\\/minaccessorie.com\\\/wp-content\\\/uploads\\\/2021\\\/04\\\/cropped-cropped-Logo-Minaccessorie-1.png\",\"contentUrl\":\"https:\\\/\\\/minaccessorie.com\\\/wp-content\\\/uploads\\\/2021\\\/04\\\/cropped-cropped-Logo-Minaccessorie-1.png\",\"width\":512,\"height\":511,\"caption\":\"minaccessorie\"},\"image\":{\"@id\":\"https:\\\/\\\/minaccessorie.com\\\/#\\\/schema\\\/logo\\\/image\\\/\"},\"sameAs\":[\"https:\\\/\\\/www.facebook.com\\\/minaaccessories.tn\",\"https:\\\/\\\/www.instagram.com\\\/minaccessorie\\\/\",\"https:\\\/\\\/www.pinterest.ca\\\/minaaccessoriesfromtunisia\\\/\",\"https:\\\/\\\/www.youtube.com\\\/channel\\\/UCn-CiGlAI6SmohIimHfDeVg\\\/featured\"]}]}<\/script>\n<!-- \/ Yoast SEO plugin. -->","yoast_head_json":{"title":"Bague Duo Spiralis - minaccessorie","robots":{"index":"index","follow":"follow","max-snippet":"max-snippet:-1","max-image-preview":"max-image-preview:large","max-video-preview":"max-video-preview:-1"},"canonical":"https:\/\/minaccessorie.com\/en\/product\/bague-duo-spiralis\/","og_locale":"en_US","og_type":"article","og_title":"Bague Duo Spiralis - minaccessorie","og_description":"Bague Duo Spiralis \u2013 \u00c9l\u00e9gance intemporelle et symbolique    Con\u00e7ue en acier inoxydable dor\u00e9, elle r\u00e9siste \u00e0 l\u2019eau et au ternissement, garantissant un \u00e9clat durable au quotidien. Sa taille r\u00e9glable s\u2019adapte facilement \u00e0 tous les doigts, offrant confort et libert\u00e9 de port.    Chaque courbe raconte une histoire \u2013 celle d\u2019un style \u00e0 la fois moderne, intemporel et profond\u00e9ment symbolique.","og_url":"https:\/\/minaccessorie.com\/en\/product\/bague-duo-spiralis\/","og_site_name":"minaccessorie","article_publisher":"https:\/\/www.facebook.com\/minaaccessories.tn","article_modified_time":"2026-02-11T16:27:08+00:00","og_image":[{"width":1024,"height":1536,"url":"https:\/\/minaccessorie.com\/wp-content\/uploads\/2025\/11\/Unknown-16.jpg","type":"image\/jpeg"}],"twitter_card":"summary_large_image","twitter_misc":{"Est. reading time":"1 minute"},"schema":{"@context":"https:\/\/schema.org","@graph":[{"@type":"WebPage","@id":"https:\/\/minaccessorie.com\/produit\/bague-duo-spiralis\/","url":"https:\/\/minaccessorie.com\/produit\/bague-duo-spiralis\/","name":"Bague Duo Spiralis - minaccessorie","isPartOf":{"@id":"https:\/\/minaccessorie.com\/#website"},"primaryImageOfPage":{"@id":"https:\/\/minaccessorie.com\/produit\/bague-duo-spiralis\/#primaryimage"},"image":{"@id":"https:\/\/minaccessorie.com\/produit\/bague-duo-spiralis\/#primaryimage"},"thumbnailUrl":"https:\/\/minaccessorie.com\/wp-content\/uploads\/2025\/11\/Unknown-16.jpg","datePublished":"2025-11-08T02:22:39+00:00","dateModified":"2026-02-11T16:27:08+00:00","breadcrumb":{"@id":"https:\/\/minaccessorie.com\/produit\/bague-duo-spiralis\/#breadcrumb"},"inLanguage":"en-CA","potentialAction":[{"@type":"ReadAction","target":["https:\/\/minaccessorie.com\/produit\/bague-duo-spiralis\/"]}]},{"@type":"ImageObject","inLanguage":"en-CA","@id":"https:\/\/minaccessorie.com\/produit\/bague-duo-spiralis\/#primaryimage","url":"https:\/\/minaccessorie.com\/wp-content\/uploads\/2025\/11\/Unknown-16.jpg","contentUrl":"https:\/\/minaccessorie.com\/wp-content\/uploads\/2025\/11\/Unknown-16.jpg","width":1024,"height":1536},{"@type":"BreadcrumbList","@id":"https:\/\/minaccessorie.com\/produit\/bague-duo-spiralis\/#breadcrumb","itemListElement":[{"@type":"ListItem","position":1,"name":"Accueil","item":"https:\/\/minaccessorie.com\/"},{"@type":"ListItem","position":2,"name":"Boutique","item":"https:\/\/minaccessorie.com\/boutique\/"},{"@type":"ListItem","position":3,"name":"Bague Duo Spiralis"}]},{"@type":"WebSite","@id":"https:\/\/minaccessorie.com\/#website","url":"https:\/\/minaccessorie.com\/","name":"minaccessorie","description":"minaccessorie","publisher":{"@id":"https:\/\/minaccessorie.com\/#organization"},"potentialAction":[{"@type":"SearchAction","target":{"@type":"EntryPoint","urlTemplate":"https:\/\/minaccessorie.com\/?s={search_term_string}"},"query-input":{"@type":"PropertyValueSpecification","valueRequired":true,"valueName":"search_term_string"}}],"inLanguage":"en-CA"},{"@type":"Organization","@id":"https:\/\/minaccessorie.com\/#organization","name":"minaccessorie","url":"https:\/\/minaccessorie.com\/","logo":{"@type":"ImageObject","inLanguage":"en-CA","@id":"https:\/\/minaccessorie.com\/#\/schema\/logo\/image\/","url":"https:\/\/minaccessorie.com\/wp-content\/uploads\/2021\/04\/cropped-cropped-Logo-Minaccessorie-1.png","contentUrl":"https:\/\/minaccessorie.com\/wp-content\/uploads\/2021\/04\/cropped-cropped-Logo-Minaccessorie-1.png","width":512,"height":511,"caption":"minaccessorie"},"image":{"@id":"https:\/\/minaccessorie.com\/#\/schema\/logo\/image\/"},"sameAs":["https:\/\/www.facebook.com\/minaaccessories.tn","https:\/\/www.instagram.com\/minaccessorie\/","https:\/\/www.pinterest.ca\/minaaccessoriesfromtunisia\/","https:\/\/www.youtube.com\/channel\/UCn-CiGlAI6SmohIimHfDeVg\/featured"]}]}},"_links":{"self":[{"href":"https:\/\/minaccessorie.com\/en\/wp-json\/wp\/v2\/product\/1581","targetHints":{"allow":["GET"]}}],"collection":[{"href":"https:\/\/minaccessorie.com\/en\/wp-json\/wp\/v2\/product"}],"about":[{"href":"https:\/\/minaccessorie.com\/en\/wp-json\/wp\/v2\/types\/product"}],"replies":[{"embeddable":true,"href":"https:\/\/minaccessorie.com\/en\/wp-json\/wp\/v2\/comments?post=1581"}],"wp:featuredmedia":[{"embeddable":true,"href":"https:\/\/minaccessorie.com\/en\/wp-json\/wp\/v2\/media\/1582"}],"wp:attachment":[{"href":"https:\/\/minaccessorie.com\/en\/wp-json\/wp\/v2\/media?parent=1581"}],"wp:term":[{"taxonomy":"product_brand","embeddable":true,"href":"https:\/\/minaccessorie.com\/en\/wp-json\/wp\/v2\/product_brand?post=1581"},{"taxonomy":"product_cat","embeddable":true,"href":"https:\/\/minaccessorie.com\/en\/wp-json\/wp\/v2\/product_cat?post=1581"},{"taxonomy":"product_tag","embeddable":true,"href":"https:\/\/minaccessorie.com\/en\/wp-json\/wp\/v2\/product_tag?post=1581"}],"curies":[{"name":"wp","href":"https:\/\/api.w.org\/{rel}","templated":true}]}}