{"id":1584,"date":"2025-11-09T17:25:33","date_gmt":"2025-11-09T22:25:33","guid":{"rendered":"https:\/\/minaccessorie.com\/?post_type=product&#038;p=1584"},"modified":"2026-02-11T11:27:10","modified_gmt":"2026-02-11T16:27:10","slug":"boucles-solene","status":"publish","type":"product","link":"https:\/\/minaccessorie.com\/en\/product\/boucles-solene\/","title":{"rendered":"Boucles Sol\u00e8ne"},"content":{"rendered":"<div class=\"flex max-w-full flex-col flex-grow\">\n<div class=\"min-h-8 text-message flex w-full flex-col items-end gap-2 whitespace-normal break-words [.text-message+&amp;]:mt-5\" dir=\"auto\" data-message-author-role=\"assistant\" data-message-id=\"b96f53de-ead3-4c2a-ac61-c2fb04dc21a1\" data-message-model-slug=\"gpt-4o\">\n<div class=\"flex w-full flex-col gap-1 empty:hidden first:pt-[3px]\">\n<div class=\"markdown prose w-full break-words dark:prose-invert light\">\n<ul>\n<li>\n<p data-start=\"78\" data-end=\"329\">\u00a0Ces boucles d\u2019oreilles en acier inoxydable dor\u00e9. Leur design en forme de n\u0153ud symbolise l\u2019union et l\u2019harmonie, tout en offrant une allure chic et raffin\u00e9e adapt\u00e9e \u00e0 toutes les occasions.<\/p>\n<\/li>\n<li>\n<p data-start=\"78\" data-end=\"329\">Fabriqu\u00e9es en acier inoxydable de haute qualit\u00e9, elles r\u00e9sistent \u00e0 l\u2019eau, ne ternissent pas et conservent leur \u00e9clat au fil du temps \u2014 parfaites pour un usage quotidien.<\/p>\n<\/li>\n<li>\n<p data-start=\"78\" data-end=\"329\">Leur format compact et l\u00e9ger assure un confort optimal, du matin jusqu\u2019au soir.<\/p>\n<\/li>\n<li>\n<p data-start=\"78\" data-end=\"329\">\u2728 <strong data-start=\"586\" data-end=\"610\">D\u00e9tails du produit :<\/strong><\/p>\n<ul data-start=\"613\" data-end=\"826\">\n<li data-start=\"613\" data-end=\"649\">\n<p data-start=\"615\" data-end=\"649\">Mat\u00e9riau : Acier inoxydable dor\u00e9<\/p>\n<\/li>\n<li data-start=\"650\" data-end=\"685\">\n<p data-start=\"652\" data-end=\"685\">Finition : Brillante et durable<\/p>\n<\/li>\n<li data-start=\"686\" data-end=\"716\">\n<p data-start=\"688\" data-end=\"716\">Fermoir : Tige et papillon<\/p>\n<\/li>\n<li data-start=\"717\" data-end=\"758\">\n<p data-start=\"719\" data-end=\"758\">Hypoallerg\u00e9nique et r\u00e9sistant \u00e0 l\u2019eau<\/p>\n<\/li>\n<li data-start=\"759\" data-end=\"826\">\n<p data-start=\"761\" data-end=\"826\">Design : N\u0153ud entrelac\u00e9 \u2013 symbole d\u2019\u00e9l\u00e9gance et de lien \u00e9ternel<\/p>\n<\/li>\n<\/ul>\n<p data-start=\"828\" data-end=\"969\">\n<\/li>\n<\/ul>\n<\/div>\n<\/div>\n<\/div>\n<\/div>\n<div class=\"mb-2 flex gap-3 empty:hidden -ml-2\"><\/div>\n","protected":false},"excerpt":{"rendered":"<ul>\n<li>\u00c9l\u00e9gantes et intemporelles, ces boucles d\u2019oreilles en acier inoxydable dor\u00e9 ajoutent une touche raffin\u00e9e \u00e0 toutes vos tenues.<\/li>\n<li>R\u00e9sistantes \u00e0 l\u2019eau et hypoallerg\u00e9niques, elles conservent leur \u00e9clat au quotidien.<\/li>\n<li>Un bijou symbolisant le lien et l\u2019harmonie, parfait pour un look chic et moderne.<\/li>\n<\/ul>","protected":false},"featured_media":1587,"comment_status":"open","ping_status":"closed","template":"","meta":[],"product_brand":[],"product_cat":[28],"product_tag":[],"class_list":{"0":"post-1584","1":"product","2":"type-product","3":"status-publish","4":"has-post-thumbnail","6":"product_cat-boucles","8":"first","9":"instock","10":"taxable","11":"shipping-taxable","12":"purchasable","13":"product-type-variable"},"yoast_head":"<!-- This site is optimized with the Yoast SEO plugin v27.3 - https:\/\/yoast.com\/product\/yoast-seo-wordpress\/ -->\n<title>Boucles Sol\u00e8ne - minaccessorie<\/title>\n<meta name=\"robots\" content=\"index, follow, max-snippet:-1, max-image-preview:large, max-video-preview:-1\" \/>\n<link rel=\"canonical\" href=\"https:\/\/minaccessorie.com\/en\/product\/boucles-solene\/\" \/>\n<meta property=\"og:locale\" content=\"en_US\" \/>\n<meta property=\"og:type\" content=\"article\" \/>\n<meta property=\"og:title\" content=\"Boucles Sol\u00e8ne - minaccessorie\" \/>\n<meta property=\"og:description\" content=\"\u00c9l\u00e9gantes et intemporelles, ces boucles d\u2019oreilles en acier inoxydable dor\u00e9 ajoutent une touche raffin\u00e9e \u00e0 toutes vos tenues.  R\u00e9sistantes \u00e0 l\u2019eau et hypoallerg\u00e9niques, elles conservent leur \u00e9clat au quotidien.  Un bijou symbolisant le lien et l\u2019harmonie, parfait pour un look chic et moderne.\" \/>\n<meta property=\"og:url\" content=\"https:\/\/minaccessorie.com\/en\/product\/boucles-solene\/\" \/>\n<meta property=\"og:site_name\" content=\"minaccessorie\" \/>\n<meta property=\"article:publisher\" content=\"https:\/\/www.facebook.com\/minaaccessories.tn\" \/>\n<meta property=\"article:modified_time\" content=\"2026-02-11T16:27:10+00:00\" \/>\n<meta property=\"og:image\" content=\"https:\/\/minaccessorie.com\/wp-content\/uploads\/2025\/11\/Unknown-17.jpg\" \/>\n\t<meta property=\"og:image:width\" content=\"1024\" \/>\n\t<meta property=\"og:image:height\" content=\"1536\" \/>\n\t<meta property=\"og:image:type\" content=\"image\/jpeg\" \/>\n<meta name=\"twitter:card\" content=\"summary_large_image\" \/>\n<meta name=\"twitter:label1\" content=\"Est. reading time\" \/>\n\t<meta name=\"twitter:data1\" content=\"1 minute\" \/>\n<script type=\"application\/ld+json\" class=\"yoast-schema-graph\">{\"@context\":\"https:\\\/\\\/schema.org\",\"@graph\":[{\"@type\":\"WebPage\",\"@id\":\"https:\\\/\\\/minaccessorie.com\\\/produit\\\/boucles-solene\\\/\",\"url\":\"https:\\\/\\\/minaccessorie.com\\\/produit\\\/boucles-solene\\\/\",\"name\":\"Boucles Sol\u00e8ne - minaccessorie\",\"isPartOf\":{\"@id\":\"https:\\\/\\\/minaccessorie.com\\\/#website\"},\"primaryImageOfPage\":{\"@id\":\"https:\\\/\\\/minaccessorie.com\\\/produit\\\/boucles-solene\\\/#primaryimage\"},\"image\":{\"@id\":\"https:\\\/\\\/minaccessorie.com\\\/produit\\\/boucles-solene\\\/#primaryimage\"},\"thumbnailUrl\":\"https:\\\/\\\/minaccessorie.com\\\/wp-content\\\/uploads\\\/2025\\\/11\\\/Unknown-17.jpg\",\"datePublished\":\"2025-11-09T22:25:33+00:00\",\"dateModified\":\"2026-02-11T16:27:10+00:00\",\"breadcrumb\":{\"@id\":\"https:\\\/\\\/minaccessorie.com\\\/produit\\\/boucles-solene\\\/#breadcrumb\"},\"inLanguage\":\"en-CA\",\"potentialAction\":[{\"@type\":\"ReadAction\",\"target\":[\"https:\\\/\\\/minaccessorie.com\\\/produit\\\/boucles-solene\\\/\"]}]},{\"@type\":\"ImageObject\",\"inLanguage\":\"en-CA\",\"@id\":\"https:\\\/\\\/minaccessorie.com\\\/produit\\\/boucles-solene\\\/#primaryimage\",\"url\":\"https:\\\/\\\/minaccessorie.com\\\/wp-content\\\/uploads\\\/2025\\\/11\\\/Unknown-17.jpg\",\"contentUrl\":\"https:\\\/\\\/minaccessorie.com\\\/wp-content\\\/uploads\\\/2025\\\/11\\\/Unknown-17.jpg\",\"width\":1024,\"height\":1536},{\"@type\":\"BreadcrumbList\",\"@id\":\"https:\\\/\\\/minaccessorie.com\\\/produit\\\/boucles-solene\\\/#breadcrumb\",\"itemListElement\":[{\"@type\":\"ListItem\",\"position\":1,\"name\":\"Accueil\",\"item\":\"https:\\\/\\\/minaccessorie.com\\\/\"},{\"@type\":\"ListItem\",\"position\":2,\"name\":\"Boutique\",\"item\":\"https:\\\/\\\/minaccessorie.com\\\/boutique\\\/\"},{\"@type\":\"ListItem\",\"position\":3,\"name\":\"Boucles Sol\u00e8ne\"}]},{\"@type\":\"WebSite\",\"@id\":\"https:\\\/\\\/minaccessorie.com\\\/#website\",\"url\":\"https:\\\/\\\/minaccessorie.com\\\/\",\"name\":\"minaccessorie\",\"description\":\"minaccessorie\",\"publisher\":{\"@id\":\"https:\\\/\\\/minaccessorie.com\\\/#organization\"},\"potentialAction\":[{\"@type\":\"SearchAction\",\"target\":{\"@type\":\"EntryPoint\",\"urlTemplate\":\"https:\\\/\\\/minaccessorie.com\\\/?s={search_term_string}\"},\"query-input\":{\"@type\":\"PropertyValueSpecification\",\"valueRequired\":true,\"valueName\":\"search_term_string\"}}],\"inLanguage\":\"en-CA\"},{\"@type\":\"Organization\",\"@id\":\"https:\\\/\\\/minaccessorie.com\\\/#organization\",\"name\":\"minaccessorie\",\"url\":\"https:\\\/\\\/minaccessorie.com\\\/\",\"logo\":{\"@type\":\"ImageObject\",\"inLanguage\":\"en-CA\",\"@id\":\"https:\\\/\\\/minaccessorie.com\\\/#\\\/schema\\\/logo\\\/image\\\/\",\"url\":\"https:\\\/\\\/minaccessorie.com\\\/wp-content\\\/uploads\\\/2021\\\/04\\\/cropped-cropped-Logo-Minaccessorie-1.png\",\"contentUrl\":\"https:\\\/\\\/minaccessorie.com\\\/wp-content\\\/uploads\\\/2021\\\/04\\\/cropped-cropped-Logo-Minaccessorie-1.png\",\"width\":512,\"height\":511,\"caption\":\"minaccessorie\"},\"image\":{\"@id\":\"https:\\\/\\\/minaccessorie.com\\\/#\\\/schema\\\/logo\\\/image\\\/\"},\"sameAs\":[\"https:\\\/\\\/www.facebook.com\\\/minaaccessories.tn\",\"https:\\\/\\\/www.instagram.com\\\/minaccessorie\\\/\",\"https:\\\/\\\/www.pinterest.ca\\\/minaaccessoriesfromtunisia\\\/\",\"https:\\\/\\\/www.youtube.com\\\/channel\\\/UCn-CiGlAI6SmohIimHfDeVg\\\/featured\"]}]}<\/script>\n<!-- \/ Yoast SEO plugin. -->","yoast_head_json":{"title":"Boucles Sol\u00e8ne - minaccessorie","robots":{"index":"index","follow":"follow","max-snippet":"max-snippet:-1","max-image-preview":"max-image-preview:large","max-video-preview":"max-video-preview:-1"},"canonical":"https:\/\/minaccessorie.com\/en\/product\/boucles-solene\/","og_locale":"en_US","og_type":"article","og_title":"Boucles Sol\u00e8ne - minaccessorie","og_description":"\u00c9l\u00e9gantes et intemporelles, ces boucles d\u2019oreilles en acier inoxydable dor\u00e9 ajoutent une touche raffin\u00e9e \u00e0 toutes vos tenues.  R\u00e9sistantes \u00e0 l\u2019eau et hypoallerg\u00e9niques, elles conservent leur \u00e9clat au quotidien.  Un bijou symbolisant le lien et l\u2019harmonie, parfait pour un look chic et moderne.","og_url":"https:\/\/minaccessorie.com\/en\/product\/boucles-solene\/","og_site_name":"minaccessorie","article_publisher":"https:\/\/www.facebook.com\/minaaccessories.tn","article_modified_time":"2026-02-11T16:27:10+00:00","og_image":[{"width":1024,"height":1536,"url":"https:\/\/minaccessorie.com\/wp-content\/uploads\/2025\/11\/Unknown-17.jpg","type":"image\/jpeg"}],"twitter_card":"summary_large_image","twitter_misc":{"Est. reading time":"1 minute"},"schema":{"@context":"https:\/\/schema.org","@graph":[{"@type":"WebPage","@id":"https:\/\/minaccessorie.com\/produit\/boucles-solene\/","url":"https:\/\/minaccessorie.com\/produit\/boucles-solene\/","name":"Boucles Sol\u00e8ne - minaccessorie","isPartOf":{"@id":"https:\/\/minaccessorie.com\/#website"},"primaryImageOfPage":{"@id":"https:\/\/minaccessorie.com\/produit\/boucles-solene\/#primaryimage"},"image":{"@id":"https:\/\/minaccessorie.com\/produit\/boucles-solene\/#primaryimage"},"thumbnailUrl":"https:\/\/minaccessorie.com\/wp-content\/uploads\/2025\/11\/Unknown-17.jpg","datePublished":"2025-11-09T22:25:33+00:00","dateModified":"2026-02-11T16:27:10+00:00","breadcrumb":{"@id":"https:\/\/minaccessorie.com\/produit\/boucles-solene\/#breadcrumb"},"inLanguage":"en-CA","potentialAction":[{"@type":"ReadAction","target":["https:\/\/minaccessorie.com\/produit\/boucles-solene\/"]}]},{"@type":"ImageObject","inLanguage":"en-CA","@id":"https:\/\/minaccessorie.com\/produit\/boucles-solene\/#primaryimage","url":"https:\/\/minaccessorie.com\/wp-content\/uploads\/2025\/11\/Unknown-17.jpg","contentUrl":"https:\/\/minaccessorie.com\/wp-content\/uploads\/2025\/11\/Unknown-17.jpg","width":1024,"height":1536},{"@type":"BreadcrumbList","@id":"https:\/\/minaccessorie.com\/produit\/boucles-solene\/#breadcrumb","itemListElement":[{"@type":"ListItem","position":1,"name":"Accueil","item":"https:\/\/minaccessorie.com\/"},{"@type":"ListItem","position":2,"name":"Boutique","item":"https:\/\/minaccessorie.com\/boutique\/"},{"@type":"ListItem","position":3,"name":"Boucles Sol\u00e8ne"}]},{"@type":"WebSite","@id":"https:\/\/minaccessorie.com\/#website","url":"https:\/\/minaccessorie.com\/","name":"minaccessorie","description":"minaccessorie","publisher":{"@id":"https:\/\/minaccessorie.com\/#organization"},"potentialAction":[{"@type":"SearchAction","target":{"@type":"EntryPoint","urlTemplate":"https:\/\/minaccessorie.com\/?s={search_term_string}"},"query-input":{"@type":"PropertyValueSpecification","valueRequired":true,"valueName":"search_term_string"}}],"inLanguage":"en-CA"},{"@type":"Organization","@id":"https:\/\/minaccessorie.com\/#organization","name":"minaccessorie","url":"https:\/\/minaccessorie.com\/","logo":{"@type":"ImageObject","inLanguage":"en-CA","@id":"https:\/\/minaccessorie.com\/#\/schema\/logo\/image\/","url":"https:\/\/minaccessorie.com\/wp-content\/uploads\/2021\/04\/cropped-cropped-Logo-Minaccessorie-1.png","contentUrl":"https:\/\/minaccessorie.com\/wp-content\/uploads\/2021\/04\/cropped-cropped-Logo-Minaccessorie-1.png","width":512,"height":511,"caption":"minaccessorie"},"image":{"@id":"https:\/\/minaccessorie.com\/#\/schema\/logo\/image\/"},"sameAs":["https:\/\/www.facebook.com\/minaaccessories.tn","https:\/\/www.instagram.com\/minaccessorie\/","https:\/\/www.pinterest.ca\/minaaccessoriesfromtunisia\/","https:\/\/www.youtube.com\/channel\/UCn-CiGlAI6SmohIimHfDeVg\/featured"]}]}},"_links":{"self":[{"href":"https:\/\/minaccessorie.com\/en\/wp-json\/wp\/v2\/product\/1584","targetHints":{"allow":["GET"]}}],"collection":[{"href":"https:\/\/minaccessorie.com\/en\/wp-json\/wp\/v2\/product"}],"about":[{"href":"https:\/\/minaccessorie.com\/en\/wp-json\/wp\/v2\/types\/product"}],"replies":[{"embeddable":true,"href":"https:\/\/minaccessorie.com\/en\/wp-json\/wp\/v2\/comments?post=1584"}],"wp:featuredmedia":[{"embeddable":true,"href":"https:\/\/minaccessorie.com\/en\/wp-json\/wp\/v2\/media\/1587"}],"wp:attachment":[{"href":"https:\/\/minaccessorie.com\/en\/wp-json\/wp\/v2\/media?parent=1584"}],"wp:term":[{"taxonomy":"product_brand","embeddable":true,"href":"https:\/\/minaccessorie.com\/en\/wp-json\/wp\/v2\/product_brand?post=1584"},{"taxonomy":"product_cat","embeddable":true,"href":"https:\/\/minaccessorie.com\/en\/wp-json\/wp\/v2\/product_cat?post=1584"},{"taxonomy":"product_tag","embeddable":true,"href":"https:\/\/minaccessorie.com\/en\/wp-json\/wp\/v2\/product_tag?post=1584"}],"curies":[{"name":"wp","href":"https:\/\/api.w.org\/{rel}","templated":true}]}}