{"id":1599,"date":"2025-11-23T22:26:06","date_gmt":"2025-11-24T03:26:06","guid":{"rendered":"https:\/\/minaccessorie.com\/?post_type=product&#038;p=1599"},"modified":"2026-02-11T02:52:10","modified_gmt":"2026-02-11T07:52:10","slug":"boucles-layali","status":"publish","type":"product","link":"https:\/\/minaccessorie.com\/en\/product\/boucles-layali\/","title":{"rendered":"Boucles Layali"},"content":{"rendered":"<div class=\"flex max-w-full flex-col flex-grow\">\n<div class=\"min-h-8 text-message flex w-full flex-col items-end gap-2 whitespace-normal break-words [.text-message+&amp;]:mt-5\" dir=\"auto\" data-message-author-role=\"assistant\" data-message-id=\"b96f53de-ead3-4c2a-ac61-c2fb04dc21a1\" data-message-model-slug=\"gpt-4o\">\n<div class=\"flex w-full flex-col gap-1 empty:hidden first:pt-[3px]\">\n<div class=\"markdown prose w-full break-words dark:prose-invert light\">\n<ul>\n<li>\n<p data-start=\"191\" data-end=\"461\">Laissez-vous s\u00e9duire par Layali, une paire de boucles d\u2019oreilles inspir\u00e9e de l\u2019\u00e9l\u00e9gance orientale et de la finesse artisanale.<\/p>\n<\/li>\n<li>\n<p data-start=\"191\" data-end=\"461\">Con\u00e7ues en cuivre plaqu\u00e9 or 18K, ces boucles m\u00ealent caract\u00e8re, symbolique et raffinement pour sublimer votre style en toute occasion.<\/p>\n<\/li>\n<li>\n<p data-start=\"191\" data-end=\"461\">Le m\u00e9daillon finement grav\u00e9 apporte une touche authentique et intemporelle, id\u00e9ale pour celles qui aiment porter des pi\u00e8ces fortes et significatives.<\/p>\n<\/li>\n<li>\n<p data-start=\"191\" data-end=\"461\">Leur finition lumineuse et leur structure l\u00e9g\u00e8re offrent un confort parfait du matin jusqu\u2019au soir.<\/p>\n<\/li>\n<li>\n<p data-start=\"463\" data-end=\"712\">\u2728 Caract\u00e9ristiques :<\/p>\n<ul data-start=\"741\" data-end=\"934\">\n<li data-start=\"741\" data-end=\"780\">\n<p data-start=\"743\" data-end=\"780\">Mat\u00e9riau : Cuivre plaqu\u00e9 or 18K<\/p>\n<\/li>\n<li data-start=\"781\" data-end=\"827\">\n<p data-start=\"783\" data-end=\"827\">Style : M\u00e9daillon grav\u00e9 fa\u00e7on calligraphie<\/p>\n<\/li>\n<li data-start=\"828\" data-end=\"850\">\n<p data-start=\"830\" data-end=\"850\">Couleur : Or chaud<\/p>\n<\/li>\n<li data-start=\"851\" data-end=\"888\">\n<p data-start=\"853\" data-end=\"888\">L\u00e9g\u00e8res, confortables et durables<\/p>\n<\/li>\n<li data-start=\"889\" data-end=\"934\">\n<p data-start=\"891\" data-end=\"934\">Finition travaill\u00e9e pour un rendu premium<\/p>\n<\/li>\n<\/ul>\n<p data-start=\"936\" data-end=\"1103\">\n<\/li>\n<\/ul>\n<\/div>\n<\/div>\n<\/div>\n<\/div>\n<div class=\"mb-2 flex gap-3 empty:hidden -ml-2\"><\/div>\n","protected":false},"excerpt":{"rendered":"<ul>\n<li>\n<p data-start=\"123\" data-end=\"424\">Boucles\u00a0Layali sont des boucles d\u2019oreilles en cuivre plaqu\u00e9 or 18K, con\u00e7ues pour illuminer votre style avec une touche d\u2019\u00e9l\u00e9gance orientale.<\/p>\n<\/li>\n<li>\n<p data-start=\"123\" data-end=\"424\">Leur m\u00e9daillon finement grav\u00e9 apporte caract\u00e8re et raffinement, tout en restant l\u00e9ger et agr\u00e9able \u00e0 porter au quotidien.<\/p>\n<\/li>\n<\/ul>","protected":false},"featured_media":1600,"comment_status":"open","ping_status":"closed","template":"","meta":[],"product_brand":[],"product_cat":[28],"product_tag":[],"class_list":{"0":"post-1599","1":"product","2":"type-product","3":"status-publish","4":"has-post-thumbnail","6":"product_cat-boucles","8":"first","9":"instock","10":"taxable","11":"shipping-taxable","12":"purchasable","13":"product-type-simple"},"yoast_head":"<!-- This site is optimized with the Yoast SEO plugin v27.3 - https:\/\/yoast.com\/product\/yoast-seo-wordpress\/ -->\n<title>Boucles Layali - minaccessorie<\/title>\n<meta name=\"robots\" content=\"index, follow, max-snippet:-1, max-image-preview:large, max-video-preview:-1\" \/>\n<link rel=\"canonical\" href=\"https:\/\/minaccessorie.com\/en\/product\/boucles-layali\/\" \/>\n<meta property=\"og:locale\" content=\"en_US\" \/>\n<meta property=\"og:type\" content=\"article\" \/>\n<meta property=\"og:title\" content=\"Boucles Layali - minaccessorie\" \/>\n<meta property=\"og:description\" content=\"Boucles\u00a0Layali sont des boucles d\u2019oreilles en cuivre plaqu\u00e9 or 18K, con\u00e7ues pour illuminer votre style avec une touche d\u2019\u00e9l\u00e9gance orientale.    Leur m\u00e9daillon finement grav\u00e9 apporte caract\u00e8re et raffinement, tout en restant l\u00e9ger et agr\u00e9able \u00e0 porter au quotidien.\" \/>\n<meta property=\"og:url\" content=\"https:\/\/minaccessorie.com\/en\/product\/boucles-layali\/\" \/>\n<meta property=\"og:site_name\" content=\"minaccessorie\" \/>\n<meta property=\"article:publisher\" content=\"https:\/\/www.facebook.com\/minaaccessories.tn\" \/>\n<meta property=\"article:modified_time\" content=\"2026-02-11T07:52:10+00:00\" \/>\n<meta property=\"og:image\" content=\"https:\/\/minaccessorie.com\/wp-content\/uploads\/2025\/11\/Unknown-20.jpg\" \/>\n\t<meta property=\"og:image:width\" content=\"1024\" \/>\n\t<meta property=\"og:image:height\" content=\"1280\" \/>\n\t<meta property=\"og:image:type\" content=\"image\/jpeg\" \/>\n<meta name=\"twitter:card\" content=\"summary_large_image\" \/>\n<meta name=\"twitter:label1\" content=\"Est. reading time\" \/>\n\t<meta name=\"twitter:data1\" content=\"1 minute\" \/>\n<script type=\"application\/ld+json\" class=\"yoast-schema-graph\">{\"@context\":\"https:\\\/\\\/schema.org\",\"@graph\":[{\"@type\":\"WebPage\",\"@id\":\"https:\\\/\\\/minaccessorie.com\\\/produit\\\/boucles-layali\\\/\",\"url\":\"https:\\\/\\\/minaccessorie.com\\\/produit\\\/boucles-layali\\\/\",\"name\":\"Boucles Layali - minaccessorie\",\"isPartOf\":{\"@id\":\"https:\\\/\\\/minaccessorie.com\\\/#website\"},\"primaryImageOfPage\":{\"@id\":\"https:\\\/\\\/minaccessorie.com\\\/produit\\\/boucles-layali\\\/#primaryimage\"},\"image\":{\"@id\":\"https:\\\/\\\/minaccessorie.com\\\/produit\\\/boucles-layali\\\/#primaryimage\"},\"thumbnailUrl\":\"https:\\\/\\\/minaccessorie.com\\\/wp-content\\\/uploads\\\/2025\\\/11\\\/Unknown-20.jpg\",\"datePublished\":\"2025-11-24T03:26:06+00:00\",\"dateModified\":\"2026-02-11T07:52:10+00:00\",\"breadcrumb\":{\"@id\":\"https:\\\/\\\/minaccessorie.com\\\/produit\\\/boucles-layali\\\/#breadcrumb\"},\"inLanguage\":\"en-CA\",\"potentialAction\":[{\"@type\":\"ReadAction\",\"target\":[\"https:\\\/\\\/minaccessorie.com\\\/produit\\\/boucles-layali\\\/\"]}]},{\"@type\":\"ImageObject\",\"inLanguage\":\"en-CA\",\"@id\":\"https:\\\/\\\/minaccessorie.com\\\/produit\\\/boucles-layali\\\/#primaryimage\",\"url\":\"https:\\\/\\\/minaccessorie.com\\\/wp-content\\\/uploads\\\/2025\\\/11\\\/Unknown-20.jpg\",\"contentUrl\":\"https:\\\/\\\/minaccessorie.com\\\/wp-content\\\/uploads\\\/2025\\\/11\\\/Unknown-20.jpg\",\"width\":1024,\"height\":1280},{\"@type\":\"BreadcrumbList\",\"@id\":\"https:\\\/\\\/minaccessorie.com\\\/produit\\\/boucles-layali\\\/#breadcrumb\",\"itemListElement\":[{\"@type\":\"ListItem\",\"position\":1,\"name\":\"Accueil\",\"item\":\"https:\\\/\\\/minaccessorie.com\\\/\"},{\"@type\":\"ListItem\",\"position\":2,\"name\":\"Boutique\",\"item\":\"https:\\\/\\\/minaccessorie.com\\\/boutique\\\/\"},{\"@type\":\"ListItem\",\"position\":3,\"name\":\"Boucles Layali\"}]},{\"@type\":\"WebSite\",\"@id\":\"https:\\\/\\\/minaccessorie.com\\\/#website\",\"url\":\"https:\\\/\\\/minaccessorie.com\\\/\",\"name\":\"minaccessorie\",\"description\":\"minaccessorie\",\"publisher\":{\"@id\":\"https:\\\/\\\/minaccessorie.com\\\/#organization\"},\"potentialAction\":[{\"@type\":\"SearchAction\",\"target\":{\"@type\":\"EntryPoint\",\"urlTemplate\":\"https:\\\/\\\/minaccessorie.com\\\/?s={search_term_string}\"},\"query-input\":{\"@type\":\"PropertyValueSpecification\",\"valueRequired\":true,\"valueName\":\"search_term_string\"}}],\"inLanguage\":\"en-CA\"},{\"@type\":\"Organization\",\"@id\":\"https:\\\/\\\/minaccessorie.com\\\/#organization\",\"name\":\"minaccessorie\",\"url\":\"https:\\\/\\\/minaccessorie.com\\\/\",\"logo\":{\"@type\":\"ImageObject\",\"inLanguage\":\"en-CA\",\"@id\":\"https:\\\/\\\/minaccessorie.com\\\/#\\\/schema\\\/logo\\\/image\\\/\",\"url\":\"https:\\\/\\\/minaccessorie.com\\\/wp-content\\\/uploads\\\/2021\\\/04\\\/cropped-cropped-Logo-Minaccessorie-1.png\",\"contentUrl\":\"https:\\\/\\\/minaccessorie.com\\\/wp-content\\\/uploads\\\/2021\\\/04\\\/cropped-cropped-Logo-Minaccessorie-1.png\",\"width\":512,\"height\":511,\"caption\":\"minaccessorie\"},\"image\":{\"@id\":\"https:\\\/\\\/minaccessorie.com\\\/#\\\/schema\\\/logo\\\/image\\\/\"},\"sameAs\":[\"https:\\\/\\\/www.facebook.com\\\/minaaccessories.tn\",\"https:\\\/\\\/www.instagram.com\\\/minaccessorie\\\/\",\"https:\\\/\\\/www.pinterest.ca\\\/minaaccessoriesfromtunisia\\\/\",\"https:\\\/\\\/www.youtube.com\\\/channel\\\/UCn-CiGlAI6SmohIimHfDeVg\\\/featured\"]}]}<\/script>\n<!-- \/ Yoast SEO plugin. -->","yoast_head_json":{"title":"Boucles Layali - minaccessorie","robots":{"index":"index","follow":"follow","max-snippet":"max-snippet:-1","max-image-preview":"max-image-preview:large","max-video-preview":"max-video-preview:-1"},"canonical":"https:\/\/minaccessorie.com\/en\/product\/boucles-layali\/","og_locale":"en_US","og_type":"article","og_title":"Boucles Layali - minaccessorie","og_description":"Boucles\u00a0Layali sont des boucles d\u2019oreilles en cuivre plaqu\u00e9 or 18K, con\u00e7ues pour illuminer votre style avec une touche d\u2019\u00e9l\u00e9gance orientale.    Leur m\u00e9daillon finement grav\u00e9 apporte caract\u00e8re et raffinement, tout en restant l\u00e9ger et agr\u00e9able \u00e0 porter au quotidien.","og_url":"https:\/\/minaccessorie.com\/en\/product\/boucles-layali\/","og_site_name":"minaccessorie","article_publisher":"https:\/\/www.facebook.com\/minaaccessories.tn","article_modified_time":"2026-02-11T07:52:10+00:00","og_image":[{"width":1024,"height":1280,"url":"https:\/\/minaccessorie.com\/wp-content\/uploads\/2025\/11\/Unknown-20.jpg","type":"image\/jpeg"}],"twitter_card":"summary_large_image","twitter_misc":{"Est. reading time":"1 minute"},"schema":{"@context":"https:\/\/schema.org","@graph":[{"@type":"WebPage","@id":"https:\/\/minaccessorie.com\/produit\/boucles-layali\/","url":"https:\/\/minaccessorie.com\/produit\/boucles-layali\/","name":"Boucles Layali - minaccessorie","isPartOf":{"@id":"https:\/\/minaccessorie.com\/#website"},"primaryImageOfPage":{"@id":"https:\/\/minaccessorie.com\/produit\/boucles-layali\/#primaryimage"},"image":{"@id":"https:\/\/minaccessorie.com\/produit\/boucles-layali\/#primaryimage"},"thumbnailUrl":"https:\/\/minaccessorie.com\/wp-content\/uploads\/2025\/11\/Unknown-20.jpg","datePublished":"2025-11-24T03:26:06+00:00","dateModified":"2026-02-11T07:52:10+00:00","breadcrumb":{"@id":"https:\/\/minaccessorie.com\/produit\/boucles-layali\/#breadcrumb"},"inLanguage":"en-CA","potentialAction":[{"@type":"ReadAction","target":["https:\/\/minaccessorie.com\/produit\/boucles-layali\/"]}]},{"@type":"ImageObject","inLanguage":"en-CA","@id":"https:\/\/minaccessorie.com\/produit\/boucles-layali\/#primaryimage","url":"https:\/\/minaccessorie.com\/wp-content\/uploads\/2025\/11\/Unknown-20.jpg","contentUrl":"https:\/\/minaccessorie.com\/wp-content\/uploads\/2025\/11\/Unknown-20.jpg","width":1024,"height":1280},{"@type":"BreadcrumbList","@id":"https:\/\/minaccessorie.com\/produit\/boucles-layali\/#breadcrumb","itemListElement":[{"@type":"ListItem","position":1,"name":"Accueil","item":"https:\/\/minaccessorie.com\/"},{"@type":"ListItem","position":2,"name":"Boutique","item":"https:\/\/minaccessorie.com\/boutique\/"},{"@type":"ListItem","position":3,"name":"Boucles Layali"}]},{"@type":"WebSite","@id":"https:\/\/minaccessorie.com\/#website","url":"https:\/\/minaccessorie.com\/","name":"minaccessorie","description":"minaccessorie","publisher":{"@id":"https:\/\/minaccessorie.com\/#organization"},"potentialAction":[{"@type":"SearchAction","target":{"@type":"EntryPoint","urlTemplate":"https:\/\/minaccessorie.com\/?s={search_term_string}"},"query-input":{"@type":"PropertyValueSpecification","valueRequired":true,"valueName":"search_term_string"}}],"inLanguage":"en-CA"},{"@type":"Organization","@id":"https:\/\/minaccessorie.com\/#organization","name":"minaccessorie","url":"https:\/\/minaccessorie.com\/","logo":{"@type":"ImageObject","inLanguage":"en-CA","@id":"https:\/\/minaccessorie.com\/#\/schema\/logo\/image\/","url":"https:\/\/minaccessorie.com\/wp-content\/uploads\/2021\/04\/cropped-cropped-Logo-Minaccessorie-1.png","contentUrl":"https:\/\/minaccessorie.com\/wp-content\/uploads\/2021\/04\/cropped-cropped-Logo-Minaccessorie-1.png","width":512,"height":511,"caption":"minaccessorie"},"image":{"@id":"https:\/\/minaccessorie.com\/#\/schema\/logo\/image\/"},"sameAs":["https:\/\/www.facebook.com\/minaaccessories.tn","https:\/\/www.instagram.com\/minaccessorie\/","https:\/\/www.pinterest.ca\/minaaccessoriesfromtunisia\/","https:\/\/www.youtube.com\/channel\/UCn-CiGlAI6SmohIimHfDeVg\/featured"]}]}},"_links":{"self":[{"href":"https:\/\/minaccessorie.com\/en\/wp-json\/wp\/v2\/product\/1599","targetHints":{"allow":["GET"]}}],"collection":[{"href":"https:\/\/minaccessorie.com\/en\/wp-json\/wp\/v2\/product"}],"about":[{"href":"https:\/\/minaccessorie.com\/en\/wp-json\/wp\/v2\/types\/product"}],"replies":[{"embeddable":true,"href":"https:\/\/minaccessorie.com\/en\/wp-json\/wp\/v2\/comments?post=1599"}],"wp:featuredmedia":[{"embeddable":true,"href":"https:\/\/minaccessorie.com\/en\/wp-json\/wp\/v2\/media\/1600"}],"wp:attachment":[{"href":"https:\/\/minaccessorie.com\/en\/wp-json\/wp\/v2\/media?parent=1599"}],"wp:term":[{"taxonomy":"product_brand","embeddable":true,"href":"https:\/\/minaccessorie.com\/en\/wp-json\/wp\/v2\/product_brand?post=1599"},{"taxonomy":"product_cat","embeddable":true,"href":"https:\/\/minaccessorie.com\/en\/wp-json\/wp\/v2\/product_cat?post=1599"},{"taxonomy":"product_tag","embeddable":true,"href":"https:\/\/minaccessorie.com\/en\/wp-json\/wp\/v2\/product_tag?post=1599"}],"curies":[{"name":"wp","href":"https:\/\/api.w.org\/{rel}","templated":true}]}}