{"id":1647,"date":"2026-02-11T12:16:22","date_gmt":"2026-02-11T17:16:22","guid":{"rendered":"https:\/\/minaccessorie.com\/?post_type=product&#038;p=1647"},"modified":"2026-02-11T12:22:04","modified_gmt":"2026-02-11T17:22:04","slug":"bracelet-valentina-argent","status":"publish","type":"product","link":"https:\/\/minaccessorie.com\/en\/product\/bracelet-valentina-argent\/","title":{"rendered":"Bracelet Valentina Argent"},"content":{"rendered":"<div class=\"flex max-w-full flex-col flex-grow\">\n<div class=\"min-h-8 text-message flex w-full flex-col items-end gap-2 whitespace-normal break-words [.text-message+&amp;]:mt-5\" dir=\"auto\" data-message-author-role=\"assistant\" data-message-id=\"b96f53de-ead3-4c2a-ac61-c2fb04dc21a1\" data-message-model-slug=\"gpt-4o\">\n<div class=\"flex w-full flex-col gap-1 empty:hidden first:pt-[3px]\">\n<div class=\"markdown prose w-full break-words dark:prose-invert light\">\n<ul>\n<li>\n<p data-start=\"43\" data-end=\"302\">Le bracelet Valentina incarne l\u2019\u00e9l\u00e9gance intemporelle et la f\u00e9minit\u00e9 moderne. Con\u00e7u en acier inoxydable de haute qualit\u00e9, il se distingue par sa ligne raffin\u00e9e de type tennis et son c\u0153ur d\u00e9licatement serti au centre, symbole d\u2019amour et de passion.<\/p>\n<\/li>\n<li>\n<p data-start=\"43\" data-end=\"302\">Disponible en finition argent\u00e9e, Valentina s\u2019int\u00e8gre parfaitement \u00e0 tous les styles, du plus minimaliste au plus sophistiqu\u00e9. R\u00e9sistant \u00e0 l\u2019eau et \u00e0 l\u2019oxydation, ce bracelet est pens\u00e9 pour \u00eatre port\u00e9 au quotidien sans perdre son \u00e9clat.<\/p>\n<\/li>\n<li>\n<p data-start=\"43\" data-end=\"302\">Id\u00e9al comme cadeau symbolique ou comme bijou signature, Valentina est une pi\u00e8ce essentielle \u00e0 toute collection.<\/p>\n<p data-start=\"675\" data-end=\"690\">D\u00e9tails :<\/p>\n<ul data-start=\"691\" data-end=\"886\">\n<li data-start=\"691\" data-end=\"721\">\n<p data-start=\"693\" data-end=\"721\">Mati\u00e8re : Acier inoxydable<\/p>\n<\/li>\n<li data-start=\"722\" data-end=\"752\">\n<p data-start=\"724\" data-end=\"752\">Finitions : Argent\u00e9 \/ Dor\u00e9<\/p>\n<\/li>\n<li data-start=\"753\" data-end=\"798\">\n<p data-start=\"755\" data-end=\"798\">Style : Bracelet tennis avec c\u0153ur central<\/p>\n<\/li>\n<li data-start=\"799\" data-end=\"841\">\n<p data-start=\"801\" data-end=\"841\">R\u00e9sistant \u00e0 l\u2019eau et \u00e0 la d\u00e9coloration<\/p>\n<\/li>\n<li data-start=\"842\" data-end=\"862\">\n<p data-start=\"844\" data-end=\"862\">Hypoallerg\u00e9nique<\/p>\n<\/li>\n<li data-start=\"863\" data-end=\"886\">\n<p data-start=\"865\" data-end=\"886\">Fermeture s\u00e9curis\u00e9e<\/p>\n<\/li>\n<\/ul>\n<p data-start=\"888\" data-end=\"985\" data-is-last-node=\"\" data-is-only-node=\"\">Un bijou d\u00e9licat, durable et charg\u00e9 de sens \u2014 Valentina, l\u2019expression d\u2019un amour qui dure.<\/p>\n<\/li>\n<\/ul>\n<\/div>\n<\/div>\n<\/div>\n<\/div>\n<div class=\"mb-2 flex gap-3 empty:hidden -ml-2\"><\/div>\n","protected":false},"excerpt":{"rendered":"<ul>\n<li>\n<p data-start=\"43\" data-end=\"346\">Le bracelet Valentina est un bijou \u00e9l\u00e9gant au design tennis, sublim\u00e9 par un c\u0153ur d\u00e9licat au centre.<\/p>\n<\/li>\n<li>\n<p data-start=\"43\" data-end=\"346\">Con\u00e7u en acier inoxydable, il est r\u00e9sistant \u00e0 l\u2019eau, durable et parfait pour un usage quotidien.<\/p>\n<\/li>\n<li>\n<p data-start=\"43\" data-end=\"346\">Disponible argent\u00e9, il apporte une touche raffin\u00e9e \u00e0 tous les styles.<\/p>\n<\/li>\n<li>\n<p data-start=\"43\" data-end=\"346\">Un essentiel chic, \u00e0 porter seul ou en accumulation.<\/p>\n<\/li>\n<\/ul>","protected":false},"featured_media":1640,"comment_status":"open","ping_status":"closed","template":"","meta":[],"product_brand":[],"product_cat":[26],"product_tag":[],"class_list":{"0":"post-1647","1":"product","2":"type-product","3":"status-publish","4":"has-post-thumbnail","6":"product_cat-bracelets","8":"first","9":"instock","10":"taxable","11":"shipping-taxable","12":"purchasable","13":"product-type-variable","14":"has-default-attributes"},"yoast_head":"<!-- This site is optimized with the Yoast SEO plugin v27.6 - https:\/\/yoast.com\/product\/yoast-seo-wordpress\/ -->\n<title>Bracelet Valentina Argent - minaccessorie<\/title>\n<meta name=\"robots\" content=\"index, follow, max-snippet:-1, max-image-preview:large, max-video-preview:-1\" \/>\n<link rel=\"canonical\" href=\"https:\/\/minaccessorie.com\/en\/product\/bracelet-valentina-argent\/\" \/>\n<meta property=\"og:locale\" content=\"en_US\" \/>\n<meta property=\"og:type\" content=\"article\" \/>\n<meta property=\"og:title\" content=\"Bracelet Valentina Argent - minaccessorie\" \/>\n<meta property=\"og:description\" content=\"Le bracelet Valentina est un bijou \u00e9l\u00e9gant au design tennis, sublim\u00e9 par un c\u0153ur d\u00e9licat au centre.    Con\u00e7u en acier inoxydable, il est r\u00e9sistant \u00e0 l\u2019eau, durable et parfait pour un usage quotidien.    Disponible argent\u00e9, il apporte une touche raffin\u00e9e \u00e0 tous les styles.    Un essentiel chic, \u00e0 porter seul ou en accumulation.\" \/>\n<meta property=\"og:url\" content=\"https:\/\/minaccessorie.com\/en\/product\/bracelet-valentina-argent\/\" \/>\n<meta property=\"og:site_name\" content=\"minaccessorie\" \/>\n<meta property=\"article:publisher\" content=\"https:\/\/www.facebook.com\/minaaccessories.tn\" \/>\n<meta property=\"article:modified_time\" content=\"2026-02-11T17:22:04+00:00\" \/>\n<meta property=\"og:image\" content=\"https:\/\/minaccessorie.com\/wp-content\/uploads\/2026\/02\/valentina-argent-blanc-.png\" \/>\n\t<meta property=\"og:image:width\" content=\"1024\" \/>\n\t<meta property=\"og:image:height\" content=\"1536\" \/>\n\t<meta property=\"og:image:type\" content=\"image\/png\" \/>\n<meta name=\"twitter:card\" content=\"summary_large_image\" \/>\n<meta name=\"twitter:label1\" content=\"Est. reading time\" \/>\n\t<meta name=\"twitter:data1\" content=\"1 minute\" \/>\n<script type=\"application\/ld+json\" class=\"yoast-schema-graph\">{\"@context\":\"https:\\\/\\\/schema.org\",\"@graph\":[{\"@type\":\"WebPage\",\"@id\":\"https:\\\/\\\/minaccessorie.com\\\/produit\\\/bracelet-valentina-argent\\\/\",\"url\":\"https:\\\/\\\/minaccessorie.com\\\/produit\\\/bracelet-valentina-argent\\\/\",\"name\":\"Bracelet Valentina Argent - minaccessorie\",\"isPartOf\":{\"@id\":\"https:\\\/\\\/minaccessorie.com\\\/#website\"},\"primaryImageOfPage\":{\"@id\":\"https:\\\/\\\/minaccessorie.com\\\/produit\\\/bracelet-valentina-argent\\\/#primaryimage\"},\"image\":{\"@id\":\"https:\\\/\\\/minaccessorie.com\\\/produit\\\/bracelet-valentina-argent\\\/#primaryimage\"},\"thumbnailUrl\":\"https:\\\/\\\/minaccessorie.com\\\/wp-content\\\/uploads\\\/2026\\\/02\\\/valentina-argent-blanc-.png\",\"datePublished\":\"2026-02-11T17:16:22+00:00\",\"dateModified\":\"2026-02-11T17:22:04+00:00\",\"breadcrumb\":{\"@id\":\"https:\\\/\\\/minaccessorie.com\\\/produit\\\/bracelet-valentina-argent\\\/#breadcrumb\"},\"inLanguage\":\"en-CA\",\"potentialAction\":[{\"@type\":\"ReadAction\",\"target\":[\"https:\\\/\\\/minaccessorie.com\\\/produit\\\/bracelet-valentina-argent\\\/\"]}]},{\"@type\":\"ImageObject\",\"inLanguage\":\"en-CA\",\"@id\":\"https:\\\/\\\/minaccessorie.com\\\/produit\\\/bracelet-valentina-argent\\\/#primaryimage\",\"url\":\"https:\\\/\\\/minaccessorie.com\\\/wp-content\\\/uploads\\\/2026\\\/02\\\/valentina-argent-blanc-.png\",\"contentUrl\":\"https:\\\/\\\/minaccessorie.com\\\/wp-content\\\/uploads\\\/2026\\\/02\\\/valentina-argent-blanc-.png\",\"width\":1024,\"height\":1536},{\"@type\":\"BreadcrumbList\",\"@id\":\"https:\\\/\\\/minaccessorie.com\\\/produit\\\/bracelet-valentina-argent\\\/#breadcrumb\",\"itemListElement\":[{\"@type\":\"ListItem\",\"position\":1,\"name\":\"Accueil\",\"item\":\"https:\\\/\\\/minaccessorie.com\\\/\"},{\"@type\":\"ListItem\",\"position\":2,\"name\":\"Boutique\",\"item\":\"https:\\\/\\\/minaccessorie.com\\\/boutique\\\/\"},{\"@type\":\"ListItem\",\"position\":3,\"name\":\"Bracelet Valentina Argent\"}]},{\"@type\":\"WebSite\",\"@id\":\"https:\\\/\\\/minaccessorie.com\\\/#website\",\"url\":\"https:\\\/\\\/minaccessorie.com\\\/\",\"name\":\"minaccessorie\",\"description\":\"minaccessorie\",\"publisher\":{\"@id\":\"https:\\\/\\\/minaccessorie.com\\\/#organization\"},\"potentialAction\":[{\"@type\":\"SearchAction\",\"target\":{\"@type\":\"EntryPoint\",\"urlTemplate\":\"https:\\\/\\\/minaccessorie.com\\\/?s={search_term_string}\"},\"query-input\":{\"@type\":\"PropertyValueSpecification\",\"valueRequired\":true,\"valueName\":\"search_term_string\"}}],\"inLanguage\":\"en-CA\"},{\"@type\":\"Organization\",\"@id\":\"https:\\\/\\\/minaccessorie.com\\\/#organization\",\"name\":\"minaccessorie\",\"url\":\"https:\\\/\\\/minaccessorie.com\\\/\",\"logo\":{\"@type\":\"ImageObject\",\"inLanguage\":\"en-CA\",\"@id\":\"https:\\\/\\\/minaccessorie.com\\\/#\\\/schema\\\/logo\\\/image\\\/\",\"url\":\"https:\\\/\\\/minaccessorie.com\\\/wp-content\\\/uploads\\\/2021\\\/04\\\/cropped-cropped-Logo-Minaccessorie-1.png\",\"contentUrl\":\"https:\\\/\\\/minaccessorie.com\\\/wp-content\\\/uploads\\\/2021\\\/04\\\/cropped-cropped-Logo-Minaccessorie-1.png\",\"width\":512,\"height\":511,\"caption\":\"minaccessorie\"},\"image\":{\"@id\":\"https:\\\/\\\/minaccessorie.com\\\/#\\\/schema\\\/logo\\\/image\\\/\"},\"sameAs\":[\"https:\\\/\\\/www.facebook.com\\\/minaaccessories.tn\",\"https:\\\/\\\/www.instagram.com\\\/minaccessorie\\\/\",\"https:\\\/\\\/www.pinterest.ca\\\/minaaccessoriesfromtunisia\\\/\",\"https:\\\/\\\/www.youtube.com\\\/channel\\\/UCn-CiGlAI6SmohIimHfDeVg\\\/featured\"]}]}<\/script>\n<!-- \/ Yoast SEO plugin. -->","yoast_head_json":{"title":"Bracelet Valentina Argent - minaccessorie","robots":{"index":"index","follow":"follow","max-snippet":"max-snippet:-1","max-image-preview":"max-image-preview:large","max-video-preview":"max-video-preview:-1"},"canonical":"https:\/\/minaccessorie.com\/en\/product\/bracelet-valentina-argent\/","og_locale":"en_US","og_type":"article","og_title":"Bracelet Valentina Argent - minaccessorie","og_description":"Le bracelet Valentina est un bijou \u00e9l\u00e9gant au design tennis, sublim\u00e9 par un c\u0153ur d\u00e9licat au centre.    Con\u00e7u en acier inoxydable, il est r\u00e9sistant \u00e0 l\u2019eau, durable et parfait pour un usage quotidien.    Disponible argent\u00e9, il apporte une touche raffin\u00e9e \u00e0 tous les styles.    Un essentiel chic, \u00e0 porter seul ou en accumulation.","og_url":"https:\/\/minaccessorie.com\/en\/product\/bracelet-valentina-argent\/","og_site_name":"minaccessorie","article_publisher":"https:\/\/www.facebook.com\/minaaccessories.tn","article_modified_time":"2026-02-11T17:22:04+00:00","og_image":[{"width":1024,"height":1536,"url":"https:\/\/minaccessorie.com\/wp-content\/uploads\/2026\/02\/valentina-argent-blanc-.png","type":"image\/png"}],"twitter_card":"summary_large_image","twitter_misc":{"Est. reading time":"1 minute"},"schema":{"@context":"https:\/\/schema.org","@graph":[{"@type":"WebPage","@id":"https:\/\/minaccessorie.com\/produit\/bracelet-valentina-argent\/","url":"https:\/\/minaccessorie.com\/produit\/bracelet-valentina-argent\/","name":"Bracelet Valentina Argent - minaccessorie","isPartOf":{"@id":"https:\/\/minaccessorie.com\/#website"},"primaryImageOfPage":{"@id":"https:\/\/minaccessorie.com\/produit\/bracelet-valentina-argent\/#primaryimage"},"image":{"@id":"https:\/\/minaccessorie.com\/produit\/bracelet-valentina-argent\/#primaryimage"},"thumbnailUrl":"https:\/\/minaccessorie.com\/wp-content\/uploads\/2026\/02\/valentina-argent-blanc-.png","datePublished":"2026-02-11T17:16:22+00:00","dateModified":"2026-02-11T17:22:04+00:00","breadcrumb":{"@id":"https:\/\/minaccessorie.com\/produit\/bracelet-valentina-argent\/#breadcrumb"},"inLanguage":"en-CA","potentialAction":[{"@type":"ReadAction","target":["https:\/\/minaccessorie.com\/produit\/bracelet-valentina-argent\/"]}]},{"@type":"ImageObject","inLanguage":"en-CA","@id":"https:\/\/minaccessorie.com\/produit\/bracelet-valentina-argent\/#primaryimage","url":"https:\/\/minaccessorie.com\/wp-content\/uploads\/2026\/02\/valentina-argent-blanc-.png","contentUrl":"https:\/\/minaccessorie.com\/wp-content\/uploads\/2026\/02\/valentina-argent-blanc-.png","width":1024,"height":1536},{"@type":"BreadcrumbList","@id":"https:\/\/minaccessorie.com\/produit\/bracelet-valentina-argent\/#breadcrumb","itemListElement":[{"@type":"ListItem","position":1,"name":"Accueil","item":"https:\/\/minaccessorie.com\/"},{"@type":"ListItem","position":2,"name":"Boutique","item":"https:\/\/minaccessorie.com\/boutique\/"},{"@type":"ListItem","position":3,"name":"Bracelet Valentina Argent"}]},{"@type":"WebSite","@id":"https:\/\/minaccessorie.com\/#website","url":"https:\/\/minaccessorie.com\/","name":"minaccessorie","description":"minaccessorie","publisher":{"@id":"https:\/\/minaccessorie.com\/#organization"},"potentialAction":[{"@type":"SearchAction","target":{"@type":"EntryPoint","urlTemplate":"https:\/\/minaccessorie.com\/?s={search_term_string}"},"query-input":{"@type":"PropertyValueSpecification","valueRequired":true,"valueName":"search_term_string"}}],"inLanguage":"en-CA"},{"@type":"Organization","@id":"https:\/\/minaccessorie.com\/#organization","name":"minaccessorie","url":"https:\/\/minaccessorie.com\/","logo":{"@type":"ImageObject","inLanguage":"en-CA","@id":"https:\/\/minaccessorie.com\/#\/schema\/logo\/image\/","url":"https:\/\/minaccessorie.com\/wp-content\/uploads\/2021\/04\/cropped-cropped-Logo-Minaccessorie-1.png","contentUrl":"https:\/\/minaccessorie.com\/wp-content\/uploads\/2021\/04\/cropped-cropped-Logo-Minaccessorie-1.png","width":512,"height":511,"caption":"minaccessorie"},"image":{"@id":"https:\/\/minaccessorie.com\/#\/schema\/logo\/image\/"},"sameAs":["https:\/\/www.facebook.com\/minaaccessories.tn","https:\/\/www.instagram.com\/minaccessorie\/","https:\/\/www.pinterest.ca\/minaaccessoriesfromtunisia\/","https:\/\/www.youtube.com\/channel\/UCn-CiGlAI6SmohIimHfDeVg\/featured"]}]}},"_links":{"self":[{"href":"https:\/\/minaccessorie.com\/en\/wp-json\/wp\/v2\/product\/1647","targetHints":{"allow":["GET"]}}],"collection":[{"href":"https:\/\/minaccessorie.com\/en\/wp-json\/wp\/v2\/product"}],"about":[{"href":"https:\/\/minaccessorie.com\/en\/wp-json\/wp\/v2\/types\/product"}],"replies":[{"embeddable":true,"href":"https:\/\/minaccessorie.com\/en\/wp-json\/wp\/v2\/comments?post=1647"}],"wp:featuredmedia":[{"embeddable":true,"href":"https:\/\/minaccessorie.com\/en\/wp-json\/wp\/v2\/media\/1640"}],"wp:attachment":[{"href":"https:\/\/minaccessorie.com\/en\/wp-json\/wp\/v2\/media?parent=1647"}],"wp:term":[{"taxonomy":"product_brand","embeddable":true,"href":"https:\/\/minaccessorie.com\/en\/wp-json\/wp\/v2\/product_brand?post=1647"},{"taxonomy":"product_cat","embeddable":true,"href":"https:\/\/minaccessorie.com\/en\/wp-json\/wp\/v2\/product_cat?post=1647"},{"taxonomy":"product_tag","embeddable":true,"href":"https:\/\/minaccessorie.com\/en\/wp-json\/wp\/v2\/product_tag?post=1647"}],"curies":[{"name":"wp","href":"https:\/\/api.w.org\/{rel}","templated":true}]}}