{"id":1695,"date":"2026-04-27T00:33:13","date_gmt":"2026-04-27T04:33:13","guid":{"rendered":"https:\/\/minaccessorie.com\/?post_type=product&#038;p=1695"},"modified":"2026-04-27T00:43:12","modified_gmt":"2026-04-27T04:43:12","slug":"collier-aurelya","status":"publish","type":"product","link":"https:\/\/minaccessorie.com\/en\/product\/collier-aurelya\/","title":{"rendered":"Collier AUR\u00c9LYA"},"content":{"rendered":"<div class=\"flex max-w-full flex-col flex-grow\">\n<div class=\"min-h-8 text-message flex w-full flex-col items-end gap-2 whitespace-normal break-words [.text-message+&amp;]:mt-5\" dir=\"auto\" data-message-author-role=\"assistant\" data-message-id=\"b96f53de-ead3-4c2a-ac61-c2fb04dc21a1\" data-message-model-slug=\"gpt-4o\">\n<div class=\"flex w-full flex-col gap-1 empty:hidden first:pt-[3px]\">\n<div class=\"markdown prose w-full break-words dark:prose-invert light\">\n<ul>\n<li>\n<p data-start=\"125\" data-end=\"382\">\u00c9l\u00e9gant, intemporel et r\u00e9solument lumineux, le collier <strong data-start=\"180\" data-end=\"191\">Aur\u00e9lya<\/strong> incarne l\u2019essence m\u00eame du luxe discret. Sa fine ligne de pierres scintillantes, d\u00e9licatement serties sur une base dor\u00e9e ou argent\u00e9e, \u00e9pouse parfaitement le cou pour sublimer chaque mouvement avec gr\u00e2ce.<\/p>\n<\/li>\n<li>\n<p data-start=\"125\" data-end=\"382\">Pens\u00e9 pour la femme moderne, <strong data-start=\"413\" data-end=\"424\">Aur\u00e9lya<\/strong> se porte aussi bien au quotidien qu\u2019en soir\u00e9e, apportant une touche de raffinement instantan\u00e9 \u00e0 chaque tenue. Son \u00e9clat subtil capte la lumi\u00e8re avec finesse, offrant un rendu sophistiqu\u00e9 sans jamais en faire trop.<\/p>\n<\/li>\n<li>\n<p data-start=\"125\" data-end=\"382\">Confectionn\u00e9 en acier inoxydable de haute qualit\u00e9, il allie durabilit\u00e9 et \u00e9l\u00e9gance, r\u00e9sistant \u00e0 l\u2019eau et au temps \u2014 un bijou con\u00e7u pour accompagner chaque instant pr\u00e9cieux.<\/p>\n<\/li>\n<li>\n<p data-start=\"125\" data-end=\"382\"><strong data-start=\"814\" data-end=\"827\">D\u00e9tails :<\/strong><br data-start=\"856\" data-end=\"859\" \/>\u2013 Design tennis fin et d\u00e9licat<br data-start=\"889\" data-end=\"892\" \/>\u2013 Acier inoxydable r\u00e9sistant \u00e0 l\u2019eau<br data-start=\"928\" data-end=\"931\" \/>\u2013 Fermoir ajustable pour un confort parfait<\/p>\n<p data-start=\"978\" data-end=\"1030\"><strong data-start=\"978\" data-end=\"989\">Aur\u00e9lya<\/strong>, plus qu\u2019un collier \u2014 une signature. \u2728<\/p>\n<\/li>\n<\/ul>\n<\/div>\n<\/div>\n<\/div>\n<\/div>\n<div class=\"mb-2 flex gap-3 empty:hidden -ml-2\"><\/div>\n","protected":false},"excerpt":{"rendered":"<ul>\n<li><strong data-start=\"335\" data-end=\"346\">Aur\u00e9lya<\/strong>, la touche de luxe qui fait toute la diff\u00e9rence.<\/li>\n<li>\n<p data-start=\"35\" data-end=\"243\">\u00c9l\u00e9gance pure et \u00e9clat subtil, le collier <strong data-start=\"77\" data-end=\"88\">Aur\u00e9lya<\/strong> illumine chaque tenue avec finesse. Sa ligne d\u00e9licate de pierres scintillantes sur base dor\u00e9e \u00e9pouse parfaitement le cou pour un rendu chic et intemporel.<\/p>\n<\/li>\n<li>\n<p data-start=\"35\" data-end=\"243\">Con\u00e7u en acier inoxydable r\u00e9sistant \u00e0 l\u2019eau, il allie beaut\u00e9 et durabilit\u00e9 au quotidien.<\/p>\n<\/li>\n<\/ul>","protected":false},"featured_media":1698,"comment_status":"open","ping_status":"closed","template":"","meta":[],"product_brand":[],"product_cat":[27],"product_tag":[],"class_list":{"0":"post-1695","1":"product","2":"type-product","3":"status-publish","4":"has-post-thumbnail","6":"product_cat-colliers","8":"first","9":"instock","10":"taxable","11":"shipping-taxable","12":"purchasable","13":"product-type-variable"},"yoast_head":"<!-- This site is optimized with the Yoast SEO plugin v27.3 - https:\/\/yoast.com\/product\/yoast-seo-wordpress\/ -->\n<title>Collier AUR\u00c9LYA - minaccessorie<\/title>\n<meta name=\"description\" content=\"Aur\u00e9lya, la touche de luxe qui fait toute la diff\u00e9rence. \u00c9l\u00e9gance pure et \u00e9clat subtil, le collier Aur\u00e9lya illumine chaque tenue avec finesse. Sa ligne d\u00e9licate de pierres scintillantes sur base dor\u00e9e \u00e9pouse parfaitement le cou pour un rendu chic et intemporel.Con\u00e7u en acier inoxydable r\u00e9sistant \u00e0 l\u2019eau, il allie beaut\u00e9 et durabilit\u00e9 au quotidien.\" \/>\n<meta name=\"robots\" content=\"index, follow, max-snippet:-1, max-image-preview:large, max-video-preview:-1\" \/>\n<link rel=\"canonical\" href=\"https:\/\/minaccessorie.com\/en\/product\/collier-aurelya\/\" \/>\n<meta property=\"og:locale\" content=\"en_US\" \/>\n<meta property=\"og:type\" content=\"article\" \/>\n<meta property=\"og:title\" content=\"Collier AUR\u00c9LYA - minaccessorie\" \/>\n<meta property=\"og:description\" content=\"Aur\u00e9lya, la touche de luxe qui fait toute la diff\u00e9rence. \u00c9l\u00e9gance pure et \u00e9clat subtil, le collier Aur\u00e9lya illumine chaque tenue avec finesse. Sa ligne d\u00e9licate de pierres scintillantes sur base dor\u00e9e \u00e9pouse parfaitement le cou pour un rendu chic et intemporel.Con\u00e7u en acier inoxydable r\u00e9sistant \u00e0 l\u2019eau, il allie beaut\u00e9 et durabilit\u00e9 au quotidien.\" \/>\n<meta property=\"og:url\" content=\"https:\/\/minaccessorie.com\/en\/product\/collier-aurelya\/\" \/>\n<meta property=\"og:site_name\" content=\"minaccessorie\" \/>\n<meta property=\"article:publisher\" content=\"https:\/\/www.facebook.com\/minaaccessories.tn\" \/>\n<meta property=\"article:modified_time\" content=\"2026-04-27T04:43:12+00:00\" \/>\n<meta property=\"og:image\" content=\"https:\/\/minaccessorie.com\/wp-content\/uploads\/2026\/04\/aureliya-argent.png\" \/>\n\t<meta property=\"og:image:width\" content=\"1086\" \/>\n\t<meta property=\"og:image:height\" content=\"1448\" \/>\n\t<meta property=\"og:image:type\" content=\"image\/png\" \/>\n<meta name=\"twitter:card\" content=\"summary_large_image\" \/>\n<meta name=\"twitter:label1\" content=\"Est. reading time\" \/>\n\t<meta name=\"twitter:data1\" content=\"1 minute\" \/>\n<script type=\"application\/ld+json\" class=\"yoast-schema-graph\">{\"@context\":\"https:\\\/\\\/schema.org\",\"@graph\":[{\"@type\":\"WebPage\",\"@id\":\"https:\\\/\\\/minaccessorie.com\\\/produit\\\/collier-aurelya\\\/\",\"url\":\"https:\\\/\\\/minaccessorie.com\\\/produit\\\/collier-aurelya\\\/\",\"name\":\"Collier AUR\u00c9LYA - minaccessorie\",\"isPartOf\":{\"@id\":\"https:\\\/\\\/minaccessorie.com\\\/#website\"},\"primaryImageOfPage\":{\"@id\":\"https:\\\/\\\/minaccessorie.com\\\/produit\\\/collier-aurelya\\\/#primaryimage\"},\"image\":{\"@id\":\"https:\\\/\\\/minaccessorie.com\\\/produit\\\/collier-aurelya\\\/#primaryimage\"},\"thumbnailUrl\":\"https:\\\/\\\/minaccessorie.com\\\/wp-content\\\/uploads\\\/2026\\\/04\\\/aureliya-argent.png\",\"datePublished\":\"2026-04-27T04:33:13+00:00\",\"dateModified\":\"2026-04-27T04:43:12+00:00\",\"description\":\"Aur\u00e9lya, la touche de luxe qui fait toute la diff\u00e9rence. \u00c9l\u00e9gance pure et \u00e9clat subtil, le collier Aur\u00e9lya illumine chaque tenue avec finesse. Sa ligne d\u00e9licate de pierres scintillantes sur base dor\u00e9e \u00e9pouse parfaitement le cou pour un rendu chic et intemporel.Con\u00e7u en acier inoxydable r\u00e9sistant \u00e0 l\u2019eau, il allie beaut\u00e9 et durabilit\u00e9 au quotidien.\",\"breadcrumb\":{\"@id\":\"https:\\\/\\\/minaccessorie.com\\\/produit\\\/collier-aurelya\\\/#breadcrumb\"},\"inLanguage\":\"en-CA\",\"potentialAction\":[{\"@type\":\"ReadAction\",\"target\":[\"https:\\\/\\\/minaccessorie.com\\\/produit\\\/collier-aurelya\\\/\"]}]},{\"@type\":\"ImageObject\",\"inLanguage\":\"en-CA\",\"@id\":\"https:\\\/\\\/minaccessorie.com\\\/produit\\\/collier-aurelya\\\/#primaryimage\",\"url\":\"https:\\\/\\\/minaccessorie.com\\\/wp-content\\\/uploads\\\/2026\\\/04\\\/aureliya-argent.png\",\"contentUrl\":\"https:\\\/\\\/minaccessorie.com\\\/wp-content\\\/uploads\\\/2026\\\/04\\\/aureliya-argent.png\",\"width\":1086,\"height\":1448},{\"@type\":\"BreadcrumbList\",\"@id\":\"https:\\\/\\\/minaccessorie.com\\\/produit\\\/collier-aurelya\\\/#breadcrumb\",\"itemListElement\":[{\"@type\":\"ListItem\",\"position\":1,\"name\":\"Accueil\",\"item\":\"https:\\\/\\\/minaccessorie.com\\\/\"},{\"@type\":\"ListItem\",\"position\":2,\"name\":\"Boutique\",\"item\":\"https:\\\/\\\/minaccessorie.com\\\/boutique\\\/\"},{\"@type\":\"ListItem\",\"position\":3,\"name\":\"Collier AUR\u00c9LYA\"}]},{\"@type\":\"WebSite\",\"@id\":\"https:\\\/\\\/minaccessorie.com\\\/#website\",\"url\":\"https:\\\/\\\/minaccessorie.com\\\/\",\"name\":\"minaccessorie\",\"description\":\"minaccessorie\",\"publisher\":{\"@id\":\"https:\\\/\\\/minaccessorie.com\\\/#organization\"},\"potentialAction\":[{\"@type\":\"SearchAction\",\"target\":{\"@type\":\"EntryPoint\",\"urlTemplate\":\"https:\\\/\\\/minaccessorie.com\\\/?s={search_term_string}\"},\"query-input\":{\"@type\":\"PropertyValueSpecification\",\"valueRequired\":true,\"valueName\":\"search_term_string\"}}],\"inLanguage\":\"en-CA\"},{\"@type\":\"Organization\",\"@id\":\"https:\\\/\\\/minaccessorie.com\\\/#organization\",\"name\":\"minaccessorie\",\"url\":\"https:\\\/\\\/minaccessorie.com\\\/\",\"logo\":{\"@type\":\"ImageObject\",\"inLanguage\":\"en-CA\",\"@id\":\"https:\\\/\\\/minaccessorie.com\\\/#\\\/schema\\\/logo\\\/image\\\/\",\"url\":\"https:\\\/\\\/minaccessorie.com\\\/wp-content\\\/uploads\\\/2021\\\/04\\\/cropped-cropped-Logo-Minaccessorie-1.png\",\"contentUrl\":\"https:\\\/\\\/minaccessorie.com\\\/wp-content\\\/uploads\\\/2021\\\/04\\\/cropped-cropped-Logo-Minaccessorie-1.png\",\"width\":512,\"height\":511,\"caption\":\"minaccessorie\"},\"image\":{\"@id\":\"https:\\\/\\\/minaccessorie.com\\\/#\\\/schema\\\/logo\\\/image\\\/\"},\"sameAs\":[\"https:\\\/\\\/www.facebook.com\\\/minaaccessories.tn\",\"https:\\\/\\\/www.instagram.com\\\/minaccessorie\\\/\",\"https:\\\/\\\/www.pinterest.ca\\\/minaaccessoriesfromtunisia\\\/\",\"https:\\\/\\\/www.youtube.com\\\/channel\\\/UCn-CiGlAI6SmohIimHfDeVg\\\/featured\"]}]}<\/script>\n<!-- \/ Yoast SEO plugin. -->","yoast_head_json":{"title":"Collier AUR\u00c9LYA - minaccessorie","description":"Aur\u00e9lya, la touche de luxe qui fait toute la diff\u00e9rence. \u00c9l\u00e9gance pure et \u00e9clat subtil, le collier Aur\u00e9lya illumine chaque tenue avec finesse. Sa ligne d\u00e9licate de pierres scintillantes sur base dor\u00e9e \u00e9pouse parfaitement le cou pour un rendu chic et intemporel.Con\u00e7u en acier inoxydable r\u00e9sistant \u00e0 l\u2019eau, il allie beaut\u00e9 et durabilit\u00e9 au quotidien.","robots":{"index":"index","follow":"follow","max-snippet":"max-snippet:-1","max-image-preview":"max-image-preview:large","max-video-preview":"max-video-preview:-1"},"canonical":"https:\/\/minaccessorie.com\/en\/product\/collier-aurelya\/","og_locale":"en_US","og_type":"article","og_title":"Collier AUR\u00c9LYA - minaccessorie","og_description":"Aur\u00e9lya, la touche de luxe qui fait toute la diff\u00e9rence. \u00c9l\u00e9gance pure et \u00e9clat subtil, le collier Aur\u00e9lya illumine chaque tenue avec finesse. Sa ligne d\u00e9licate de pierres scintillantes sur base dor\u00e9e \u00e9pouse parfaitement le cou pour un rendu chic et intemporel.Con\u00e7u en acier inoxydable r\u00e9sistant \u00e0 l\u2019eau, il allie beaut\u00e9 et durabilit\u00e9 au quotidien.","og_url":"https:\/\/minaccessorie.com\/en\/product\/collier-aurelya\/","og_site_name":"minaccessorie","article_publisher":"https:\/\/www.facebook.com\/minaaccessories.tn","article_modified_time":"2026-04-27T04:43:12+00:00","og_image":[{"width":1086,"height":1448,"url":"https:\/\/minaccessorie.com\/wp-content\/uploads\/2026\/04\/aureliya-argent.png","type":"image\/png"}],"twitter_card":"summary_large_image","twitter_misc":{"Est. reading time":"1 minute"},"schema":{"@context":"https:\/\/schema.org","@graph":[{"@type":"WebPage","@id":"https:\/\/minaccessorie.com\/produit\/collier-aurelya\/","url":"https:\/\/minaccessorie.com\/produit\/collier-aurelya\/","name":"Collier AUR\u00c9LYA - minaccessorie","isPartOf":{"@id":"https:\/\/minaccessorie.com\/#website"},"primaryImageOfPage":{"@id":"https:\/\/minaccessorie.com\/produit\/collier-aurelya\/#primaryimage"},"image":{"@id":"https:\/\/minaccessorie.com\/produit\/collier-aurelya\/#primaryimage"},"thumbnailUrl":"https:\/\/minaccessorie.com\/wp-content\/uploads\/2026\/04\/aureliya-argent.png","datePublished":"2026-04-27T04:33:13+00:00","dateModified":"2026-04-27T04:43:12+00:00","description":"Aur\u00e9lya, la touche de luxe qui fait toute la diff\u00e9rence. \u00c9l\u00e9gance pure et \u00e9clat subtil, le collier Aur\u00e9lya illumine chaque tenue avec finesse. Sa ligne d\u00e9licate de pierres scintillantes sur base dor\u00e9e \u00e9pouse parfaitement le cou pour un rendu chic et intemporel.Con\u00e7u en acier inoxydable r\u00e9sistant \u00e0 l\u2019eau, il allie beaut\u00e9 et durabilit\u00e9 au quotidien.","breadcrumb":{"@id":"https:\/\/minaccessorie.com\/produit\/collier-aurelya\/#breadcrumb"},"inLanguage":"en-CA","potentialAction":[{"@type":"ReadAction","target":["https:\/\/minaccessorie.com\/produit\/collier-aurelya\/"]}]},{"@type":"ImageObject","inLanguage":"en-CA","@id":"https:\/\/minaccessorie.com\/produit\/collier-aurelya\/#primaryimage","url":"https:\/\/minaccessorie.com\/wp-content\/uploads\/2026\/04\/aureliya-argent.png","contentUrl":"https:\/\/minaccessorie.com\/wp-content\/uploads\/2026\/04\/aureliya-argent.png","width":1086,"height":1448},{"@type":"BreadcrumbList","@id":"https:\/\/minaccessorie.com\/produit\/collier-aurelya\/#breadcrumb","itemListElement":[{"@type":"ListItem","position":1,"name":"Accueil","item":"https:\/\/minaccessorie.com\/"},{"@type":"ListItem","position":2,"name":"Boutique","item":"https:\/\/minaccessorie.com\/boutique\/"},{"@type":"ListItem","position":3,"name":"Collier AUR\u00c9LYA"}]},{"@type":"WebSite","@id":"https:\/\/minaccessorie.com\/#website","url":"https:\/\/minaccessorie.com\/","name":"minaccessorie","description":"minaccessorie","publisher":{"@id":"https:\/\/minaccessorie.com\/#organization"},"potentialAction":[{"@type":"SearchAction","target":{"@type":"EntryPoint","urlTemplate":"https:\/\/minaccessorie.com\/?s={search_term_string}"},"query-input":{"@type":"PropertyValueSpecification","valueRequired":true,"valueName":"search_term_string"}}],"inLanguage":"en-CA"},{"@type":"Organization","@id":"https:\/\/minaccessorie.com\/#organization","name":"minaccessorie","url":"https:\/\/minaccessorie.com\/","logo":{"@type":"ImageObject","inLanguage":"en-CA","@id":"https:\/\/minaccessorie.com\/#\/schema\/logo\/image\/","url":"https:\/\/minaccessorie.com\/wp-content\/uploads\/2021\/04\/cropped-cropped-Logo-Minaccessorie-1.png","contentUrl":"https:\/\/minaccessorie.com\/wp-content\/uploads\/2021\/04\/cropped-cropped-Logo-Minaccessorie-1.png","width":512,"height":511,"caption":"minaccessorie"},"image":{"@id":"https:\/\/minaccessorie.com\/#\/schema\/logo\/image\/"},"sameAs":["https:\/\/www.facebook.com\/minaaccessories.tn","https:\/\/www.instagram.com\/minaccessorie\/","https:\/\/www.pinterest.ca\/minaaccessoriesfromtunisia\/","https:\/\/www.youtube.com\/channel\/UCn-CiGlAI6SmohIimHfDeVg\/featured"]}]}},"_links":{"self":[{"href":"https:\/\/minaccessorie.com\/en\/wp-json\/wp\/v2\/product\/1695","targetHints":{"allow":["GET"]}}],"collection":[{"href":"https:\/\/minaccessorie.com\/en\/wp-json\/wp\/v2\/product"}],"about":[{"href":"https:\/\/minaccessorie.com\/en\/wp-json\/wp\/v2\/types\/product"}],"replies":[{"embeddable":true,"href":"https:\/\/minaccessorie.com\/en\/wp-json\/wp\/v2\/comments?post=1695"}],"wp:featuredmedia":[{"embeddable":true,"href":"https:\/\/minaccessorie.com\/en\/wp-json\/wp\/v2\/media\/1698"}],"wp:attachment":[{"href":"https:\/\/minaccessorie.com\/en\/wp-json\/wp\/v2\/media?parent=1695"}],"wp:term":[{"taxonomy":"product_brand","embeddable":true,"href":"https:\/\/minaccessorie.com\/en\/wp-json\/wp\/v2\/product_brand?post=1695"},{"taxonomy":"product_cat","embeddable":true,"href":"https:\/\/minaccessorie.com\/en\/wp-json\/wp\/v2\/product_cat?post=1695"},{"taxonomy":"product_tag","embeddable":true,"href":"https:\/\/minaccessorie.com\/en\/wp-json\/wp\/v2\/product_tag?post=1695"}],"curies":[{"name":"wp","href":"https:\/\/api.w.org\/{rel}","templated":true}]}}